{"id":18500,"date":"2024-12-04T11:22:07","date_gmt":"2024-12-04T10:22:07","guid":{"rendered":"https:\/\/mes-pochoirs.com\/?post_type=product&#038;p=18500"},"modified":"2025-10-31T12:20:17","modified_gmt":"2025-10-31T11:20:17","slug":"schablone-malerei-motorrad-um0007","status":"publish","type":"product","link":"https:\/\/mes-pochoirs.com\/de\/produit\/pochoir-peinture-moto-um0007","title":{"rendered":"Schablone Motorrad - UM0007"},"content":{"rendered":"<h3>Schablone Motorradmalerei<\/h3>\n<h3>ein k\u00fchner mechanischer Stil<\/h3>\n<p>Die Schablone Motorradmalerei ist ein ideales k\u00fcnstlerisches Werkzeug f\u00fcr alle, die sich f\u00fcr Mechanik und Abenteuer begeistern. Die Schablone stellt ein Motorrad in einem abstrakten Stil dar und erinnert an die Energie, die Kraft und die Eleganz von Zweir\u00e4dern. Inspiriert von der Welt der Garagen und der Faszination f\u00fcr Bikes, also motorisierte Fahrzeuge, unterstreicht dieses Motiv den freien und k\u00fchnen Geist von Motorradfahrern. Ob Sie nun die mechanische Leistung feiern oder das Wesen der offenen Stra\u00dfe einfangen wollen, diese Schablone ist die perfekte Wahl f\u00fcr Werke, die Dynamik und zeitgen\u00f6ssische \u00c4sthetik vereinen.<\/p>\n<h3>Exklusives Design f\u00fcr einzigartige Kreationen<\/h3>\n<p>Als Teil unserer Kategorie Mechanisches Universum wurde diese Schablone sorgf\u00e4ltig entworfen, um den Bed\u00fcrfnissen von K\u00fcnstlern und Designern gerecht zu werden. Sie besteht aus robustem Kunststoff, ist wiederverwendbar und beidseitig verwendbar und bietet somit eine lange Haltbarkeit und au\u00dfergew\u00f6hnliche Vielseitigkeit. Die Schablone Motorradlackierung ist ideal f\u00fcr Wandmalereien, Gem\u00e4lde oder auch dekorative Objekte und verleiht Ihren Projekten einen mechanischen und modernen Touch. Ihr einzigartiges und exklusives Design, das von unserem Team entworfen wurde, eignet sich sowohl f\u00fcr abstrakte k\u00fcnstlerische Kreationen als auch f\u00fcr die Dekoration von Innenr\u00e4umen oder Werkst\u00e4tten. Sie ist in verschiedenen Gr\u00f6\u00dfen erh\u00e4ltlich und eignet sich f\u00fcr alle kreativen Formate, egal ob gro\u00df oder detailliert. Mit dieser Schablone k\u00f6nnen Sie Ihrer Kreativit\u00e4t freien Lauf lassen und Ihren Werken eine mechanische, stilisierte Signatur verleihen. Ein Muss f\u00fcr alle K\u00fcnstler und Motorradfans.<\/p>","protected":false},"excerpt":{"rendered":"<p>Motorrad-Malschablone, hohe Qualit\u00e4t und wiederverwendbar. Beidseitig verwendbar und perfekt f\u00fcr K\u00fcnstler, Deko und Malerei. Erh\u00e4ltlich in verschiedenen Formaten.<\/p>","protected":false},"featured_media":18514,"comment_status":"open","ping_status":"closed","template":"","meta":{"bwfblock_default_font":"","_kad_blocks_custom_css":"","_kad_blocks_head_custom_js":"","_kad_blocks_body_custom_js":"","_kad_blocks_footer_custom_js":"","_kadence_starter_templates_imported_post":false,"_kad_post_transparent":"default","_kad_post_title":"","_kad_post_layout":"default","_kad_post_sidebar_id":"","_kad_post_content_style":"default","_kad_post_vertical_padding":"default","_kad_post_feature":"","_kad_post_feature_position":"","_kad_post_header":false,"_kad_post_footer":false,"_kad_post_classname":""},"product_brand":[1415],"product_cat":[971,1714],"product_tag":[1000,973,816,976,972,712],"class_list":{"0":"post-18500","1":"product","2":"type-product","3":"status-publish","4":"has-post-thumbnail","6":"product_brand-mes-pochoirs","7":"product_cat-pochoirs-univers-mecanique","8":"product_cat-pochoirs-motos","9":"product_tag-becane","10":"product_tag-deux-roues","11":"product_tag-mecanique","12":"product_tag-motard","13":"product_tag-moto","14":"product_tag-sport","16":"first","17":"instock","18":"taxable","19":"shipping-taxable","20":"purchasable","21":"product-type-variable","22":"entry","23":"content-bg","24":"loop-entry"},"taxonomy_info":{"product_brand":[{"value":1415,"label":"Mes Pochoirs"}],"product_cat":[{"value":971,"label":"Univers M\u00e9canique"},{"value":1714,"label":"Motos"}],"product_tag":[{"value":1000,"label":"b\u00e9cane"},{"value":973,"label":"deux-roues"},{"value":816,"label":"m\u00e9canique"},{"value":976,"label":"motard"},{"value":972,"label":"Moto"},{"value":712,"label":"sport"}]},"featured_image_src_large":["https:\/\/mes-pochoirs.com\/wp-content\/uploads\/2024\/11\/UM0007-FR-pochoir-moto-7-10-copyright-mes-pochoirs-com--858x1030.jpg",858,1030,true],"author_info":[],"comment_info":1,"_links":{"self":[{"href":"https:\/\/mes-pochoirs.com\/de\/wp-json\/wp\/v2\/product\/18500","targetHints":{"allow":["GET"]}}],"collection":[{"href":"https:\/\/mes-pochoirs.com\/de\/wp-json\/wp\/v2\/product"}],"about":[{"href":"https:\/\/mes-pochoirs.com\/de\/wp-json\/wp\/v2\/types\/product"}],"replies":[{"embeddable":true,"href":"https:\/\/mes-pochoirs.com\/de\/wp-json\/wp\/v2\/comments?post=18500"}],"wp:featuredmedia":[{"embeddable":true,"href":"https:\/\/mes-pochoirs.com\/de\/wp-json\/wp\/v2\/media\/18514"}],"wp:attachment":[{"href":"https:\/\/mes-pochoirs.com\/de\/wp-json\/wp\/v2\/media?parent=18500"}],"wp:term":[{"taxonomy":"product_brand","embeddable":true,"href":"https:\/\/mes-pochoirs.com\/de\/wp-json\/wp\/v2\/product_brand?post=18500"},{"taxonomy":"product_cat","embeddable":true,"href":"https:\/\/mes-pochoirs.com\/de\/wp-json\/wp\/v2\/product_cat?post=18500"},{"taxonomy":"product_tag","embeddable":true,"href":"https:\/\/mes-pochoirs.com\/de\/wp-json\/wp\/v2\/product_tag?post=18500"}],"curies":[{"name":"wp","href":"https:\/\/api.w.org\/{rel}","templated":true}]}}