{"id":18639,"date":"2025-02-07T10:52:11","date_gmt":"2025-02-07T09:52:11","guid":{"rendered":"https:\/\/mes-pochoirs.com\/?post_type=product&#038;p=18639"},"modified":"2026-03-10T15:25:53","modified_gmt":"2026-03-10T14:25:53","slug":"schablone-astronaut-pop-art-pa0033","status":"publish","type":"product","link":"https:\/\/mes-pochoirs.com\/de\/produit\/pochoir-astronaute-pop-art-pa0033","title":{"rendered":"Pop Art Schablone Astronaut - PA0033"},"content":{"rendered":"<h2>Eine Reise jenseits der Erde<\/h2>\n<h3>Der Astronaut in Pop Art<\/h3>\n<p>Die <strong>Schablone Astronaut Pop Art<\/strong> ist ein auff\u00e4lliges Design, das den Geist der menschlichen Erforschung und Entdeckung einf\u00e4ngt. Diese exklusive Schablone zeigt einen Kosmonauten, ein Symbol f\u00fcr Mut, Ehrgeiz und den unerm\u00fcdlichen Wunsch, den Kosmos zu erforschen. Auf dieser Schablone tr\u00e4gt der Astronaut einen Raumanzug mit einem reflektierenden Helm, der sein Gesicht vollst\u00e4ndig verdeckt. Die minuti\u00f6sen Details des Raumanzugs mit seinen Falten und technischen Ausr\u00fcstungen verleihen dem Bild einen besonderen Reiz. <strong>realistische und immersive Wiedergabe<\/strong>die an die Erforschung des Weltraums und das Unbekannte erinnert. Zwischen der Erde und der Unendlichkeit des Universums schwebend, verk\u00f6rpert der Astronaut die Verbindung zwischen der Menschheit und den Geheimnissen des Weltraums. Ob Sie von der Wissenschaft des Kosmos fasziniert oder vom zeitlosen Ruf des Unbekannten inspiriert sind, diese Astronaut Pop Art-Schablone bietet eine einzigartige M\u00f6glichkeit, diese Themen auszudr\u00fccken. Sie verschmilzt Kunst und Wissenschaft und verwandelt den Astronauten in eine moderne Ikone der Erforschung, des Mutes und der Innovation.<\/p>\n<h3>Erstellen Sie kosmische und k\u00fchne Kunstwerke<\/h3>\n<p>Entwickelt f\u00fcr K\u00fcnstler, die ihren Kreationen eine Pop-Art-Energie und astronomische Inspiration einhauchen wollen, ist diese <strong>Schablone Astronaut Pop Art<\/strong> ist ideal f\u00fcr eine Vielzahl von Kunstprojekten. Ob Sie k\u00fchne Portr\u00e4ts oder pulsierende Wandgem\u00e4lde anfertigen oder Ihren Leinw\u00e4nden einen himmlischen Touch verleihen, diese vielseitige Schablone eignet sich f\u00fcr alle Techniken. Sie bietet eine einzigartige Mischung aus modernem Design und kosmischer Inspiration. Exklusiv von unserem Team erdacht und kreiert, ist diese <strong>Schablone Astronaut Pop Art<\/strong> l\u00e4dt dazu ein, die Themen Weltraum, die menschliche Verbindung zum Universum und die Sch\u00f6nheit des Unbekannten zu erforschen. Perfekt f\u00fcr Anf\u00e4nger und erfahrene K\u00fcnstler, wird es schnell zu einem wichtigen Werkzeug, um Ihre Werke mit einem Hauch von Astronomie zu bereichern. \ud83d\ude80\u2728<\/p>","protected":false},"excerpt":{"rendered":"<p>Pop Art Astronaut-Schablone, ideal f\u00fcr K\u00fcnstler. Wiederverwendbar, hohe Qualit\u00e4t, beidseitig verwendbar, verschiedene Gr\u00f6\u00dfen f\u00fcr einzigartige und inspirierende Kunstwerke.<\/p>","protected":false},"featured_media":18619,"comment_status":"open","ping_status":"closed","template":"","meta":{"bwfblock_default_font":"","_kad_blocks_custom_css":"","_kad_blocks_head_custom_js":"","_kad_blocks_body_custom_js":"","_kad_blocks_footer_custom_js":"","_kadence_starter_templates_imported_post":false,"_kad_post_transparent":"default","_kad_post_title":"","_kad_post_layout":"default","_kad_post_sidebar_id":"","_kad_post_content_style":"default","_kad_post_vertical_padding":"default","_kad_post_feature":"","_kad_post_feature_position":"","_kad_post_header":false,"_kad_post_footer":false,"_kad_post_classname":""},"product_brand":[1415],"product_cat":[332,36,2033],"product_tag":[391,990,637,724,392,722,505,390,723,721],"class_list":{"0":"post-18639","1":"product","2":"type-product","3":"status-publish","4":"has-post-thumbnail","6":"product_brand-mes-pochoirs","7":"product_cat-pochoirs-pop-art","8":"product_cat-pochoirs-portraits-visages","9":"product_cat-pochoirs-univers-spatial","10":"product_tag-astronaute","11":"product_tag-cosmonaute","12":"product_tag-cosmos","13":"product_tag-decouverte","14":"product_tag-espace","15":"product_tag-exploration","16":"product_tag-homme","17":"product_tag-portrait","18":"product_tag-science","19":"product_tag-univers","21":"first","22":"instock","23":"taxable","24":"shipping-taxable","25":"purchasable","26":"product-type-variable","27":"has-default-attributes","28":"entry","29":"content-bg","30":"loop-entry"},"taxonomy_info":{"product_brand":[{"value":1415,"label":"Mes Pochoirs"}],"product_cat":[{"value":332,"label":"Pop Art"},{"value":36,"label":"Portraits &amp; Visages"},{"value":2033,"label":"Univers Spatial"}],"product_tag":[{"value":391,"label":"astronaute"},{"value":990,"label":"cosmonaute"},{"value":637,"label":"cosmos"},{"value":724,"label":"d\u00e9couverte"},{"value":392,"label":"espace"},{"value":722,"label":"exploration"},{"value":505,"label":"homme"},{"value":390,"label":"portrait"},{"value":723,"label":"science"},{"value":721,"label":"univers"}]},"featured_image_src_large":["https:\/\/mes-pochoirs.com\/wp-content\/uploads\/2024\/11\/PA0033-FR-pochoir-astronaute-1-1-copyright-mes-pochoirs-com--858x1030.jpg",858,1030,true],"author_info":[],"comment_info":0,"_links":{"self":[{"href":"https:\/\/mes-pochoirs.com\/de\/wp-json\/wp\/v2\/product\/18639","targetHints":{"allow":["GET"]}}],"collection":[{"href":"https:\/\/mes-pochoirs.com\/de\/wp-json\/wp\/v2\/product"}],"about":[{"href":"https:\/\/mes-pochoirs.com\/de\/wp-json\/wp\/v2\/types\/product"}],"replies":[{"embeddable":true,"href":"https:\/\/mes-pochoirs.com\/de\/wp-json\/wp\/v2\/comments?post=18639"}],"wp:featuredmedia":[{"embeddable":true,"href":"https:\/\/mes-pochoirs.com\/de\/wp-json\/wp\/v2\/media\/18619"}],"wp:attachment":[{"href":"https:\/\/mes-pochoirs.com\/de\/wp-json\/wp\/v2\/media?parent=18639"}],"wp:term":[{"taxonomy":"product_brand","embeddable":true,"href":"https:\/\/mes-pochoirs.com\/de\/wp-json\/wp\/v2\/product_brand?post=18639"},{"taxonomy":"product_cat","embeddable":true,"href":"https:\/\/mes-pochoirs.com\/de\/wp-json\/wp\/v2\/product_cat?post=18639"},{"taxonomy":"product_tag","embeddable":true,"href":"https:\/\/mes-pochoirs.com\/de\/wp-json\/wp\/v2\/product_tag?post=18639"}],"curies":[{"name":"wp","href":"https:\/\/api.w.org\/{rel}","templated":true}]}}