{"id":18787,"date":"2024-12-05T14:31:36","date_gmt":"2024-12-05T13:31:36","guid":{"rendered":"https:\/\/mes-pochoirs.com\/?post_type=product&#038;p=18787"},"modified":"2025-10-31T12:20:37","modified_gmt":"2025-10-31T11:20:37","slug":"schablone-wand-parpaings-u0011","status":"publish","type":"product","link":"https:\/\/mes-pochoirs.com\/de\/produit\/pochoir-mur-parpaings-u0011","title":{"rendered":"Schablone Mur Parpaings - U0011"},"content":{"rendered":"<h2>Schablone Mauer Mauersteine<\/h2>\n<h3>Authentisches Design f\u00fcr einen realistischen Betoneffekt<\/h3>\n<p>Die Schablone Mur Parpaings ist das perfekte Werkzeug, um den rohen und industriellen Look einer Mauer aus Betonbl\u00f6cken nachzuempfinden. Inspiriert von der urbanen \u00c4sthetik und der Streetart-Kultur, k\u00f6nnen Sie mit dieser Schablone die Textur und die geometrischen Formen einer Mauer aus Betonsteinen pr\u00e4zise nachahmen. Dieses ikonische Motiv ist ideal, um Ihren Kreationen eine moderne, industrielle Atmosph\u00e4re zu verleihen. Es erinnert an die Solidit\u00e4t und Authentizit\u00e4t von unbehandeltem Beton und bietet gleichzeitig einen beeindruckenden visuellen Effekt. Mit seinem einzigartigen und exklusiven Design, das von unserem Expertenteam entworfen wurde, ist es so konzipiert, dass es sowohl Liebhaber urbaner Kunst als auch professionelle K\u00fcnstler anspricht, die auf der Suche nach einem realistischen und schlagkr\u00e4ftigen Finish sind.<\/p>\n<h3>Eine Einladung zur Kreativit\u00e4t im Street-Art-Stil<\/h3>\n<p>Verleihen Sie Ihren Kunstwerken einen urbanen Touch mit dieser Schablone, die sich perfekt in den urbanen Stil einf\u00fcgt. Egal, ob Sie ein Bild individuell gestalten, ein M\u00f6belst\u00fcck dekorieren oder eine Wand mit einer realistischen Nachahmung von Betonsteinen umgestalten m\u00f6chten, dieses Modell bietet unendlich viele M\u00f6glichkeiten. Es wurde f\u00fcr leidenschaftliche Street-Art-Fans entwickelt und eignet sich f\u00fcr verschiedene Medien und Techniken, wie Spr\u00fchfarbe, Pinsel oder sogar Spachtel. Diese Schablone eignet sich ideal f\u00fcr dekorative oder k\u00fcnstlerische Projekte und ist ein Highlight unserer Kollektion. Sie wurde speziell f\u00fcr Kreative entworfen, die das rohe Wesen urbaner Materialien einfangen m\u00f6chten. Lassen Sie Ihrer Fantasie freien Lauf und machen Sie die Schablone Mauersteine zum zentralen Element Ihrer n\u00e4chsten Kunstwerke, indem Sie gew\u00f6hnliche Oberfl\u00e4chen in Meisterwerke verwandeln, die von Beton und der Stadt inspiriert sind.<\/p>","protected":false},"excerpt":{"rendered":"<p>Schablone Mur Parpaings: Wiederverwendbare und beidseitig verwendbare Schablone. Ideal f\u00fcr Bilder, W\u00e4nde oder Dekorationen. In verschiedenen Gr\u00f6\u00dfen erh\u00e4ltlich.<\/p>","protected":false},"featured_media":18784,"comment_status":"open","ping_status":"closed","template":"","meta":{"bwfblock_default_font":"","_kad_blocks_custom_css":"","_kad_blocks_head_custom_js":"","_kad_blocks_body_custom_js":"","_kad_blocks_footer_custom_js":"","_kadence_starter_templates_imported_post":false,"_kad_post_transparent":"default","_kad_post_title":"","_kad_post_layout":"default","_kad_post_sidebar_id":"","_kad_post_content_style":"default","_kad_post_vertical_padding":"default","_kad_post_feature":"","_kad_post_feature_position":"","_kad_post_header":false,"_kad_post_footer":false,"_kad_post_classname":""},"product_brand":[1415],"product_cat":[273,328],"product_tag":[995,996,998,999,433,997,327],"class_list":{"0":"post-18787","1":"product","2":"type-product","3":"status-publish","4":"has-post-thumbnail","6":"product_brand-mes-pochoirs","7":"product_cat-pochoirs-urbains","8":"product_cat-pochoirs-street-art","9":"product_tag-beton","10":"product_tag-bloc-beton","11":"product_tag-effet-visuel","12":"product_tag-imitation","13":"product_tag-mur","14":"product_tag-parpaing","15":"product_tag-street-art","17":"first","18":"instock","19":"taxable","20":"shipping-taxable","21":"purchasable","22":"product-type-variable","23":"has-default-attributes","24":"entry","25":"content-bg","26":"loop-entry"},"taxonomy_info":{"product_brand":[{"value":1415,"label":"Mes Pochoirs"}],"product_cat":[{"value":273,"label":"Urbains"},{"value":328,"label":"Street Art"}],"product_tag":[{"value":995,"label":"b\u00e9ton"},{"value":996,"label":"bloc b\u00e9ton"},{"value":998,"label":"effet visuel"},{"value":999,"label":"imitation"},{"value":433,"label":"mur"},{"value":997,"label":"parpaing"},{"value":327,"label":"street art"}]},"featured_image_src_large":["https:\/\/mes-pochoirs.com\/wp-content\/uploads\/2024\/12\/U0011-FR-pochoir-mur-parpaings-1-1-copyright-mes-pochoirs-com--858x1030.jpg",858,1030,true],"author_info":[],"comment_info":0,"_links":{"self":[{"href":"https:\/\/mes-pochoirs.com\/de\/wp-json\/wp\/v2\/product\/18787","targetHints":{"allow":["GET"]}}],"collection":[{"href":"https:\/\/mes-pochoirs.com\/de\/wp-json\/wp\/v2\/product"}],"about":[{"href":"https:\/\/mes-pochoirs.com\/de\/wp-json\/wp\/v2\/types\/product"}],"replies":[{"embeddable":true,"href":"https:\/\/mes-pochoirs.com\/de\/wp-json\/wp\/v2\/comments?post=18787"}],"wp:featuredmedia":[{"embeddable":true,"href":"https:\/\/mes-pochoirs.com\/de\/wp-json\/wp\/v2\/media\/18784"}],"wp:attachment":[{"href":"https:\/\/mes-pochoirs.com\/de\/wp-json\/wp\/v2\/media?parent=18787"}],"wp:term":[{"taxonomy":"product_brand","embeddable":true,"href":"https:\/\/mes-pochoirs.com\/de\/wp-json\/wp\/v2\/product_brand?post=18787"},{"taxonomy":"product_cat","embeddable":true,"href":"https:\/\/mes-pochoirs.com\/de\/wp-json\/wp\/v2\/product_cat?post=18787"},{"taxonomy":"product_tag","embeddable":true,"href":"https:\/\/mes-pochoirs.com\/de\/wp-json\/wp\/v2\/product_tag?post=18787"}],"curies":[{"name":"wp","href":"https:\/\/api.w.org\/{rel}","templated":true}]}}