{"id":18796,"date":"2024-12-05T14:50:11","date_gmt":"2024-12-05T13:50:11","guid":{"rendered":"https:\/\/mes-pochoirs.com\/?post_type=product&#038;p=18796"},"modified":"2025-10-31T12:20:39","modified_gmt":"2025-10-31T11:20:39","slug":"schablone-wand-betonblocke-u0012","status":"publish","type":"product","link":"https:\/\/mes-pochoirs.com\/de\/produit\/pochoir-mur-blocs-beton-u0012","title":{"rendered":"Schablone Mauer Betonbl\u00f6cke - U0012"},"content":{"rendered":"<h2>Schablone Wand Betonbl\u00f6cke<\/h2>\n<h3>Ein Eintauchen in die raue Welt des Betons<\/h3>\n<p>Die Schablone Mur Blocs B\u00e9ton ist das ideale Accessoire, um das authentische, strukturierte Aussehen einer Mauer aus Betonbl\u00f6cken nachzuempfinden. Diese Schablone ist von der urbanen \u00c4sthetik und der Streetart-Kultur inspiriert und bietet eine pr\u00e4zise und realistische Nachahmung von Betonbl\u00f6cken. Es eignet sich perfekt f\u00fcr einen rohen, industriellen visuellen Effekt und erinnert an die Robustheit und Authentizit\u00e4t von Baumaterialien, w\u00e4hrend es gleichzeitig einen einzigartigen k\u00fcnstlerischen Touch verleiht. Diese von unserem Designerteam sorgf\u00e4ltig entworfene Schablone mit ihrem exklusiven Design garantiert eine genaue Wiedergabe der geometrischen Linien und der Textur einer Mauer aus Betonsteinen. Ob f\u00fcr k\u00fcnstlerische, dekorative oder professionelle Projekte, sie verwandelt jede Oberfl\u00e4che in ein Kunstwerk, das von der Stadt und dem Beton inspiriert ist.<\/p>\n<h3>Entfesseln Sie Ihre Kreativit\u00e4t mit einem Streetart-Stil<\/h3>\n<p>Bringen Sie Ihre Leidenschaft f\u00fcr urbane Kunst mit der Schablone Mur Blocs B\u00e9ton zum Ausdruck, die speziell f\u00fcr K\u00fcnstler auf der Suche nach einzigartigen Motiven entworfen wurde. Dieses Modell ist ein Muss, um Ihre Bilder, Fresken oder W\u00e4nde mit einem industriellen und zeitgen\u00f6ssischen Touch zu personalisieren. Dank seiner Vielseitigkeit eignet es sich f\u00fcr eine Vielzahl von Untergr\u00fcnden und Techniken, wie z. B. Spr\u00fchfarbe, Acrylfarbe oder sogar Rollentextur. Es eignet sich ideal f\u00fcr die Gestaltung von originellen Hintergr\u00fcnden oder zur Bereicherung von Kunstkompositionen und ist auch eine ausgezeichnete Wahl f\u00fcr Streetart-Fans, die das rohe und visuelle Wesen von Betonbl\u00f6cken in ihre Kunstwerke integrieren m\u00f6chten. Schlie\u00dfen Sie sich unserer Kollektion an, die f\u00fcr mutige Kreative entworfen wurde, und schaffen Sie mit dieser Schablone mit ihrem robusten und fesselnden Design markante Werke.<\/p>","protected":false},"excerpt":{"rendered":"<p>Schablone Mauer Betonbl\u00f6cke: Hochwertiges, wiederverwendbares und beidseitig verwendbares Werkzeug. Ideal f\u00fcr Streetart-Kreationen und realistische Betoneffekte.<\/p>","protected":false},"featured_media":18785,"comment_status":"open","ping_status":"closed","template":"","meta":{"bwfblock_default_font":"","_kad_blocks_custom_css":"","_kad_blocks_head_custom_js":"","_kad_blocks_body_custom_js":"","_kad_blocks_footer_custom_js":"","_kadence_starter_templates_imported_post":false,"_kad_post_transparent":"default","_kad_post_title":"","_kad_post_layout":"default","_kad_post_sidebar_id":"","_kad_post_content_style":"default","_kad_post_vertical_padding":"default","_kad_post_feature":"","_kad_post_feature_position":"","_kad_post_header":false,"_kad_post_footer":false,"_kad_post_classname":""},"product_brand":[1415],"product_cat":[273,328],"product_tag":[995,996,998,999,1001,433,997,327],"class_list":{"0":"post-18796","1":"product","2":"type-product","3":"status-publish","4":"has-post-thumbnail","6":"product_brand-mes-pochoirs","7":"product_cat-pochoirs-urbains","8":"product_cat-pochoirs-street-art","9":"product_tag-beton","10":"product_tag-bloc-beton","11":"product_tag-effet-visuel","12":"product_tag-imitation","13":"product_tag-industriel","14":"product_tag-mur","15":"product_tag-parpaing","16":"product_tag-street-art","18":"first","19":"instock","20":"taxable","21":"shipping-taxable","22":"purchasable","23":"product-type-variable","24":"has-default-attributes","25":"entry","26":"content-bg","27":"loop-entry"},"taxonomy_info":{"product_brand":[{"value":1415,"label":"Mes Pochoirs"}],"product_cat":[{"value":273,"label":"Urbains"},{"value":328,"label":"Street Art"}],"product_tag":[{"value":995,"label":"b\u00e9ton"},{"value":996,"label":"bloc b\u00e9ton"},{"value":998,"label":"effet visuel"},{"value":999,"label":"imitation"},{"value":1001,"label":"industriel"},{"value":433,"label":"mur"},{"value":997,"label":"parpaing"},{"value":327,"label":"street art"}]},"featured_image_src_large":["https:\/\/mes-pochoirs.com\/wp-content\/uploads\/2024\/12\/U0012-FR-pochoir-mur-blocs-beton-1-1-copyright-mes-pochoirs-com--858x1030.jpg",858,1030,true],"author_info":[],"comment_info":0,"_links":{"self":[{"href":"https:\/\/mes-pochoirs.com\/de\/wp-json\/wp\/v2\/product\/18796","targetHints":{"allow":["GET"]}}],"collection":[{"href":"https:\/\/mes-pochoirs.com\/de\/wp-json\/wp\/v2\/product"}],"about":[{"href":"https:\/\/mes-pochoirs.com\/de\/wp-json\/wp\/v2\/types\/product"}],"replies":[{"embeddable":true,"href":"https:\/\/mes-pochoirs.com\/de\/wp-json\/wp\/v2\/comments?post=18796"}],"wp:featuredmedia":[{"embeddable":true,"href":"https:\/\/mes-pochoirs.com\/de\/wp-json\/wp\/v2\/media\/18785"}],"wp:attachment":[{"href":"https:\/\/mes-pochoirs.com\/de\/wp-json\/wp\/v2\/media?parent=18796"}],"wp:term":[{"taxonomy":"product_brand","embeddable":true,"href":"https:\/\/mes-pochoirs.com\/de\/wp-json\/wp\/v2\/product_brand?post=18796"},{"taxonomy":"product_cat","embeddable":true,"href":"https:\/\/mes-pochoirs.com\/de\/wp-json\/wp\/v2\/product_cat?post=18796"},{"taxonomy":"product_tag","embeddable":true,"href":"https:\/\/mes-pochoirs.com\/de\/wp-json\/wp\/v2\/product_tag?post=18796"}],"curies":[{"name":"wp","href":"https:\/\/api.w.org\/{rel}","templated":true}]}}