{"id":18802,"date":"2024-12-05T14:56:12","date_gmt":"2024-12-05T13:56:12","guid":{"rendered":"https:\/\/mes-pochoirs.com\/?post_type=product&#038;p=18802"},"modified":"2025-10-31T12:20:41","modified_gmt":"2025-10-31T11:20:41","slug":"schablone-imitation-wand-aus-blocksteinen-u0013","status":"publish","type":"product","link":"https:\/\/mes-pochoirs.com\/de\/produit\/pochoir-imitation-mur-parpaings-u0013","title":{"rendered":"Schablone Imitation Mur Parpaings - U0013"},"content":{"rendered":"<h2>Schablone Imitation Mur Parpaings<\/h2>\n<h3>Stellen Sie den rohen und industriellen Effekt einer Blocksteinmauer wieder her<\/h3>\n<p>Die Schablone \"Parpaings Wall Imitation\" ist das perfekte Werkzeug, um das authentische Aussehen einer Mauer aus Betonbl\u00f6cken realistisch nachzubilden. Diese Schablone ist von der urbanen Welt und der Street Art inspiriert und bietet eine naturgetreue Nachahmung von Betonbl\u00f6cken, die ideal ist, um Ihren Kreationen einen rohen und industriellen visuellen Effekt zu verleihen. Dieses exklusive Design, das von unserem Expertenteam entworfen wurde, f\u00e4ngt die geometrische und strukturierte \u00c4sthetik der Baustoffe ein und erleichtert ihre Integration in k\u00fcnstlerische oder dekorative Werke. Dieses Schablonenmuster verk\u00f6rpert die Robustheit und Authentizit\u00e4t einer betonierten Wand und verleiht Ihren Oberfl\u00e4chen einen modernen und eindrucksvollen Touch.<\/p>\n<h3>Unendlich viele M\u00f6glichkeiten f\u00fcr Ihre urbanen Kreationen<\/h3>\n<p>Die f\u00fcr K\u00fcnstler und Streetart-Liebhaber entworfene Schablone Mauerimitation Parpaings ist eine unumg\u00e4ngliche Wahl, um Ihren Werken eine pers\u00f6nliche Note zu verleihen. Egal, ob Sie ein Gem\u00e4lde bereichern, eine Wand dekorieren oder ein M\u00f6belst\u00fcck umgestalten m\u00f6chten, diese Schablone eignet sich perfekt f\u00fcr verschiedene Techniken wie Spr\u00fchfarbe, Acrylfarbe oder Texturen mit der Rolle. Sie ist vielseitig und einfach zu verwenden und eignet sich f\u00fcr alle Arten von Projekten, ob dekorativ oder k\u00fcnstlerisch. Mit diesem wiederverwendbaren Modell, das in verschiedenen Gr\u00f6\u00dfen erh\u00e4ltlich ist, k\u00f6nnen Sie Ihrer Kreativit\u00e4t freien Lauf lassen und gleichzeitig Ihren Werken einen urbanen Touch verleihen. Nehmen Sie dieses einzigartige Werkzeug in Ihre Sammlung auf und erwecken Sie Werke zum Leben, die von der Energie und dem rauen Stil der Stadt gepr\u00e4gt sind.<\/p>","protected":false},"excerpt":{"rendered":"<p>Realistische und wiederverwendbare Schablone zur Nachahmung der Mauer aus Quadersteinen. Unsere Vorlagen sind beidseitig verwendbar und in verschiedenen Gr\u00f6\u00dfen f\u00fcr Ihre Kunstprojekte erh\u00e4ltlich.<\/p>","protected":false},"featured_media":18786,"comment_status":"open","ping_status":"closed","template":"","meta":{"bwfblock_default_font":"","_kad_blocks_custom_css":"","_kad_blocks_head_custom_js":"","_kad_blocks_body_custom_js":"","_kad_blocks_footer_custom_js":"","_kadence_starter_templates_imported_post":false,"_kad_post_transparent":"default","_kad_post_title":"","_kad_post_layout":"default","_kad_post_sidebar_id":"","_kad_post_content_style":"default","_kad_post_vertical_padding":"default","_kad_post_feature":"","_kad_post_feature_position":"","_kad_post_header":false,"_kad_post_footer":false,"_kad_post_classname":""},"product_brand":[1415],"product_cat":[273,328],"product_tag":[995,996,998,999,433,997,327],"class_list":{"0":"post-18802","1":"product","2":"type-product","3":"status-publish","4":"has-post-thumbnail","6":"product_brand-mes-pochoirs","7":"product_cat-pochoirs-urbains","8":"product_cat-pochoirs-street-art","9":"product_tag-beton","10":"product_tag-bloc-beton","11":"product_tag-effet-visuel","12":"product_tag-imitation","13":"product_tag-mur","14":"product_tag-parpaing","15":"product_tag-street-art","17":"first","18":"instock","19":"taxable","20":"shipping-taxable","21":"purchasable","22":"product-type-variable","23":"has-default-attributes","24":"entry","25":"content-bg","26":"loop-entry"},"taxonomy_info":{"product_brand":[{"value":1415,"label":"Mes Pochoirs"}],"product_cat":[{"value":273,"label":"Urbains"},{"value":328,"label":"Street Art"}],"product_tag":[{"value":995,"label":"b\u00e9ton"},{"value":996,"label":"bloc b\u00e9ton"},{"value":998,"label":"effet visuel"},{"value":999,"label":"imitation"},{"value":433,"label":"mur"},{"value":997,"label":"parpaing"},{"value":327,"label":"street art"}]},"featured_image_src_large":["https:\/\/mes-pochoirs.com\/wp-content\/uploads\/2024\/12\/U0013-FR-pochoir-imitation-mur-parpaings-1-1-copyright-mes-pochoirs-com--858x1030.jpg",858,1030,true],"author_info":[],"comment_info":0,"_links":{"self":[{"href":"https:\/\/mes-pochoirs.com\/de\/wp-json\/wp\/v2\/product\/18802","targetHints":{"allow":["GET"]}}],"collection":[{"href":"https:\/\/mes-pochoirs.com\/de\/wp-json\/wp\/v2\/product"}],"about":[{"href":"https:\/\/mes-pochoirs.com\/de\/wp-json\/wp\/v2\/types\/product"}],"replies":[{"embeddable":true,"href":"https:\/\/mes-pochoirs.com\/de\/wp-json\/wp\/v2\/comments?post=18802"}],"wp:featuredmedia":[{"embeddable":true,"href":"https:\/\/mes-pochoirs.com\/de\/wp-json\/wp\/v2\/media\/18786"}],"wp:attachment":[{"href":"https:\/\/mes-pochoirs.com\/de\/wp-json\/wp\/v2\/media?parent=18802"}],"wp:term":[{"taxonomy":"product_brand","embeddable":true,"href":"https:\/\/mes-pochoirs.com\/de\/wp-json\/wp\/v2\/product_brand?post=18802"},{"taxonomy":"product_cat","embeddable":true,"href":"https:\/\/mes-pochoirs.com\/de\/wp-json\/wp\/v2\/product_cat?post=18802"},{"taxonomy":"product_tag","embeddable":true,"href":"https:\/\/mes-pochoirs.com\/de\/wp-json\/wp\/v2\/product_tag?post=18802"}],"curies":[{"name":"wp","href":"https:\/\/api.w.org\/{rel}","templated":true}]}}