{"id":18933,"date":"2024-12-26T10:00:53","date_gmt":"2024-12-26T09:00:53","guid":{"rendered":"https:\/\/mes-pochoirs.com\/?post_type=product&#038;p=18933"},"modified":"2025-10-31T12:21:53","modified_gmt":"2025-10-31T11:21:53","slug":"schablone-portrait-frau-gaming-pv0001","status":"publish","type":"product","link":"https:\/\/mes-pochoirs.com\/de\/produit\/pochoir-portrait-femme-gaming-pv0001","title":{"rendered":"Schablone Portr\u00e4t Frau Gaming - PV0001"},"content":{"rendered":"<h2>Schablone Portr\u00e4t Frau Gaming\u00a0<\/h2>\n<h3>Die Essenz des Spiels und des urbanen Stils<\/h3>\n<p>Tauchen Sie mit unserer Schablone Portr\u00e4t Frau Gaming in die fesselnde Welt des Gaming und der Street Art ein. Dieses exklusive Design zeigt eine Frau mit einer Kappe im Gaming-Stil, die zur Seite gedreht ist und eine dynamische Energie und Leidenschaft f\u00fcr Videospiele suggeriert. Inspiriert von Pop Art und Street Art verk\u00f6rpert diese Schablone eine vibrierende, urbane Atmosph\u00e4re. Diese Schablone ist ideal f\u00fcr Hobbyk\u00fcnstler und erfahrene K\u00fcnstler. Sie verbindet Modernit\u00e4t und Originalit\u00e4t und verleiht Ihren Kreationen eine einzigartige Note. Mit Schl\u00fcsselelementen wie dem Portr\u00e4t, der Frau, der M\u00fctze und der Welt des Gaming ist diese Schablone perfekt, um eine zeitgen\u00f6ssische und immersive \u00c4sthetik auszudr\u00fccken.<\/p>\n<h3>Ein vielseitiges Werkzeug f\u00fcr au\u00dfergew\u00f6hnliche k\u00fcnstlerische Kreationen<\/h3>\n<p>Unsere Schablone Portr\u00e4t Frau Gaming ist mehr als nur ein Werkzeug: Sie ist eine Einladung, Ihrer Kreativit\u00e4t freien Lauf zu lassen. Egal, ob Sie sich f\u00fcr Pop Art oder Street Art begeistern, diese Schablone garantiert eine unvergleichliche Pr\u00e4zision und perfekte Reproduzierbarkeit f\u00fcr beeindruckende Werke. Die Schablone ist einfach zu verwenden, erm\u00f6glicht eine schnelle Ausf\u00fchrung und sorgt gleichzeitig f\u00fcr einen starken visuellen Eindruck. Gestalten Sie auf verschiedenen Oberfl\u00e4chen wie W\u00e4nden, Leinw\u00e4nden, Textilien oder M\u00f6beln und verwandeln Sie Ihre Projekte in wahre Meisterwerke. Dieses exklusive Design wurde von unserem Team entworfen und bietet einen einzigartigen k\u00fcnstlerischen Zugang, sodass jeder seine Ideen mit einem professionellen Ergebnis zum Leben erwecken kann. Lassen Sie sich von dieser einzigartigen Schablone inspirieren und bringen Sie Ihre Kreationen auf die n\u00e4chste Stufe.<\/p>","protected":false},"excerpt":{"rendered":"<p>Schablone Portr\u00e4t Frau Gaming: vibrierende Pop Art. Wiederverwendbar, pr\u00e4zise, beidseitig verwendbar und in verschiedenen Gr\u00f6\u00dfen erh\u00e4ltlich. Erwecken Sie Ihre k\u00fcnstlerischen Ideen zum Leben.<\/p>","protected":false},"featured_media":18931,"comment_status":"open","ping_status":"closed","template":"","meta":{"bwfblock_default_font":"","_kad_blocks_custom_css":"","_kad_blocks_head_custom_js":"","_kad_blocks_body_custom_js":"","_kad_blocks_footer_custom_js":"","_kadence_starter_templates_imported_post":false,"_kad_post_transparent":"default","_kad_post_title":"","_kad_post_layout":"default","_kad_post_sidebar_id":"","_kad_post_content_style":"default","_kad_post_vertical_padding":"default","_kad_post_feature":"","_kad_post_feature_position":"","_kad_post_header":false,"_kad_post_footer":false,"_kad_post_classname":""},"product_brand":[1415],"product_cat":[36,332,328,273],"product_tag":[1005,359,1002,1004,1003,390],"class_list":{"0":"post-18933","1":"product","2":"type-product","3":"status-publish","4":"has-post-thumbnail","6":"product_brand-mes-pochoirs","7":"product_cat-pochoirs-portraits-visages","8":"product_cat-pochoirs-pop-art","9":"product_cat-pochoirs-street-art","10":"product_cat-pochoirs-urbains","11":"product_tag-casquette","12":"product_tag-femme","13":"product_tag-gaming","14":"product_tag-gg","15":"product_tag-jeux-videos","16":"product_tag-portrait","18":"first","19":"instock","20":"taxable","21":"shipping-taxable","22":"purchasable","23":"product-type-variable","24":"has-default-attributes","25":"entry","26":"content-bg","27":"loop-entry"},"taxonomy_info":{"product_brand":[{"value":1415,"label":"Mes Pochoirs"}],"product_cat":[{"value":36,"label":"Portraits &amp; Visages"},{"value":332,"label":"Pop Art"},{"value":328,"label":"Street Art"},{"value":273,"label":"Urbains"}],"product_tag":[{"value":1005,"label":"casquette"},{"value":359,"label":"femme"},{"value":1002,"label":"gaming"},{"value":1004,"label":"GG"},{"value":1003,"label":"jeux vid\u00e9os"},{"value":390,"label":"portrait"}]},"featured_image_src_large":["https:\/\/mes-pochoirs.com\/wp-content\/uploads\/2024\/12\/PV0001-mes-pochoirs-com-858x1030.jpg",858,1030,true],"author_info":[],"comment_info":3,"_links":{"self":[{"href":"https:\/\/mes-pochoirs.com\/de\/wp-json\/wp\/v2\/product\/18933","targetHints":{"allow":["GET"]}}],"collection":[{"href":"https:\/\/mes-pochoirs.com\/de\/wp-json\/wp\/v2\/product"}],"about":[{"href":"https:\/\/mes-pochoirs.com\/de\/wp-json\/wp\/v2\/types\/product"}],"replies":[{"embeddable":true,"href":"https:\/\/mes-pochoirs.com\/de\/wp-json\/wp\/v2\/comments?post=18933"}],"wp:featuredmedia":[{"embeddable":true,"href":"https:\/\/mes-pochoirs.com\/de\/wp-json\/wp\/v2\/media\/18931"}],"wp:attachment":[{"href":"https:\/\/mes-pochoirs.com\/de\/wp-json\/wp\/v2\/media?parent=18933"}],"wp:term":[{"taxonomy":"product_brand","embeddable":true,"href":"https:\/\/mes-pochoirs.com\/de\/wp-json\/wp\/v2\/product_brand?post=18933"},{"taxonomy":"product_cat","embeddable":true,"href":"https:\/\/mes-pochoirs.com\/de\/wp-json\/wp\/v2\/product_cat?post=18933"},{"taxonomy":"product_tag","embeddable":true,"href":"https:\/\/mes-pochoirs.com\/de\/wp-json\/wp\/v2\/product_tag?post=18933"}],"curies":[{"name":"wp","href":"https:\/\/api.w.org\/{rel}","templated":true}]}}