{"id":18956,"date":"2024-12-26T10:29:16","date_gmt":"2024-12-26T09:29:16","guid":{"rendered":"https:\/\/mes-pochoirs.com\/?post_type=product&#038;p=18956"},"modified":"2025-10-31T12:21:58","modified_gmt":"2025-10-31T11:21:58","slug":"schablone-portrait-frau-brille-pv0003","status":"publish","type":"product","link":"https:\/\/mes-pochoirs.com\/de\/produit\/pochoir-portrait-femme-lunettes-pv0003","title":{"rendered":"Schablone Portr\u00e4t Frau Brille - PV0003"},"content":{"rendered":"<h2>Schablone Portr\u00e4t Frau Brille\u00a0<\/h2>\n<h3>Ein moderner, k\u00fchner Stil<\/h3>\n<p>Die Schablone Portr\u00e4t Frau Brille f\u00e4ngt die Eleganz und Energie einer jungen Frau mit Brille ein und verk\u00f6rpert eine zeitgen\u00f6ssische und dynamische \u00c4sthetik. Das einzigartige Design betont Modernit\u00e4t und Kultiviertheit und eignet sich perfekt f\u00fcr Kunstwerke, die einen pulsierenden, urbanen Stil widerspiegeln. Inspiriert von Pop Art und Street Art kombiniert diese Schablone pr\u00e4zise Linien und k\u00fchne Formen, um eine dynamische und fesselnde Atmosph\u00e4re zu bieten. Diese Schablone ist ideal f\u00fcr K\u00fcnstler, die moderne Kunstwerke schaffen m\u00f6chten, und ein wichtiges Werkzeug, um Ihren Kreationen einen charakteristischen und frischen Touch zu verleihen.<\/p>\n<h3>Ein kreatives Werkzeug f\u00fcr bemerkenswerte Ergebnisse<\/h3>\n<p>Die Schablone Portr\u00e4t Frau Brille wurde entwickelt, um eine un\u00fcbertroffene Pr\u00e4zision und schnelle Ausf\u00fchrung auch f\u00fcr unerfahrene K\u00fcnstler zu erm\u00f6glichen. Sie ist wiederverwendbar und beidseitig verwendbar und erm\u00f6glicht es, au\u00dfergew\u00f6hnliche Kreationen mit Leichtigkeit auf einer Vielzahl von Oberfl\u00e4chen wie W\u00e4nden, Leinw\u00e4nden, Textilien oder M\u00f6beln zu reproduzieren. Dieses exklusive Modell, das von unserem Team erdacht wurde, garantiert durchschlagende Ergebnisse und eine starke visuelle Wirkung. Dank seiner makellosen Qualit\u00e4t und seiner einfachen Handhabung bietet er einen k\u00fcnstlerischen Zugang, der sowohl f\u00fcr Amateure als auch f\u00fcr erfahrene K\u00fcnstler geeignet ist. Erwecken Sie Ihre Projekte mit dieser einzigartigen Schablone zum Leben und bringen Sie Ihre Kreativit\u00e4t durch moderne und unvergessliche Werke zum Ausdruck.<\/p>","protected":false},"excerpt":{"rendered":"<p>Schablone Portr\u00e4t Frau Brille: Erstellen Sie moderne Kunstwerke mit dieser hochwertigen, wiederverwendbaren, beidseitig verwendbaren Schablone, die in verschiedenen Gr\u00f6\u00dfen erh\u00e4ltlich ist.<\/p>","protected":false},"featured_media":18943,"comment_status":"open","ping_status":"closed","template":"","meta":{"bwfblock_default_font":"","_kad_blocks_custom_css":"","_kad_blocks_head_custom_js":"","_kad_blocks_body_custom_js":"","_kad_blocks_footer_custom_js":"","_kadence_starter_templates_imported_post":false,"_kad_post_transparent":"default","_kad_post_title":"","_kad_post_layout":"default","_kad_post_sidebar_id":"","_kad_post_content_style":"default","_kad_post_vertical_padding":"default","_kad_post_feature":"","_kad_post_feature_position":"","_kad_post_header":false,"_kad_post_footer":false,"_kad_post_classname":""},"product_brand":[1415],"product_cat":[36,332],"product_tag":[359,430,675,333,390],"class_list":{"0":"post-18956","1":"product","2":"type-product","3":"status-publish","4":"has-post-thumbnail","6":"product_brand-mes-pochoirs","7":"product_cat-pochoirs-portraits-visages","8":"product_cat-pochoirs-pop-art","9":"product_tag-femme","10":"product_tag-lunettes","11":"product_tag-moderne","12":"product_tag-pop-art","13":"product_tag-portrait","15":"first","16":"instock","17":"taxable","18":"shipping-taxable","19":"purchasable","20":"product-type-variable","21":"entry","22":"content-bg","23":"loop-entry"},"taxonomy_info":{"product_brand":[{"value":1415,"label":"Mes Pochoirs"}],"product_cat":[{"value":36,"label":"Portraits &amp; Visages"},{"value":332,"label":"Pop Art"}],"product_tag":[{"value":359,"label":"femme"},{"value":430,"label":"lunettes"},{"value":675,"label":"moderne"},{"value":333,"label":"pop art"},{"value":390,"label":"portrait"}]},"featured_image_src_large":["https:\/\/mes-pochoirs.com\/wp-content\/uploads\/2024\/12\/PV0003-mes-pochoirs-com-858x1030.jpg",858,1030,true],"author_info":[],"comment_info":0,"_links":{"self":[{"href":"https:\/\/mes-pochoirs.com\/de\/wp-json\/wp\/v2\/product\/18956","targetHints":{"allow":["GET"]}}],"collection":[{"href":"https:\/\/mes-pochoirs.com\/de\/wp-json\/wp\/v2\/product"}],"about":[{"href":"https:\/\/mes-pochoirs.com\/de\/wp-json\/wp\/v2\/types\/product"}],"replies":[{"embeddable":true,"href":"https:\/\/mes-pochoirs.com\/de\/wp-json\/wp\/v2\/comments?post=18956"}],"wp:featuredmedia":[{"embeddable":true,"href":"https:\/\/mes-pochoirs.com\/de\/wp-json\/wp\/v2\/media\/18943"}],"wp:attachment":[{"href":"https:\/\/mes-pochoirs.com\/de\/wp-json\/wp\/v2\/media?parent=18956"}],"wp:term":[{"taxonomy":"product_brand","embeddable":true,"href":"https:\/\/mes-pochoirs.com\/de\/wp-json\/wp\/v2\/product_brand?post=18956"},{"taxonomy":"product_cat","embeddable":true,"href":"https:\/\/mes-pochoirs.com\/de\/wp-json\/wp\/v2\/product_cat?post=18956"},{"taxonomy":"product_tag","embeddable":true,"href":"https:\/\/mes-pochoirs.com\/de\/wp-json\/wp\/v2\/product_tag?post=18956"}],"curies":[{"name":"wp","href":"https:\/\/api.w.org\/{rel}","templated":true}]}}