{"id":18974,"date":"2024-12-26T10:40:05","date_gmt":"2024-12-26T09:40:05","guid":{"rendered":"https:\/\/mes-pochoirs.com\/?post_type=product&#038;p=18974"},"modified":"2025-10-31T12:22:00","modified_gmt":"2025-10-31T11:22:00","slug":"schablone-portrait-frau-pop-art-pv0004","status":"publish","type":"product","link":"https:\/\/mes-pochoirs.com\/de\/produit\/pochoir-portrait-femme-pop-art-pv0004","title":{"rendered":"Schablone Portr\u00e4t Frau Pop-Art - PV0004"},"content":{"rendered":"<h2>Schablone Portr\u00e4t Frau Pop-Art<\/h2>\n<h3>Ein moderner, vibrierender Touch<\/h3>\n<p>Die Schablone Portr\u00e4t Frau Pop-Art verk\u00f6rpert die Essenz des Pop-Art-Stils mit einer einzigartigen und fesselnden Darstellung einer jungen Frau mit Sonnenbrille. Dieses k\u00fchne und dynamische Design f\u00e4ngt die moderne Energie ein und passt perfekt zu Kreationen, die zeitgen\u00f6ssische \u00c4sthetik und \u00fcbersch\u00e4umende Kreativit\u00e4t vereinen. Inspiriert von der Welt der Pop-Art, kombiniert diese Schablone ikonische Elemente wie das Portr\u00e4t, die Brille und einen vibrierenden grafischen Stil. Sie ist ideal f\u00fcr K\u00fcnstler, die moderne und eindrucksvolle Werke zum Leben erwecken m\u00f6chten.<\/p>\n<h3>Ein kreatives Werkzeug f\u00fcr professionelle und einzigartige Ergebnisse<\/h3>\n<p>Die Schablone Portr\u00e4t Frau Pop-Art wurde f\u00fcr K\u00fcnstler entworfen und bietet eine au\u00dfergew\u00f6hnliche Pr\u00e4zision, die eine schnelle und reproduzierbare Ausf\u00fchrung erm\u00f6glicht. Sie ist wiederverwendbar und reversibel und eignet sich f\u00fcr verschiedene Untergr\u00fcnde wie W\u00e4nde, Leinw\u00e4nde, Textilien oder auch personalisierte Objekte. Diese exklusive Schablone, die von unserem Team erdacht und kreiert wurde, garantiert einen starken visuellen Eindruck und Ergebnisse von professioneller Qualit\u00e4t, selbst f\u00fcr Amateure. Ihre einfache Handhabung macht sie zur perfekten Wahl f\u00fcr die Erkundung des Pop-Art-Stils, w\u00e4hrend sie gleichzeitig das Experimentieren mit leuchtenden Farben und verschiedenen Techniken erm\u00f6glicht. Verleihen Sie Ihren Projekten mit dieser Schablone einen einzigartigen und gewagten Touch und entfesseln Sie Ihre Kreativit\u00e4t mit einem praktischen und zugleich inspirierenden Werkzeug.<\/p>","protected":false},"excerpt":{"rendered":"<p>Schablone Portr\u00e4t Frau Pop-Art: Ideal f\u00fcr moderne Kreationen. Hohe Qualit\u00e4t, wiederverwendbar und beidseitig verwendbar. In verschiedenen Gr\u00f6\u00dfen erh\u00e4ltlich.<\/p>","protected":false},"featured_media":18942,"comment_status":"open","ping_status":"closed","template":"","meta":{"bwfblock_default_font":"","_kad_blocks_custom_css":"","_kad_blocks_head_custom_js":"","_kad_blocks_body_custom_js":"","_kad_blocks_footer_custom_js":"","_kadence_starter_templates_imported_post":false,"_kad_post_transparent":"default","_kad_post_title":"","_kad_post_layout":"default","_kad_post_sidebar_id":"","_kad_post_content_style":"default","_kad_post_vertical_padding":"default","_kad_post_feature":"","_kad_post_feature_position":"","_kad_post_header":false,"_kad_post_footer":false,"_kad_post_classname":""},"product_brand":[1415],"product_cat":[36,332],"product_tag":[359,430,675,333,390],"class_list":{"0":"post-18974","1":"product","2":"type-product","3":"status-publish","4":"has-post-thumbnail","6":"product_brand-mes-pochoirs","7":"product_cat-pochoirs-portraits-visages","8":"product_cat-pochoirs-pop-art","9":"product_tag-femme","10":"product_tag-lunettes","11":"product_tag-moderne","12":"product_tag-pop-art","13":"product_tag-portrait","15":"first","16":"instock","17":"taxable","18":"shipping-taxable","19":"purchasable","20":"product-type-variable","21":"entry","22":"content-bg","23":"loop-entry"},"taxonomy_info":{"product_brand":[{"value":1415,"label":"Mes Pochoirs"}],"product_cat":[{"value":36,"label":"Portraits &amp; Visages"},{"value":332,"label":"Pop Art"}],"product_tag":[{"value":359,"label":"femme"},{"value":430,"label":"lunettes"},{"value":675,"label":"moderne"},{"value":333,"label":"pop art"},{"value":390,"label":"portrait"}]},"featured_image_src_large":["https:\/\/mes-pochoirs.com\/wp-content\/uploads\/2024\/12\/PV0004-mes-pochoirs-com-858x1030.jpg",858,1030,true],"author_info":[],"comment_info":1,"_links":{"self":[{"href":"https:\/\/mes-pochoirs.com\/de\/wp-json\/wp\/v2\/product\/18974","targetHints":{"allow":["GET"]}}],"collection":[{"href":"https:\/\/mes-pochoirs.com\/de\/wp-json\/wp\/v2\/product"}],"about":[{"href":"https:\/\/mes-pochoirs.com\/de\/wp-json\/wp\/v2\/types\/product"}],"replies":[{"embeddable":true,"href":"https:\/\/mes-pochoirs.com\/de\/wp-json\/wp\/v2\/comments?post=18974"}],"wp:featuredmedia":[{"embeddable":true,"href":"https:\/\/mes-pochoirs.com\/de\/wp-json\/wp\/v2\/media\/18942"}],"wp:attachment":[{"href":"https:\/\/mes-pochoirs.com\/de\/wp-json\/wp\/v2\/media?parent=18974"}],"wp:term":[{"taxonomy":"product_brand","embeddable":true,"href":"https:\/\/mes-pochoirs.com\/de\/wp-json\/wp\/v2\/product_brand?post=18974"},{"taxonomy":"product_cat","embeddable":true,"href":"https:\/\/mes-pochoirs.com\/de\/wp-json\/wp\/v2\/product_cat?post=18974"},{"taxonomy":"product_tag","embeddable":true,"href":"https:\/\/mes-pochoirs.com\/de\/wp-json\/wp\/v2\/product_tag?post=18974"}],"curies":[{"name":"wp","href":"https:\/\/api.w.org\/{rel}","templated":true}]}}