{"id":19022,"date":"2024-12-26T12:39:14","date_gmt":"2024-12-26T11:39:14","guid":{"rendered":"https:\/\/mes-pochoirs.com\/?post_type=product&#038;p=19022"},"modified":"2025-10-31T12:22:07","modified_gmt":"2025-10-31T11:22:07","slug":"portratschablone-teenager-kopfhorer-musik-pv0008","status":"publish","type":"product","link":"https:\/\/mes-pochoirs.com\/de\/produit\/pochoir-portrait-ado-casque-musique-pv0008","title":{"rendered":"Schablone Portr\u00e4t Teenager Kopfh\u00f6rer Musik - PV0008"},"content":{"rendered":"<h2>Schablone Portr\u00e4t Teenager Kopfh\u00f6rer Musik\u00a0<\/h2>\n<h3>Ein junger, urbaner Stil<\/h3>\n<p>Die Schablone Portr\u00e4t Teenager Kopfh\u00f6rer Musik f\u00e4ngt das Wesen der modernen Jugend mit einem dynamischen und zeitgem\u00e4\u00dfen Design ein. Diese Schablone zeigt einen Teenager mit Musikkopfh\u00f6rern und M\u00fctze - ein Symbol f\u00fcr urbane Kultur und individuelle Kreativit\u00e4t. Diese Schablone eignet sich perfekt f\u00fcr von Street Art inspirierte Kreationen und verleiht Ihren Kunstprojekten einen modernen, pulsierenden Touch. Ob Sie die Energie der urbanen Kultur ausdr\u00fccken oder Ihren Kunstwerken eine junge, aktuelle Dimension verleihen m\u00f6chten, diese Schablone ist das perfekte Werkzeug, um Ihre Ideen zum Leben zu erwecken.<\/p>\n<h3>Ein kreatives Werkzeug f\u00fcr schlagkr\u00e4ftige und moderne Werke<\/h3>\n<p>Die Schablone Portr\u00e4t Teenager Kopfh\u00f6rer Musik wurde f\u00fcr au\u00dfergew\u00f6hnliche Pr\u00e4zision und perfekte Reproduzierbarkeit entwickelt und ist selbst f\u00fcr Anf\u00e4nger leicht zu verwenden. Sie ist wiederverwendbar und beidseitig verwendbar und erm\u00f6glicht einzigartige Kreationen auf verschiedenen Untergr\u00fcnden: W\u00e4nde, Leinw\u00e4nde, Textilien oder personalisierte Objekte. Dieses exklusive Modell, das aus hochwertigen Materialien hergestellt und von unserem Team erdacht wurde, garantiert professionelle Ergebnisse und eine starke visuelle Wirkung. Ob Sie nun eine Leidenschaft f\u00fcr Street Art haben oder auf der Suche nach einem Design sind, das die urbane Kultur verk\u00f6rpert, diese Schablone bietet Ihnen einen k\u00fcnstlerischen Zugang und eine kompromisslose Schnelligkeit. Lassen Sie Ihrer Kreativit\u00e4t freien Lauf und verwandeln Sie Ihre Projekte in fesselnde Kunstwerke mit dieser Schablone im einzigartigen und modernen Stil.<\/p>","protected":false},"excerpt":{"rendered":"<p>Schablone Portr\u00e4t Teenager Kopfh\u00f6rer Musik: ideal f\u00fcr urbane und moderne Kreationen. Wiederverwendbar, beidseitig verwendbar, hohe Qualit\u00e4t und in verschiedenen Gr\u00f6\u00dfen erh\u00e4ltlich.<\/p>","protected":false},"featured_media":18955,"comment_status":"open","ping_status":"closed","template":"","meta":{"bwfblock_default_font":"","_kad_blocks_custom_css":"","_kad_blocks_head_custom_js":"","_kad_blocks_body_custom_js":"","_kad_blocks_footer_custom_js":"","_kadence_starter_templates_imported_post":false,"_kad_post_transparent":"default","_kad_post_title":"","_kad_post_layout":"default","_kad_post_sidebar_id":"","_kad_post_content_style":"default","_kad_post_vertical_padding":"default","_kad_post_feature":"","_kad_post_feature_position":"","_kad_post_header":false,"_kad_post_footer":false,"_kad_post_classname":""},"product_brand":[1415],"product_cat":[36,328,273],"product_tag":[1006,1007,1005,529,430,445,390,327,286],"class_list":{"0":"post-19022","1":"product","2":"type-product","3":"status-publish","4":"has-post-thumbnail","6":"product_brand-mes-pochoirs","7":"product_cat-pochoirs-portraits-visages","8":"product_cat-pochoirs-street-art","9":"product_cat-pochoirs-urbains","10":"product_tag-adolescent","11":"product_tag-casque-audio","12":"product_tag-casquette","13":"product_tag-garcon","14":"product_tag-lunettes","15":"product_tag-musique","16":"product_tag-portrait","17":"product_tag-street-art","18":"product_tag-urbain","20":"first","21":"instock","22":"taxable","23":"shipping-taxable","24":"purchasable","25":"product-type-variable","26":"entry","27":"content-bg","28":"loop-entry"},"taxonomy_info":{"product_brand":[{"value":1415,"label":"Mes Pochoirs"}],"product_cat":[{"value":36,"label":"Portraits &amp; Visages"},{"value":328,"label":"Street Art"},{"value":273,"label":"Urbains"}],"product_tag":[{"value":1006,"label":"adolescent"},{"value":1007,"label":"casque audio"},{"value":1005,"label":"casquette"},{"value":529,"label":"gar\u00e7on"},{"value":430,"label":"lunettes"},{"value":445,"label":"musique"},{"value":390,"label":"portrait"},{"value":327,"label":"street art"},{"value":286,"label":"urbain"}]},"featured_image_src_large":["https:\/\/mes-pochoirs.com\/wp-content\/uploads\/2024\/12\/PV0008-mes-pochoirs-com-858x1030.jpg",858,1030,true],"author_info":[],"comment_info":0,"_links":{"self":[{"href":"https:\/\/mes-pochoirs.com\/de\/wp-json\/wp\/v2\/product\/19022","targetHints":{"allow":["GET"]}}],"collection":[{"href":"https:\/\/mes-pochoirs.com\/de\/wp-json\/wp\/v2\/product"}],"about":[{"href":"https:\/\/mes-pochoirs.com\/de\/wp-json\/wp\/v2\/types\/product"}],"replies":[{"embeddable":true,"href":"https:\/\/mes-pochoirs.com\/de\/wp-json\/wp\/v2\/comments?post=19022"}],"wp:featuredmedia":[{"embeddable":true,"href":"https:\/\/mes-pochoirs.com\/de\/wp-json\/wp\/v2\/media\/18955"}],"wp:attachment":[{"href":"https:\/\/mes-pochoirs.com\/de\/wp-json\/wp\/v2\/media?parent=19022"}],"wp:term":[{"taxonomy":"product_brand","embeddable":true,"href":"https:\/\/mes-pochoirs.com\/de\/wp-json\/wp\/v2\/product_brand?post=19022"},{"taxonomy":"product_cat","embeddable":true,"href":"https:\/\/mes-pochoirs.com\/de\/wp-json\/wp\/v2\/product_cat?post=19022"},{"taxonomy":"product_tag","embeddable":true,"href":"https:\/\/mes-pochoirs.com\/de\/wp-json\/wp\/v2\/product_tag?post=19022"}],"curies":[{"name":"wp","href":"https:\/\/api.w.org\/{rel}","templated":true}]}}