{"id":19231,"date":"2025-01-09T13:53:22","date_gmt":"2025-01-09T12:53:22","guid":{"rendered":"https:\/\/mes-pochoirs.com\/?post_type=product&#038;p=19231"},"modified":"2025-10-31T12:22:17","modified_gmt":"2025-10-31T11:22:17","slug":"schablone-kleines-madchen-blumenstraus-sa0006","status":"publish","type":"product","link":"https:\/\/mes-pochoirs.com\/de\/produit\/pochoir-petite-fille-bouquet-de-fleurs-sa0006","title":{"rendered":"Schablone \"Das M\u00e4dchen mit dem Blumenstrau\u00df\" - SA0006"},"content":{"rendered":"<h2>Schablone Kleines M\u00e4dchen Blumenstrau\u00df<\/h2>\n<h3>Sublimieren Sie Ihre Kreationen<\/h3>\n<p>Verleihen Sie Ihren Kreationen mit unserer Schablone Kleines M\u00e4dchen Blumenstrau\u00df einen zarten und modernen Touch. Inspiriert von der Welt der Street Art und dem Stil von Banksy, zeigt dieses Design die Silhouette eines kleinen M\u00e4dchens im Profil, das mit Anmut und Schlichtheit einen Blumenstrau\u00df h\u00e4lt. Das Design verbindet kindliche Unschuld mit einer universellen Symbolik f\u00fcr Sch\u00f6nheit und Hoffnung, in perfekter Balance zwischen Sanftheit und visueller Kraft. Diese exklusive Schablone, die dazu gedacht ist, die Blicke zu fesseln, l\u00e4sst sich perfekt in verschiedene Medien integrieren. Sie wird K\u00fcnstler begeistern, die auf der Suche nach einem markanten und zeitlosen Bild sind.<\/p>\n<h3>Erkunden Sie den Street-Art-Stil mit Kreativit\u00e4t und Pr\u00e4zision<\/h3>\n<p>Die Schablone Kleines M\u00e4dchen Blumenstrau\u00df bietet Ihnen die M\u00f6glichkeit, einzigartige Kunstwerke mit unvergleichlicher Pr\u00e4zision zu schaffen. Diese Schablone wurde f\u00fcr eine einfache und f\u00fcr jedermann zug\u00e4ngliche Anwendung entwickelt und garantiert eine schnelle Ausf\u00fchrung, w\u00e4hrend sie gleichzeitig f\u00fcr scharfe Konturen und perfekte Details sorgt. Egal, ob Sie Anf\u00e4nger oder erfahrener K\u00fcnstler sind, mit dieser Schablone k\u00f6nnen Sie ganz einfach ein professionelles Ergebnis reproduzieren und gleichzeitig Ihrer Kreativit\u00e4t mit verschiedenen Farben, Texturen und Effekten freien Lauf lassen. Die aus robusten Materialien hergestellte Vorlage ist wiederverwendbar, beidseitig verwendbar und in verschiedenen Gr\u00f6\u00dfen erh\u00e4ltlich, sodass sie sich an alle Ihre Projekte anpassen l\u00e4sst. Von unserem Team erdacht und entworfen, wird dieses exklusive Design Ihre Kreationen veredeln und Ihre Ideen in Meisterwerke im gewagten Street-Art-Stil verwandeln. Verleihen Sie Ihren Werken mit dieser au\u00dfergew\u00f6hnlichen Schablone eine neue Dimension!<\/p>","protected":false},"excerpt":{"rendered":"<p>Schablone Kleines M\u00e4dchen Blumenstrau\u00df: Wiederverwendbar, hohe Qualit\u00e4t, beidseitig verwendbar. Erh\u00e4ltlich in verschiedenen Gr\u00f6\u00dfen f\u00fcr einzigartige Streetart-Kreationen.<\/p>","protected":false},"featured_media":19213,"comment_status":"open","ping_status":"closed","template":"","meta":{"bwfblock_default_font":"","_kad_blocks_custom_css":"","_kad_blocks_head_custom_js":"","_kad_blocks_body_custom_js":"","_kad_blocks_footer_custom_js":"","_kadence_starter_templates_imported_post":false,"_kad_post_transparent":"default","_kad_post_title":"","_kad_post_layout":"default","_kad_post_sidebar_id":"","_kad_post_content_style":"default","_kad_post_vertical_padding":"default","_kad_post_feature":"","_kad_post_feature_position":"","_kad_post_header":false,"_kad_post_footer":false,"_kad_post_classname":""},"product_brand":[1415],"product_cat":[328,36,1138,1029],"product_tag":[900,1013,528,1012,416,1028,327],"class_list":{"0":"post-19231","1":"product","2":"type-product","3":"status-publish","4":"has-post-thumbnail","6":"product_brand-mes-pochoirs","7":"product_cat-pochoirs-street-art","8":"product_cat-pochoirs-portraits-visages","9":"product_cat-pochoirs-saint-valentin","10":"product_cat-spray-and-soul","11":"product_tag-banksy","12":"product_tag-bouquet","13":"product_tag-fille","14":"product_tag-fillette","15":"product_tag-fleurs","16":"product_tag-petite-fille","17":"product_tag-street-art","19":"first","20":"instock","21":"taxable","22":"shipping-taxable","23":"purchasable","24":"product-type-variable","25":"has-default-attributes","26":"entry","27":"content-bg","28":"loop-entry"},"taxonomy_info":{"product_brand":[{"value":1415,"label":"Mes Pochoirs"}],"product_cat":[{"value":328,"label":"Street Art"},{"value":36,"label":"Portraits &amp; Visages"},{"value":1138,"label":"Saint-Valentin"},{"value":1029,"label":"Spray and Soul"}],"product_tag":[{"value":900,"label":"banksy"},{"value":1013,"label":"bouquet"},{"value":528,"label":"fille"},{"value":1012,"label":"fillette"},{"value":416,"label":"fleurs"},{"value":1028,"label":"petite fille"},{"value":327,"label":"street art"}]},"featured_image_src_large":["https:\/\/mes-pochoirs.com\/wp-content\/uploads\/2025\/01\/SA0006-FR-pochoir-fillette-fleurs-copyright-mes-pochoirs-com-858x1030.jpg",858,1030,true],"author_info":[],"comment_info":0,"_links":{"self":[{"href":"https:\/\/mes-pochoirs.com\/de\/wp-json\/wp\/v2\/product\/19231","targetHints":{"allow":["GET"]}}],"collection":[{"href":"https:\/\/mes-pochoirs.com\/de\/wp-json\/wp\/v2\/product"}],"about":[{"href":"https:\/\/mes-pochoirs.com\/de\/wp-json\/wp\/v2\/types\/product"}],"replies":[{"embeddable":true,"href":"https:\/\/mes-pochoirs.com\/de\/wp-json\/wp\/v2\/comments?post=19231"}],"wp:featuredmedia":[{"embeddable":true,"href":"https:\/\/mes-pochoirs.com\/de\/wp-json\/wp\/v2\/media\/19213"}],"wp:attachment":[{"href":"https:\/\/mes-pochoirs.com\/de\/wp-json\/wp\/v2\/media?parent=19231"}],"wp:term":[{"taxonomy":"product_brand","embeddable":true,"href":"https:\/\/mes-pochoirs.com\/de\/wp-json\/wp\/v2\/product_brand?post=19231"},{"taxonomy":"product_cat","embeddable":true,"href":"https:\/\/mes-pochoirs.com\/de\/wp-json\/wp\/v2\/product_cat?post=19231"},{"taxonomy":"product_tag","embeddable":true,"href":"https:\/\/mes-pochoirs.com\/de\/wp-json\/wp\/v2\/product_tag?post=19231"}],"curies":[{"name":"wp","href":"https:\/\/api.w.org\/{rel}","templated":true}]}}