{"id":19613,"date":"2025-01-24T15:15:00","date_gmt":"2025-01-24T14:15:00","guid":{"rendered":"https:\/\/mes-pochoirs.com\/?post_type=product&#038;p=19613"},"modified":"2025-10-31T12:26:36","modified_gmt":"2025-10-31T11:26:36","slug":"schablone-karikatur-mann-kopf-tele-sa0034","status":"publish","type":"product","link":"https:\/\/mes-pochoirs.com\/de\/produit\/pochoir-caricature-homme-tete-tele-sa0034","title":{"rendered":"Schablone Mann mit Fernsehkopf - SA0034"},"content":{"rendered":"<h2>Schablone Karikatur Mann Kopf TV<\/h2>\n<h3>Ein kraftvolles und aktuelles Image<\/h3>\n<p>Die <strong>Schablone Karikatur Mann Kopf TV<\/strong> est une repr\u00e9sentation marquante de notre \u00e9poque. Il illustre un humain \u00e0 la t\u00eate de TV, une figure embl\u00e9matique de la soci\u00e9t\u00e9 moderne, domin\u00e9e par l\u2019omnipr\u00e9sence des \u00e9crans et des m\u00e9dias. Cette \u0153uvre caricaturale propose une critique satirique et percutante de notre rapport \u00e0 l\u2019information et \u00e0 la consommation d\u2019images. La t\u00e9l\u00e9vision rempla\u00e7ant la t\u00eate humaine symbolise l\u2019influence des m\u00e9dias sur nos pens\u00e9es et nos d\u00e9cisions. Ce pochoir s\u2019inscrit parfaitement dans les d\u00e9bats contemporains sur la libert\u00e9 d\u2019esprit et la manipulation m\u00e9diatique. Son design percutant, en noir et blanc, renforce l\u2019impact visuel et le message port\u00e9 par cette satire sociale. Que ce soit pour customiser un mur, une toile, un meuble ou m\u00eame du textile, ce pochoir vous permet de cr\u00e9er une \u0153uvre engag\u00e9e et pleine de sens en un seul geste.<\/p>\n<h3>Eine von Banksy inspirierte Street Art-Schablone<\/h3>\n<p>Die <strong>Schablone Karikatur Mann Kopf TV<\/strong>wird direkt vom Stil beeinflusst <strong>Street Art<\/strong>Eine Kunstbewegung, die f\u00fcr ihre starken politischen und gesellschaftlichen Botschaften bekannt ist. Inspiriert durch die Welt von <strong>Banksy<\/strong>, ce pochoir reprend les codes visuels du graffiti engag\u00e9 : une silhouette minimaliste, un fort contraste et une lecture imm\u00e9diate du message. Que vous soyez un artiste urbain, un amateur de d\u00e9coration originale ou un passionn\u00e9 de peinture engag\u00e9e, ce pochoir vous offre une mani\u00e8re unique d\u2019exprimer votre vision du monde. Facile \u00e0 utiliser, il vous permet de reproduire cette \u0153uvre saisissante sur diff\u00e9rents supports, pour insuffler un esprit <strong>urban, protestierend und schlagkr\u00e4ftig<\/strong> \u00e0 votre environnement. Ajoutez une touche d\u2019irr\u00e9v\u00e9rence et de r\u00e9flexion \u00e0 vos cr\u00e9ations avec ce <strong>satirische und ikonische Schablone!<\/strong><\/p>","protected":false},"excerpt":{"rendered":"<p>Schablone Karikatur Mann Fernsehkopf: Perfekt f\u00fcr K\u00fcnstler und Streetart-Liebhaber. Wiederverwendbar, beidseitig verwendbar, hohe Qualit\u00e4t, verschiedene Formate erh\u00e4ltlich.<\/p>","protected":false},"featured_media":19416,"comment_status":"open","ping_status":"closed","template":"","meta":{"bwfblock_default_font":"","_kad_blocks_custom_css":"","_kad_blocks_head_custom_js":"","_kad_blocks_body_custom_js":"","_kad_blocks_footer_custom_js":"","_kadence_starter_templates_imported_post":false,"_kad_post_transparent":"default","_kad_post_title":"","_kad_post_layout":"default","_kad_post_sidebar_id":"","_kad_post_content_style":"default","_kad_post_vertical_padding":"default","_kad_post_feature":"","_kad_post_feature_position":"","_kad_post_header":false,"_kad_post_footer":false,"_kad_post_classname":""},"product_brand":[1415],"product_cat":[328,481,1029],"product_tag":[505,525,327,1033,500,231],"class_list":{"0":"post-19613","1":"product","2":"type-product","3":"status-publish","4":"has-post-thumbnail","6":"product_brand-mes-pochoirs","7":"product_cat-pochoirs-street-art","8":"product_cat-collections","9":"product_cat-spray-and-soul","10":"product_tag-homme","11":"product_tag-retro","12":"product_tag-street-art","13":"product_tag-televiseur","14":"product_tag-tete","15":"product_tag-vintage","17":"first","18":"instock","19":"taxable","20":"shipping-taxable","21":"purchasable","22":"product-type-variable","23":"entry","24":"content-bg","25":"loop-entry"},"taxonomy_info":{"product_brand":[{"value":1415,"label":"Mes Pochoirs"}],"product_cat":[{"value":328,"label":"Street Art"},{"value":481,"label":"Collections"},{"value":1029,"label":"Spray and Soul"}],"product_tag":[{"value":505,"label":"homme"},{"value":525,"label":"r\u00e9tro"},{"value":327,"label":"street art"},{"value":1033,"label":"t\u00e9l\u00e9viseur"},{"value":500,"label":"t\u00eate"},{"value":231,"label":"vintage"}]},"featured_image_src_large":["https:\/\/mes-pochoirs.com\/wp-content\/uploads\/2025\/01\/SA0034-pochoir-homme-tete-tele-copyright-mes-pochoirs-858x1030.jpg",858,1030,true],"author_info":[],"comment_info":0,"_links":{"self":[{"href":"https:\/\/mes-pochoirs.com\/de\/wp-json\/wp\/v2\/product\/19613","targetHints":{"allow":["GET"]}}],"collection":[{"href":"https:\/\/mes-pochoirs.com\/de\/wp-json\/wp\/v2\/product"}],"about":[{"href":"https:\/\/mes-pochoirs.com\/de\/wp-json\/wp\/v2\/types\/product"}],"replies":[{"embeddable":true,"href":"https:\/\/mes-pochoirs.com\/de\/wp-json\/wp\/v2\/comments?post=19613"}],"wp:featuredmedia":[{"embeddable":true,"href":"https:\/\/mes-pochoirs.com\/de\/wp-json\/wp\/v2\/media\/19416"}],"wp:attachment":[{"href":"https:\/\/mes-pochoirs.com\/de\/wp-json\/wp\/v2\/media?parent=19613"}],"wp:term":[{"taxonomy":"product_brand","embeddable":true,"href":"https:\/\/mes-pochoirs.com\/de\/wp-json\/wp\/v2\/product_brand?post=19613"},{"taxonomy":"product_cat","embeddable":true,"href":"https:\/\/mes-pochoirs.com\/de\/wp-json\/wp\/v2\/product_cat?post=19613"},{"taxonomy":"product_tag","embeddable":true,"href":"https:\/\/mes-pochoirs.com\/de\/wp-json\/wp\/v2\/product_tag?post=19613"}],"curies":[{"name":"wp","href":"https:\/\/api.w.org\/{rel}","templated":true}]}}