{"id":19653,"date":"2025-01-24T15:15:01","date_gmt":"2025-01-24T14:15:01","guid":{"rendered":"https:\/\/mes-pochoirs.com\/?post_type=product&#038;p=19653"},"modified":"2025-10-31T12:26:42","modified_gmt":"2025-10-31T11:26:42","slug":"schablone-silhouette-kind-kopf-tv-sa0031","status":"publish","type":"product","link":"https:\/\/mes-pochoirs.com\/de\/produit\/pochoir-silhouette-enfant-tete-tv-sa0031","title":{"rendered":"Schablone Silhouette Kind TV-Kopf - SA0031"},"content":{"rendered":"<h2>Schablone Silhouette Kind Kopf TV<\/h2>\n<h3>Eine originelle und symbolische Darstellung<\/h3>\n<p>Die <strong>Schablone Silhouette Kind Kopf TV<\/strong> illustriert eine fesselnde Szene: ein stehendes Kind mit einem Retro-Fernseher anstelle des Kopfes. Dieses einzigartige Design vereint Modernit\u00e4t und Nostalgie und greift starke Themen wie den Einfluss der Medien und die Allgegenw\u00e4rtigkeit von Bildschirmen in der Gesellschaft auf. Die sorgf\u00e4ltigen Details des Vintage-Fernsehers, einschlie\u00dflich der Antenne und des Kathodenstils, kontrastieren mit der modernen Silhouette des Kindes und bieten ein faszinierendes und markantes Bild. Diese Schablone ist ideal, um W\u00e4nde, Leinw\u00e4nde, M\u00f6bel oder Textilien zu gestalten, und eignet sich f\u00fcr Liebhaber origineller Dekorationen sowie f\u00fcr K\u00fcnstler, die eine starke visuelle Botschaft vermitteln m\u00f6chten. Sie ist wiederverwendbar und in verschiedenen Gr\u00f6\u00dfen erh\u00e4ltlich, sodass sie sich f\u00fcr eine Vielzahl von kreativen Projekten eignet.<\/p>\n<h3>Ein roher und schr\u00e4ger Streetart-Stil<\/h3>\n<p>Die <strong>Schablone Silhouette Kind Kopf TV<\/strong> ist in einem <strong>roher, minimalistischer Streetart-Stil<\/strong>ist die perfekte Wahl f\u00fcr Liebhaber zeitgen\u00f6ssischer urbaner Kunst. Die klaren Linien und die Grunge-Effekte verleihen Ihren Kreationen eine schr\u00e4ge und ausdrucksstarke \u00c4sthetik. Diese Schablone ist von den visuellen Codes der Street Art inspiriert und zeichnet sich durch ihre F\u00e4higkeit aus, Retro und Moderne zu vereinen und gleichzeitig die Freiheit der k\u00fcnstlerischen Interpretation zu bieten. Dieser einzigartige Stil erm\u00f6glicht es, visuell starke Werke zu schaffen, die Aufmerksamkeit erregen und zum Nachdenken anregen. Die aus hochwertigen Materialien hergestellte Schablone ist wiederverwendbar, reversibel und langlebig. Egal, ob Sie K\u00fcnstler sind oder sich f\u00fcr Dekoration begeistern, die <strong>Schablone Silhouette Kind Kopf TV<\/strong> wird Ihren Projekten eine einzigartige und engagierte k\u00fcnstlerische Dimension verleihen. Erwecken Sie Ihre Kreationen zum Leben und verwandeln Sie Ihre Medien mit diesem k\u00fchnen und inspirierenden Design in originelle Kunstwerke! \u00a0<\/p>","protected":false},"excerpt":{"rendered":"<p>Schablone Silhouette Kind Kopf TV: Ideal f\u00fcr Streetart und schr\u00e4ge Deko. Wiederverwendbar, beidseitig verwendbar, hohe Qualit\u00e4t, in verschiedenen Gr\u00f6\u00dfen erh\u00e4ltlich.<\/p>","protected":false},"featured_media":19413,"comment_status":"open","ping_status":"closed","template":"","meta":{"bwfblock_default_font":"","_kad_blocks_custom_css":"","_kad_blocks_head_custom_js":"","_kad_blocks_body_custom_js":"","_kad_blocks_footer_custom_js":"","_kadence_starter_templates_imported_post":false,"_kad_post_transparent":"default","_kad_post_title":"","_kad_post_layout":"default","_kad_post_sidebar_id":"","_kad_post_content_style":"default","_kad_post_vertical_padding":"default","_kad_post_feature":"","_kad_post_feature_position":"","_kad_post_header":false,"_kad_post_footer":false,"_kad_post_classname":""},"product_brand":[1415],"product_cat":[328,481,1029],"product_tag":[825,525,327,1033,500,231],"class_list":{"0":"post-19653","1":"product","2":"type-product","3":"status-publish","4":"has-post-thumbnail","6":"product_brand-mes-pochoirs","7":"product_cat-pochoirs-street-art","8":"product_cat-collections","9":"product_cat-spray-and-soul","10":"product_tag-enfant","11":"product_tag-retro","12":"product_tag-street-art","13":"product_tag-televiseur","14":"product_tag-tete","15":"product_tag-vintage","17":"first","18":"instock","19":"taxable","20":"shipping-taxable","21":"purchasable","22":"product-type-variable","23":"has-default-attributes","24":"entry","25":"content-bg","26":"loop-entry"},"taxonomy_info":{"product_brand":[{"value":1415,"label":"Mes Pochoirs"}],"product_cat":[{"value":328,"label":"Street Art"},{"value":481,"label":"Collections"},{"value":1029,"label":"Spray and Soul"}],"product_tag":[{"value":825,"label":"enfant"},{"value":525,"label":"r\u00e9tro"},{"value":327,"label":"street art"},{"value":1033,"label":"t\u00e9l\u00e9viseur"},{"value":500,"label":"t\u00eate"},{"value":231,"label":"vintage"}]},"featured_image_src_large":["https:\/\/mes-pochoirs.com\/wp-content\/uploads\/2025\/01\/SA0031-pochoir-silhouette-tete-tv-copyright-mes-pochoirs-858x1030.jpg",858,1030,true],"author_info":[],"comment_info":1,"_links":{"self":[{"href":"https:\/\/mes-pochoirs.com\/de\/wp-json\/wp\/v2\/product\/19653","targetHints":{"allow":["GET"]}}],"collection":[{"href":"https:\/\/mes-pochoirs.com\/de\/wp-json\/wp\/v2\/product"}],"about":[{"href":"https:\/\/mes-pochoirs.com\/de\/wp-json\/wp\/v2\/types\/product"}],"replies":[{"embeddable":true,"href":"https:\/\/mes-pochoirs.com\/de\/wp-json\/wp\/v2\/comments?post=19653"}],"wp:featuredmedia":[{"embeddable":true,"href":"https:\/\/mes-pochoirs.com\/de\/wp-json\/wp\/v2\/media\/19413"}],"wp:attachment":[{"href":"https:\/\/mes-pochoirs.com\/de\/wp-json\/wp\/v2\/media?parent=19653"}],"wp:term":[{"taxonomy":"product_brand","embeddable":true,"href":"https:\/\/mes-pochoirs.com\/de\/wp-json\/wp\/v2\/product_brand?post=19653"},{"taxonomy":"product_cat","embeddable":true,"href":"https:\/\/mes-pochoirs.com\/de\/wp-json\/wp\/v2\/product_cat?post=19653"},{"taxonomy":"product_tag","embeddable":true,"href":"https:\/\/mes-pochoirs.com\/de\/wp-json\/wp\/v2\/product_tag?post=19653"}],"curies":[{"name":"wp","href":"https:\/\/api.w.org\/{rel}","templated":true}]}}