{"id":19778,"date":"2025-03-13T10:12:05","date_gmt":"2025-03-13T09:12:05","guid":{"rendered":"https:\/\/mes-pochoirs.com\/?post_type=product&#038;p=19778"},"modified":"2025-10-31T12:26:48","modified_gmt":"2025-10-31T11:26:48","slug":"schablone-backsteinmauer-u0014","status":"publish","type":"product","link":"https:\/\/mes-pochoirs.com\/de\/produit\/pochoir-mur-en-briques-u0014","title":{"rendered":"Schablone Ziegelsteinmauer - U0014"},"content":{"rendered":"<h2>Schablone Ziegelsteinmauer\u00a0<\/h2>\n<h3>Ein realistischer und vielseitiger Effekt<\/h3>\n<p>Die <strong>Schablone Ziegelmauer<\/strong> ist das ideale Werkzeug, um das authentische Aussehen eines <strong>Ziegelmauer<\/strong> auf jeder beliebigen Oberfl\u00e4che. Entworfen mit pr\u00e4zisen Linien und realistischen Proportionen, erm\u00f6glicht diese Schablone eine <strong>verbl\u00fcffender visueller Effekt<\/strong>Die Fassaden erinnern an st\u00e4dtische Fassaden, Mauern aus <strong>Blockstein<\/strong> oder auch die Fl\u00e4chen in <strong>Betonblock<\/strong>. Diese Schablone ist einfach zu verwenden und eignet sich f\u00fcr eine Vielzahl von Untergr\u00fcnden: W\u00e4nde, Leinw\u00e4nde, M\u00f6bel, Textilien und vieles mehr. Ob Sie Ihrer Dekoration einen industriellen Touch verleihen oder einen strukturierten Hintergrund f\u00fcr Ihre k\u00fcnstlerischen Werke herstellen m\u00f6chten, diese Schablone garantiert Ihnen einen <strong>realistisches und gleichm\u00e4\u00dfiges Rendering<\/strong>. Er ist in verschiedenen Gr\u00f6\u00dfen erh\u00e4ltlich und erm\u00f6glicht es Ihnen, gro\u00dfe Fl\u00e4chen abzudecken und gleichzeitig ein sauberes und gleichm\u00e4\u00dfiges Auftragen zu gew\u00e4hrleisten.<\/p>\n<h3>Eine Schablone, die von Street Art und urbanem Design inspiriert ist<\/h3>\n<p>Die <strong>Schablone Ziegelmauer<\/strong> ist ein Muss f\u00fcr den <strong>Street Art und urbane Kunst<\/strong>. Es dient als Grundlage f\u00fcr viele k\u00fcnstlerische Kreationen und erinnert an die Graffiti, die an den W\u00e4nden von Gro\u00dfst\u00e4dten entstehen. Ob Sie nun ein <strong>strukturierter Hintergrund f\u00fcr Ihre Graffiti-Kunstwerke<\/strong> oder imitieren das rohe Aussehen von <strong>beton<\/strong>Diese Schablone ist das perfekte Werkzeug f\u00fcr einen auffallenden und originellen Effekt. Diese Schablone begleitet Sie bei all Ihren Projekten, ob dekorativ, k\u00fcnstlerisch oder kreativ. F\u00fcgen Sie eine <strong>industrielle und authentische Dimension<\/strong> zu Ihren Kreationen mit diesem <strong>Schablone Ziegelmauer<\/strong>Mit dem neuen, modernen Design k\u00f6nnen Sie Ihre R\u00e4ume in urbane Kunstwerke verwandeln.<\/p>","protected":false},"excerpt":{"rendered":"<p><strong>Schablone Ziegelsteinmauer<\/strong> realistisch und wiederverwendbar, ideal zum Malen und Dekorieren. Hohe Qualit\u00e4t, beidseitig verwendbar, in verschiedenen Gr\u00f6\u00dfen erh\u00e4ltlich.<\/p>","protected":false},"featured_media":19785,"comment_status":"open","ping_status":"closed","template":"","meta":{"bwfblock_default_font":"","_kad_blocks_custom_css":"","_kad_blocks_head_custom_js":"","_kad_blocks_body_custom_js":"","_kad_blocks_footer_custom_js":"","_kadence_starter_templates_imported_post":false,"_kad_post_transparent":"default","_kad_post_title":"","_kad_post_layout":"default","_kad_post_sidebar_id":"","_kad_post_content_style":"default","_kad_post_vertical_padding":"default","_kad_post_feature":"","_kad_post_feature_position":"","_kad_post_header":false,"_kad_post_footer":false,"_kad_post_classname":""},"product_brand":[1415],"product_cat":[273,328],"product_tag":[995,996,1037,435,998,999,433,997,327],"class_list":{"0":"post-19778","1":"product","2":"type-product","3":"status-publish","4":"has-post-thumbnail","6":"product_brand-mes-pochoirs","7":"product_cat-pochoirs-urbains","8":"product_cat-pochoirs-street-art","9":"product_tag-beton","10":"product_tag-bloc-beton","11":"product_tag-brique","12":"product_tag-briques","13":"product_tag-effet-visuel","14":"product_tag-imitation","15":"product_tag-mur","16":"product_tag-parpaing","17":"product_tag-street-art","19":"first","20":"instock","21":"taxable","22":"shipping-taxable","23":"purchasable","24":"product-type-variable","25":"entry","26":"content-bg","27":"loop-entry"},"taxonomy_info":{"product_brand":[{"value":1415,"label":"Mes Pochoirs"}],"product_cat":[{"value":273,"label":"Urbains"},{"value":328,"label":"Street Art"}],"product_tag":[{"value":995,"label":"b\u00e9ton"},{"value":996,"label":"bloc b\u00e9ton"},{"value":1037,"label":"brique"},{"value":435,"label":"briques"},{"value":998,"label":"effet visuel"},{"value":999,"label":"imitation"},{"value":433,"label":"mur"},{"value":997,"label":"parpaing"},{"value":327,"label":"street art"}]},"featured_image_src_large":["https:\/\/mes-pochoirs.com\/wp-content\/uploads\/2025\/01\/U0014-pochoir-mur-de-briques-copyright-mes-pochoirs-858x1030.jpg",858,1030,true],"author_info":[],"comment_info":0,"_links":{"self":[{"href":"https:\/\/mes-pochoirs.com\/de\/wp-json\/wp\/v2\/product\/19778","targetHints":{"allow":["GET"]}}],"collection":[{"href":"https:\/\/mes-pochoirs.com\/de\/wp-json\/wp\/v2\/product"}],"about":[{"href":"https:\/\/mes-pochoirs.com\/de\/wp-json\/wp\/v2\/types\/product"}],"replies":[{"embeddable":true,"href":"https:\/\/mes-pochoirs.com\/de\/wp-json\/wp\/v2\/comments?post=19778"}],"wp:featuredmedia":[{"embeddable":true,"href":"https:\/\/mes-pochoirs.com\/de\/wp-json\/wp\/v2\/media\/19785"}],"wp:attachment":[{"href":"https:\/\/mes-pochoirs.com\/de\/wp-json\/wp\/v2\/media?parent=19778"}],"wp:term":[{"taxonomy":"product_brand","embeddable":true,"href":"https:\/\/mes-pochoirs.com\/de\/wp-json\/wp\/v2\/product_brand?post=19778"},{"taxonomy":"product_cat","embeddable":true,"href":"https:\/\/mes-pochoirs.com\/de\/wp-json\/wp\/v2\/product_cat?post=19778"},{"taxonomy":"product_tag","embeddable":true,"href":"https:\/\/mes-pochoirs.com\/de\/wp-json\/wp\/v2\/product_tag?post=19778"}],"curies":[{"name":"wp","href":"https:\/\/api.w.org\/{rel}","templated":true}]}}