{"id":19947,"date":"2025-01-31T08:16:57","date_gmt":"2025-01-31T07:16:57","guid":{"rendered":"https:\/\/mes-pochoirs.com\/?post_type=product&#038;p=19947"},"modified":"2025-10-31T12:27:05","modified_gmt":"2025-10-31T11:27:05","slug":"schablone-kind-und-regenschirm-sa0038","status":"publish","type":"product","link":"https:\/\/mes-pochoirs.com\/de\/produit\/pochoir-enfant-et-parapluie-sa0038","title":{"rendered":"Schablone Das Kind und sein Regenschirm - SA0038"},"content":{"rendered":"<h2>Schablone Kind und Regenschirm<\/h2>\n<h3>Eine poetische und inspirierende B\u00fchne<\/h3>\n<p>Die <strong>Schablone Kind und Regenschirm<\/strong> f\u00e4ngt einen Moment des Staunens und des Mysteriums ein. Das Bild zeigt ein kleines Kind, das einen gro\u00dfen Regenschirm fest umklammert h\u00e4lt und in den Himmel blickt, als w\u00fcrde es auf etwas Unerwartetes warten. Sein Ausdruck vermischt Neugier und \u00dcberraschung und schafft eine sanfte, kontemplative Atmosph\u00e4re. Diese Schablone erinnert an Schutz, Unschuld und die F\u00e4higkeit der Kindheit, den Zauber in jedem Moment des Alltags zu sehen. Sie l\u00e4dt zur Fantasie und zum Tr\u00e4umen ein und eignet sich perfekt, um durch ein Kunstwerk ehrliche und universelle Emotionen zu vermitteln.<\/p>\n<h3>Ein ausdrucksstarker und eleganter Street Art-Stil<\/h3>\n<p>Die <strong>Schablone Kind und Regenschirm<\/strong> verabschiedet ein <strong>Street-Art-Stil.<\/strong>Der Regenschirm, das zentrale Element der Komposition, f\u00fcgt einen Hauch von Geheimnis und Symbolik hinzu und verst\u00e4rkt die visuelle und narrative Wirkung des Motivs. Das schlichte, aber ausdrucksstarke Design l\u00e4sst sich vielf\u00e4ltig k\u00fcnstlerisch interpretieren und bietet eine einzigartige Tiefe und emotionale Aufladung. Einfach auf verschiedenen Untergr\u00fcnden - W\u00e4nden, Leinw\u00e4nden, M\u00f6beln oder Textilien - anzubringen, ist dieses <strong>k\u00fcnstlerische Schablone<\/strong> ist ideal, um Ihren Kreationen einen poetischen und inspirierenden Touch zu verleihen. Egal, ob Sie K\u00fcnstler sind oder originelle Dekorationen lieben, mit diesem Modell k\u00f6nnen Sie eine gef\u00fchlvolle und zugleich kreative Vision zum Ausdruck bringen. Verleihen Sie Ihren Werken eine emotionale und zeitlose Dimension mit diesem <strong>Schablone Kind und Regenschirm<\/strong> !<\/p>","protected":false},"excerpt":{"rendered":"<p><strong>Schablone Kind und Regenschirm<\/strong>Ideal f\u00fcr K\u00fcnstler und Dekorateure. Wiederverwendbar, beidseitig verwendbar und in verschiedenen Gr\u00f6\u00dfen f\u00fcr alle Kreationen erh\u00e4ltlich.<\/p>","protected":false},"featured_media":20065,"comment_status":"open","ping_status":"closed","template":"","meta":{"bwfblock_default_font":"","_kad_blocks_custom_css":"","_kad_blocks_head_custom_js":"","_kad_blocks_body_custom_js":"","_kad_blocks_footer_custom_js":"","_kadence_starter_templates_imported_post":false,"_kad_post_transparent":"default","_kad_post_title":"","_kad_post_layout":"default","_kad_post_sidebar_id":"","_kad_post_content_style":"default","_kad_post_vertical_padding":"default","_kad_post_feature":"","_kad_post_feature_position":"","_kad_post_header":false,"_kad_post_footer":false,"_kad_post_classname":""},"product_brand":[1415],"product_cat":[328,481,36,1029],"product_tag":[147,1058,825,491,285,433,1054,1055,442,1047,1056],"class_list":{"0":"post-19947","1":"product","2":"type-product","3":"status-publish","4":"has-post-thumbnail","6":"product_brand-mes-pochoirs","7":"product_cat-pochoirs-street-art","8":"product_cat-collections","9":"product_cat-pochoirs-portraits-visages","10":"product_cat-spray-and-soul","11":"product_tag-design","12":"product_tag-emotion","13":"product_tag-enfant","14":"product_tag-expression","15":"product_tag-graffiti","16":"product_tag-mur","17":"product_tag-parapluie","18":"product_tag-poetique","19":"product_tag-reve","20":"product_tag-streetart","21":"product_tag-symbolique","23":"first","24":"instock","25":"taxable","26":"shipping-taxable","27":"purchasable","28":"product-type-variable","29":"has-default-attributes","30":"entry","31":"content-bg","32":"loop-entry"},"taxonomy_info":{"product_brand":[{"value":1415,"label":"Mes Pochoirs"}],"product_cat":[{"value":328,"label":"Street Art"},{"value":481,"label":"Collections"},{"value":36,"label":"Portraits &amp; Visages"},{"value":1029,"label":"Spray and Soul"}],"product_tag":[{"value":147,"label":"Design"},{"value":1058,"label":"Emotion"},{"value":825,"label":"enfant"},{"value":491,"label":"expression"},{"value":285,"label":"graffiti"},{"value":433,"label":"mur"},{"value":1054,"label":"Parapluie"},{"value":1055,"label":"Po\u00e9tique"},{"value":442,"label":"R\u00eave"},{"value":1047,"label":"Streetart"},{"value":1056,"label":"Symbolique"}]},"featured_image_src_large":["https:\/\/mes-pochoirs.com\/wp-content\/uploads\/2025\/01\/SA0038-pochoir-enfant-parapluie-copyright-mes-pochoirs-858x1030.jpg",858,1030,true],"author_info":[],"comment_info":0,"_links":{"self":[{"href":"https:\/\/mes-pochoirs.com\/de\/wp-json\/wp\/v2\/product\/19947","targetHints":{"allow":["GET"]}}],"collection":[{"href":"https:\/\/mes-pochoirs.com\/de\/wp-json\/wp\/v2\/product"}],"about":[{"href":"https:\/\/mes-pochoirs.com\/de\/wp-json\/wp\/v2\/types\/product"}],"replies":[{"embeddable":true,"href":"https:\/\/mes-pochoirs.com\/de\/wp-json\/wp\/v2\/comments?post=19947"}],"wp:featuredmedia":[{"embeddable":true,"href":"https:\/\/mes-pochoirs.com\/de\/wp-json\/wp\/v2\/media\/20065"}],"wp:attachment":[{"href":"https:\/\/mes-pochoirs.com\/de\/wp-json\/wp\/v2\/media?parent=19947"}],"wp:term":[{"taxonomy":"product_brand","embeddable":true,"href":"https:\/\/mes-pochoirs.com\/de\/wp-json\/wp\/v2\/product_brand?post=19947"},{"taxonomy":"product_cat","embeddable":true,"href":"https:\/\/mes-pochoirs.com\/de\/wp-json\/wp\/v2\/product_cat?post=19947"},{"taxonomy":"product_tag","embeddable":true,"href":"https:\/\/mes-pochoirs.com\/de\/wp-json\/wp\/v2\/product_tag?post=19947"}],"curies":[{"name":"wp","href":"https:\/\/api.w.org\/{rel}","templated":true}]}}