{"id":19961,"date":"2025-01-31T08:16:57","date_gmt":"2025-01-31T07:16:57","guid":{"rendered":"https:\/\/mes-pochoirs.com\/?post_type=product&#038;p=19961"},"modified":"2025-10-31T12:27:09","modified_gmt":"2025-10-31T11:27:09","slug":"schablone-befreite-frau-sa0040","status":"publish","type":"product","link":"https:\/\/mes-pochoirs.com\/de\/produit\/pochoir-femme-liberee-sa0040","title":{"rendered":"Schablone \"Wiedergefundene Freiheit\" - SA0040"},"content":{"rendered":"<h2>Schablone befreite Frau<\/h2>\n<h3>Eine Szene aus der Renaissance\u00a0<\/h3>\n<p>Die <strong>Schablone befreite Frau<\/strong> f\u00e4ngt einen Moment der Befreiung ein. Die weibliche Silhouette sprengt in voller Bewegung die Ketten, die sie fesselten, und l\u00e4sst Schmetterlinge fliegen, die f\u00fcr Erneuerung und Hoffnung stehen. Ihr dem Himmel zugewandter Gesichtsausdruck, ihre offenen Arme und ihre dynamische Haltung spiegeln einen Sieg \u00fcber Hindernisse wider, einen Aufruf zu Freiheit und Selbstbehauptung. Umgeben von bl\u00fchenden Blumen verk\u00f6rpert diese Frau Resilienz und innere St\u00e4rke, was diese Schablone zu einem Werk mit einer starken Botschaft macht.<\/p>\n<h3>Ein engagierter und inspirierender Street Art-Stil<\/h3>\n<p>Die <strong>Schablone befreite Frau<\/strong> orientiert sich am <strong>street art.<\/strong>\u00a0Der Fragmentierungseffekt der Ketten und die Verwandlung in Schmetterlinge f\u00fcgen eine atemberaubende Dynamik hinzu und vermitteln den Eindruck von Bewegung und Fluidit\u00e4t. Dieses kraftvolle Design ist ideal f\u00fcr alle, die mit ihrer Kunst eine Botschaft der St\u00e4rke und Freiheit ausdr\u00fccken m\u00f6chten. Einfach auf verschiedenen Untergr\u00fcnden (W\u00e4nde, Leinw\u00e4nde, M\u00f6bel, Textilien) zu verwenden, ist dieses <strong>k\u00fcnstlerische Schablone<\/strong> ist perfekt f\u00fcr Kreative, die auf der Suche nach einem symbolischen und eindringlichen Werk sind. Ob Sie nun K\u00fcnstler sind oder eine Leidenschaft f\u00fcr engagierte Dekoration haben, mit diesem Modell k\u00f6nnen Sie Ihre Inspirationen mit Tiefe und Intensit\u00e4t zum Leben erwecken. Verleihen Sie Ihren Kreationen einen Hauch von Revolte und Erneuerung mit diesem <strong>Schablone befreite Frau<\/strong> !<\/p>","protected":false},"excerpt":{"rendered":"<p>Schablone \"Befreite Frau\", ein Symbol f\u00fcr Freiheit und Macht. Wiederverwendbar und hohe Qualit\u00e4t, beidseitig verwendbar und in verschiedenen Gr\u00f6\u00dfen f\u00fcr K\u00fcnstler erh\u00e4ltlich.<\/p>","protected":false},"featured_media":20067,"comment_status":"open","ping_status":"closed","template":"","meta":{"bwfblock_default_font":"","_kad_blocks_custom_css":"","_kad_blocks_head_custom_js":"","_kad_blocks_body_custom_js":"","_kad_blocks_footer_custom_js":"","_kadence_starter_templates_imported_post":false,"_kad_post_transparent":"default","_kad_post_title":"","_kad_post_layout":"default","_kad_post_sidebar_id":"","_kad_post_content_style":"default","_kad_post_vertical_padding":"default","_kad_post_feature":"","_kad_post_feature_position":"","_kad_post_header":false,"_kad_post_footer":false,"_kad_post_classname":""},"product_brand":[1415],"product_cat":[328,481,1029],"product_tag":[1065,491,359,1064,1066,1067,1056],"class_list":{"0":"post-19961","1":"product","2":"type-product","3":"status-publish","4":"has-post-thumbnail","6":"product_brand-mes-pochoirs","7":"product_cat-pochoirs-street-art","8":"product_cat-collections","9":"product_cat-spray-and-soul","10":"product_tag-chaines","11":"product_tag-expression","12":"product_tag-femme","13":"product_tag-liberte","14":"product_tag-papillons","15":"product_tag-renouveau","16":"product_tag-symbolique","18":"first","19":"instock","20":"taxable","21":"shipping-taxable","22":"purchasable","23":"product-type-variable","24":"has-default-attributes","25":"entry","26":"content-bg","27":"loop-entry"},"taxonomy_info":{"product_brand":[{"value":1415,"label":"Mes Pochoirs"}],"product_cat":[{"value":328,"label":"Street Art"},{"value":481,"label":"Collections"},{"value":1029,"label":"Spray and Soul"}],"product_tag":[{"value":1065,"label":"Cha\u00eenes"},{"value":491,"label":"expression"},{"value":359,"label":"femme"},{"value":1064,"label":"Libert\u00e9"},{"value":1066,"label":"Papillons"},{"value":1067,"label":"Renouveau"},{"value":1056,"label":"Symbolique"}]},"featured_image_src_large":["https:\/\/mes-pochoirs.com\/wp-content\/uploads\/2025\/01\/SA0040-pochoir-femme-liberee-copyright-mes-pochoirs-858x1030.jpg",858,1030,true],"author_info":[],"comment_info":0,"_links":{"self":[{"href":"https:\/\/mes-pochoirs.com\/de\/wp-json\/wp\/v2\/product\/19961","targetHints":{"allow":["GET"]}}],"collection":[{"href":"https:\/\/mes-pochoirs.com\/de\/wp-json\/wp\/v2\/product"}],"about":[{"href":"https:\/\/mes-pochoirs.com\/de\/wp-json\/wp\/v2\/types\/product"}],"replies":[{"embeddable":true,"href":"https:\/\/mes-pochoirs.com\/de\/wp-json\/wp\/v2\/comments?post=19961"}],"wp:featuredmedia":[{"embeddable":true,"href":"https:\/\/mes-pochoirs.com\/de\/wp-json\/wp\/v2\/media\/20067"}],"wp:attachment":[{"href":"https:\/\/mes-pochoirs.com\/de\/wp-json\/wp\/v2\/media?parent=19961"}],"wp:term":[{"taxonomy":"product_brand","embeddable":true,"href":"https:\/\/mes-pochoirs.com\/de\/wp-json\/wp\/v2\/product_brand?post=19961"},{"taxonomy":"product_cat","embeddable":true,"href":"https:\/\/mes-pochoirs.com\/de\/wp-json\/wp\/v2\/product_cat?post=19961"},{"taxonomy":"product_tag","embeddable":true,"href":"https:\/\/mes-pochoirs.com\/de\/wp-json\/wp\/v2\/product_tag?post=19961"}],"curies":[{"name":"wp","href":"https:\/\/api.w.org\/{rel}","templated":true}]}}