{"id":20015,"date":"2025-01-31T08:16:54","date_gmt":"2025-01-31T07:16:54","guid":{"rendered":"https:\/\/mes-pochoirs.com\/?post_type=product&#038;p=20015"},"modified":"2025-10-31T12:27:46","modified_gmt":"2025-10-31T11:27:46","slug":"schablone-konigin-selfie-sa0047","status":"publish","type":"product","link":"https:\/\/mes-pochoirs.com\/de\/produit\/pochoir-reine-selfie-sa0047","title":{"rendered":"Selfie-Schablone Royal - SA0047"},"content":{"rendered":"<h2>Selfie-Schablone Royal<\/h2>\n<h3>Eine majest\u00e4tische und abgedrehte Szene<\/h3>\n<p>Die <strong>Schablone K\u00f6nigin Selfie<\/strong>\u00a0zeigt eine emblematische k\u00f6nigliche Figur, geschm\u00fcckt mit ihrer Krone und ihrem Prunkschmuck, in einer unerwarteten Haltung: Die K\u00f6nigin h\u00e4lt ein Handy und scheint ein Selfie zu machen. Dieser krasse Kontrast zwischen Tradition und Moderne sorgt f\u00fcr eine humorvolle Note und hinterfragt den Stellenwert der neuen Technologien in unserem Alltag, selbst in den feierlichsten Institutionen. Diese Schablone spielt mit Ironie und Zweckentfremdung und modernisiert das Bild des K\u00f6nigshauses mit einem Hauch von Sarkasmus.<\/p>\n<h3>Ein eleganter und eindrucksvoller Street Art-Stil<\/h3>\n<p>Die <strong>Schablone K\u00f6nigin Selfie<\/strong>\u00a0verwendet ein ausdrucksstarkes Streetart-Design mit raffinierten Details, die die Eleganz und das Prestige des k\u00f6niglichen Outfits hervorheben. Diese subtile Mischung aus Raffinesse und Frechheit schafft ein starkes Image, das perfekt in die Welt des Graffiti und der urbanen Kunst passt. Seine ausdrucksstarke \u00c4sthetik macht ihn zum idealen Werkzeug, um k\u00fcnstlerische und dekorative Werke mit einem Hauch von Originalit\u00e4t zu personalisieren. Die Schablone l\u00e4sst sich leicht auf verschiedenen Untergr\u00fcnden - W\u00e4nden, Leinw\u00e4nden, M\u00f6beln oder Textilien - anbringen und eignet sich perfekt f\u00fcr alle, die ihren Kreationen eine humorvolle und moderne Note verleihen m\u00f6chten. Ob Sie nun ein leidenschaftlicher Street-Art-K\u00fcnstler oder ein K\u00fcnstler sind, der auf der Suche nach einem gewagten, symbolischen Bild ist, diese einzigartige Schablone wird Ihren Werken Charakter verleihen. Bringen Sie einen Hauch von k\u00f6niglicher Satire und zeitgen\u00f6ssischer K\u00fchnheit mit dieser <strong>Schablone Selfie Royal<\/strong> !<\/p>","protected":false},"excerpt":{"rendered":"<p><strong>Schablone K\u00f6nigin Selfie<\/strong> ideal f\u00fcr eine originelle Kreation. Hohe Qualit\u00e4t, wiederverwendbar, beidseitig verwendbar und in verschiedenen Gr\u00f6\u00dfen erh\u00e4ltlich.<\/p>","protected":false},"featured_media":20130,"comment_status":"open","ping_status":"closed","template":"","meta":{"bwfblock_default_font":"","_kad_blocks_custom_css":"","_kad_blocks_head_custom_js":"","_kad_blocks_body_custom_js":"","_kad_blocks_footer_custom_js":"","_kadence_starter_templates_imported_post":false,"_kad_post_transparent":"default","_kad_post_title":"","_kad_post_layout":"default","_kad_post_sidebar_id":"","_kad_post_content_style":"default","_kad_post_vertical_padding":"default","_kad_post_feature":"","_kad_post_feature_position":"","_kad_post_header":false,"_kad_post_footer":false,"_kad_post_classname":""},"product_brand":[1415],"product_cat":[328,481,732,1029],"product_tag":[439,1091,285,1075,471,675,1093,1111,1107,1092,1090,1047,1110],"class_list":{"0":"post-20015","1":"product","2":"type-product","3":"status-publish","4":"has-post-thumbnail","6":"product_brand-mes-pochoirs","7":"product_cat-pochoirs-street-art","8":"product_cat-collections","9":"product_cat-pochoirs-icones-celebrites","10":"product_cat-spray-and-soul","11":"product_tag-art","12":"product_tag-decale","13":"product_tag-graffiti","14":"product_tag-humoristique","15":"product_tag-icone","16":"product_tag-moderne","17":"product_tag-monarchie","18":"product_tag-photo","19":"product_tag-reine","20":"product_tag-royal","21":"product_tag-selfie","22":"product_tag-streetart","23":"product_tag-telephone","25":"first","26":"instock","27":"taxable","28":"shipping-taxable","29":"purchasable","30":"product-type-variable","31":"has-default-attributes","32":"entry","33":"content-bg","34":"loop-entry"},"taxonomy_info":{"product_brand":[{"value":1415,"label":"Mes Pochoirs"}],"product_cat":[{"value":328,"label":"Street Art"},{"value":481,"label":"Collections"},{"value":732,"label":"Ic\u00f4nes &amp; C\u00e9l\u00e9brit\u00e9s"},{"value":1029,"label":"Spray and Soul"}],"product_tag":[{"value":439,"label":"art"},{"value":1091,"label":"d\u00e9cal\u00e9"},{"value":285,"label":"graffiti"},{"value":1075,"label":"humoristique"},{"value":471,"label":"icone"},{"value":675,"label":"moderne"},{"value":1093,"label":"monarchie"},{"value":1111,"label":"photo"},{"value":1107,"label":"reine"},{"value":1092,"label":"royal"},{"value":1090,"label":"selfie"},{"value":1047,"label":"Streetart"},{"value":1110,"label":"t\u00e9l\u00e9phone"}]},"featured_image_src_large":["https:\/\/mes-pochoirs.com\/wp-content\/uploads\/2025\/01\/SA0047-pochoir-selfie-reine-copyright-mes-pochoirs-858x1030.jpg",858,1030,true],"author_info":[],"comment_info":0,"_links":{"self":[{"href":"https:\/\/mes-pochoirs.com\/de\/wp-json\/wp\/v2\/product\/20015","targetHints":{"allow":["GET"]}}],"collection":[{"href":"https:\/\/mes-pochoirs.com\/de\/wp-json\/wp\/v2\/product"}],"about":[{"href":"https:\/\/mes-pochoirs.com\/de\/wp-json\/wp\/v2\/types\/product"}],"replies":[{"embeddable":true,"href":"https:\/\/mes-pochoirs.com\/de\/wp-json\/wp\/v2\/comments?post=20015"}],"wp:featuredmedia":[{"embeddable":true,"href":"https:\/\/mes-pochoirs.com\/de\/wp-json\/wp\/v2\/media\/20130"}],"wp:attachment":[{"href":"https:\/\/mes-pochoirs.com\/de\/wp-json\/wp\/v2\/media?parent=20015"}],"wp:term":[{"taxonomy":"product_brand","embeddable":true,"href":"https:\/\/mes-pochoirs.com\/de\/wp-json\/wp\/v2\/product_brand?post=20015"},{"taxonomy":"product_cat","embeddable":true,"href":"https:\/\/mes-pochoirs.com\/de\/wp-json\/wp\/v2\/product_cat?post=20015"},{"taxonomy":"product_tag","embeddable":true,"href":"https:\/\/mes-pochoirs.com\/de\/wp-json\/wp\/v2\/product_tag?post=20015"}],"curies":[{"name":"wp","href":"https:\/\/api.w.org\/{rel}","templated":true}]}}