{"id":20260,"date":"2025-06-11T11:37:12","date_gmt":"2025-06-11T09:37:12","guid":{"rendered":"https:\/\/mes-pochoirs.com\/?post_type=product&#038;p=20260"},"modified":"2025-10-31T12:28:11","modified_gmt":"2025-10-31T11:28:11","slug":"schablone-bar-zigarre-ws006","status":"publish","type":"product","link":"https:\/\/mes-pochoirs.com\/de\/produit\/pochoir-ours-cigare-ws006","title":{"rendered":"Schablone Der B\u00e4r mit der Zigarre - WS006"},"content":{"rendered":"<h2>Schablone Zigarrenb\u00e4r<\/h2>\n<h3>Wild Smokers Collection<\/h3>\n<p>Tauchen Sie ein in eine Welt, in der rohe Kraft auf eine rebellische Haltung trifft. <strong>Schablone B\u00e4r Zigarre<\/strong>, c&#8217;est l&#8217;association percutante entre la majest\u00e9 de l\u2019ours et le charisme d\u2019un personnage intr\u00e9pide. Avec ses lunettes aviateur et son cigare fumant, cet ours impose une pr\u00e9sence in\u00e9galable, \u00e0 mi-chemin entre l\u2019animal sauvage et l\u2019ic\u00f4ne urbaine. Son regard dissimul\u00e9 renforce son aura de myst\u00e8re et d\u2019assurance, lui conf\u00e9rant une allure aussi \u00e9l\u00e9gante qu\u2019intimidante. Ce pochoir ne se contente pas d\u2019\u00eatre un simple motif : il raconte une histoire. Il \u00e9voque la libert\u00e9, l\u2019ind\u00e9pendance et une certaine insolence assum\u00e9e. Que vous soyez artiste, amateur de street-art ou cr\u00e9ateur en qu\u00eate d\u2019originalit\u00e9, il vous invite \u00e0 repousser les limites et \u00e0 marquer les esprits avec une \u0153uvre au caract\u00e8re bien tremp\u00e9. Le <strong>Schablone B\u00e4r Zigarre<\/strong> zieht sofort die Blicke auf sich und verleiht jeder Kreation eine starke grafische Note. Ihr detailliertes Design mit fein ausgearbeiteten Licht- und Schattenspielen ist so konzipiert, dass sie auf allen Oberfl\u00e4chen - W\u00e4nden, Leinw\u00e4nden, M\u00f6beln oder Textilien - eine eindrucksvolle Wirkung erzielt. Diese Schablone ist ideal f\u00fcr Customization-Fans und Liebhaber der urbanen Kunst und verwandelt Ihre Oberfl\u00e4chen in wahre Ausdruckskunstwerke. Sie ist der perfekte Begleiter, um Ihren Kreationen eine markante Identit\u00e4t zu verleihen, egal ob es sich um ein industrielles Dekor, eine moderne Inneneinrichtung oder ein engagiertes Kunstprojekt handelt. Mit <strong>Schablone B\u00e4r Zigarre<\/strong>Wenn Sie Ihre Kreativit\u00e4t auf eine neue Ebene heben, wird sie imposant, k\u00fchn und unvergesslich.<\/p>","protected":false},"excerpt":{"rendered":"<p><strong>Schablone B\u00e4r Zigarre<\/strong> in hoher Qualit\u00e4t, die f\u00fcr Gem\u00e4lde und einzigartige Bilder gedacht ist. Wiederverwendbar, beidseitig verwendbar und in verschiedenen Gr\u00f6\u00dfen erh\u00e4ltlich.<\/p>","protected":false},"featured_media":20283,"comment_status":"open","ping_status":"closed","template":"","meta":{"bwfblock_default_font":"","_kad_blocks_custom_css":"","_kad_blocks_head_custom_js":"","_kad_blocks_body_custom_js":"","_kad_blocks_footer_custom_js":"","_kadence_starter_templates_imported_post":false,"_kad_post_transparent":"default","_kad_post_title":"","_kad_post_layout":"default","_kad_post_sidebar_id":"","_kad_post_content_style":"default","_kad_post_vertical_padding":"default","_kad_post_feature":"","_kad_post_feature_position":"","_kad_post_header":false,"_kad_post_footer":false,"_kad_post_classname":""},"product_brand":[1415],"product_cat":[364,481,332,328,1447],"product_tag":[367,366,1446,642,322,360,1114,333,1444,327],"class_list":{"0":"post-20260","1":"product","2":"type-product","3":"status-publish","4":"has-post-thumbnail","6":"product_brand-mes-pochoirs","7":"product_cat-pochoirs-animaux","8":"product_cat-collections","9":"product_cat-pochoirs-pop-art","10":"product_cat-pochoirs-street-art","11":"product_cat-wild-smokers","12":"product_tag-animal","13":"product_tag-animaux","14":"product_tag-attitutde-rebelle","15":"product_tag-cigare","16":"product_tag-cool","17":"product_tag-lunettes-de-soleil","18":"product_tag-ours","19":"product_tag-pop-art","20":"product_tag-rebel","21":"product_tag-street-art","23":"first","24":"instock","25":"taxable","26":"shipping-taxable","27":"purchasable","28":"product-type-variable","29":"entry","30":"content-bg","31":"loop-entry"},"taxonomy_info":{"product_brand":[{"value":1415,"label":"Mes Pochoirs"}],"product_cat":[{"value":364,"label":"Animaux"},{"value":481,"label":"Collections"},{"value":332,"label":"Pop Art"},{"value":328,"label":"Street Art"},{"value":1447,"label":"Wild Smokers"}],"product_tag":[{"value":367,"label":"animal"},{"value":366,"label":"animaux"},{"value":1446,"label":"attitutde rebelle"},{"value":642,"label":"cigare"},{"value":322,"label":"cool"},{"value":360,"label":"lunettes de soleil"},{"value":1114,"label":"ours"},{"value":333,"label":"pop art"},{"value":1444,"label":"rebel"},{"value":327,"label":"street art"}]},"featured_image_src_large":["https:\/\/mes-pochoirs.com\/wp-content\/uploads\/2025\/02\/WS006-pochoir-ours-cigare-copyright-mes-pochoirs-858x1030.jpg",858,1030,true],"author_info":[],"comment_info":0,"_links":{"self":[{"href":"https:\/\/mes-pochoirs.com\/de\/wp-json\/wp\/v2\/product\/20260","targetHints":{"allow":["GET"]}}],"collection":[{"href":"https:\/\/mes-pochoirs.com\/de\/wp-json\/wp\/v2\/product"}],"about":[{"href":"https:\/\/mes-pochoirs.com\/de\/wp-json\/wp\/v2\/types\/product"}],"replies":[{"embeddable":true,"href":"https:\/\/mes-pochoirs.com\/de\/wp-json\/wp\/v2\/comments?post=20260"}],"wp:featuredmedia":[{"embeddable":true,"href":"https:\/\/mes-pochoirs.com\/de\/wp-json\/wp\/v2\/media\/20283"}],"wp:attachment":[{"href":"https:\/\/mes-pochoirs.com\/de\/wp-json\/wp\/v2\/media?parent=20260"}],"wp:term":[{"taxonomy":"product_brand","embeddable":true,"href":"https:\/\/mes-pochoirs.com\/de\/wp-json\/wp\/v2\/product_brand?post=20260"},{"taxonomy":"product_cat","embeddable":true,"href":"https:\/\/mes-pochoirs.com\/de\/wp-json\/wp\/v2\/product_cat?post=20260"},{"taxonomy":"product_tag","embeddable":true,"href":"https:\/\/mes-pochoirs.com\/de\/wp-json\/wp\/v2\/product_tag?post=20260"}],"curies":[{"name":"wp","href":"https:\/\/api.w.org\/{rel}","templated":true}]}}