{"id":20494,"date":"2025-02-11T14:04:56","date_gmt":"2025-02-11T13:04:56","guid":{"rendered":"https:\/\/mes-pochoirs.com\/?post_type=product&#038;p=20494"},"modified":"2025-10-31T12:29:30","modified_gmt":"2025-10-31T11:29:30","slug":"schablone-lippen-design-pgl010","status":"publish","type":"product","link":"https:\/\/mes-pochoirs.com\/de\/produit\/pochoir-levres-design-pgl010","title":{"rendered":"Schablone Design-Lippen - PGL010"},"content":{"rendered":"<h2>Design-Lippenschablone<\/h2>\n<h3>Ein Symbol f\u00fcr Ausdruck und Sinnlichkeit<\/h3>\n<p>Tauchen Sie ein in die Welt des <strong>Schablone Lippe Design<\/strong>Eine Einladung, K\u00fchnheit und Kreativit\u00e4t durch ein starkes und aussagekr\u00e4ftiges Bild auszudr\u00fccken. Dieses Modell stellt eine <strong>halbge\u00f6ffneter Mund<\/strong>Sie fangen einen Moment ein, der zwischen Geheimnis und Provokation schwebt. Die sorgf\u00e4ltigen Details der Lippen, kombiniert mit <strong>grafische Striche und Spritzer<\/strong>Die Schablone hat eine moderne und ausdrucksstarke Dimension. Mit ihrer dynamischen \u00c4sthetik verk\u00f6rpert sie die rohe Energie der urbanen Kunst und suggeriert gleichzeitig eine <strong>freier und selbstbewusster Ausdruck<\/strong>. Egal, ob Sie Sinnlichkeit, Rebellion oder einfach nur eine schlagkr\u00e4ftige Note in Ihre Kreationen einbringen wollen, diese Schablone wird zu einem unverzichtbaren Verb\u00fcndeten, um Eindruck zu schinden.<\/p>\n<h3>Ein urbaner und zeitgen\u00f6ssischer Stil f\u00fcr schlagkr\u00e4ftige Werke<\/h3>\n<p>Die <strong>Schablone Lippe Design<\/strong> inspiriert sich an den Codes des <strong>Street Art und modernes Grafikdesign<\/strong>. Seine gebrochenen Linien und die verlaufenden Effekte verleihen ihm ein <strong>unstrukturiert und dynamisch<\/strong>Diese Schablone ist perfekt f\u00fcr die Erstellung von Kunstwerken, die nicht unbemerkt bleiben. Mit einem subtilen Gleichgewicht zwischen Pr\u00e4zision und visuellem Chaos bietet diese Schablone eine <strong>einzigartige k\u00fcnstlerische Dimension<\/strong>Die Schablone ist eine Art von Schablone, die mit jedem Mal eine neue Facette ihres Charakters enth\u00fcllt. Diese Schablone ist ideal f\u00fcr Projekte auf Leinwand, W\u00e4nden, Textilien oder dekorativen Objekten. <strong>urbaner und k\u00fchner Geist<\/strong> zu Ihren Kreationen. Ob Sie nun K\u00fcnstler, Dekorateur oder leidenschaftlicher Customizer sind, er \u00f6ffnet Ihnen ein <strong>unbegrenztes Ausdrucksgebiet<\/strong>Sie k\u00f6nnen jedes Medium in ein fesselndes und originelles Werk verwandeln.<\/p>\n<p><strong>Dr\u00fccken Sie sich mit der Design-Schablone Lippe grenzenlos aus und verleihen Sie Ihren Kreationen Charakter!<\/strong><\/p>","protected":false},"excerpt":{"rendered":"<p><strong>Design-Lippenschablone<\/strong>F\u00fcr K\u00fcnstler und Street Art. Wiederverwendbar und beidseitig verwendbar, ideal f\u00fcr Gem\u00e4lde, Malerei und originelle Dekorationen.<\/p>","protected":false},"featured_media":20558,"comment_status":"open","ping_status":"closed","template":"","meta":{"bwfblock_default_font":"","_kad_blocks_custom_css":"","_kad_blocks_head_custom_js":"","_kad_blocks_body_custom_js":"","_kad_blocks_footer_custom_js":"","_kadence_starter_templates_imported_post":false,"_kad_post_transparent":"default","_kad_post_title":"","_kad_post_layout":"default","_kad_post_sidebar_id":"","_kad_post_content_style":"default","_kad_post_vertical_padding":"default","_kad_post_feature":"","_kad_post_feature_position":"","_kad_post_header":false,"_kad_post_footer":false,"_kad_post_classname":""},"product_brand":[1415],"product_cat":[1137,485,481,36],"product_tag":[689,494,489,147,692,359,739,1136,333,327,286,338],"class_list":{"0":"post-20494","1":"product","2":"type-product","3":"status-publish","4":"has-post-thumbnail","6":"product_brand-mes-pochoirs","7":"product_cat-pop-graffiti-lips","8":"product_cat-close-up","9":"product_cat-collections","10":"product_cat-pochoirs-portraits-visages","11":"product_tag-artistique","12":"product_tag-bouche","13":"product_tag-close-up","14":"product_tag-design","15":"product_tag-expressif","16":"product_tag-femme","17":"product_tag-graphique","18":"product_tag-levres","19":"product_tag-pop-art","20":"product_tag-street-art","21":"product_tag-urbain","22":"product_tag-visage","24":"first","25":"instock","26":"taxable","27":"shipping-taxable","28":"purchasable","29":"product-type-variable","30":"entry","31":"content-bg","32":"loop-entry"},"taxonomy_info":{"product_brand":[{"value":1415,"label":"Mes Pochoirs"}],"product_cat":[{"value":1137,"label":"Pop Graffiti Lips"},{"value":485,"label":"Close-Up"},{"value":481,"label":"Collections"},{"value":36,"label":"Portraits &amp; Visages"}],"product_tag":[{"value":689,"label":"artistique"},{"value":494,"label":"bouche"},{"value":489,"label":"Close-Up"},{"value":147,"label":"Design"},{"value":692,"label":"expressif"},{"value":359,"label":"femme"},{"value":739,"label":"graphique"},{"value":1136,"label":"l\u00e8vres"},{"value":333,"label":"pop art"},{"value":327,"label":"street art"},{"value":286,"label":"urbain"},{"value":338,"label":"visage"}]},"featured_image_src_large":["https:\/\/mes-pochoirs.com\/wp-content\/uploads\/2025\/02\/PGL010-pochoir-close-up-levres-copyright-mes-pochoirs-858x1030.jpg",858,1030,true],"author_info":[],"comment_info":0,"_links":{"self":[{"href":"https:\/\/mes-pochoirs.com\/de\/wp-json\/wp\/v2\/product\/20494","targetHints":{"allow":["GET"]}}],"collection":[{"href":"https:\/\/mes-pochoirs.com\/de\/wp-json\/wp\/v2\/product"}],"about":[{"href":"https:\/\/mes-pochoirs.com\/de\/wp-json\/wp\/v2\/types\/product"}],"replies":[{"embeddable":true,"href":"https:\/\/mes-pochoirs.com\/de\/wp-json\/wp\/v2\/comments?post=20494"}],"wp:featuredmedia":[{"embeddable":true,"href":"https:\/\/mes-pochoirs.com\/de\/wp-json\/wp\/v2\/media\/20558"}],"wp:attachment":[{"href":"https:\/\/mes-pochoirs.com\/de\/wp-json\/wp\/v2\/media?parent=20494"}],"wp:term":[{"taxonomy":"product_brand","embeddable":true,"href":"https:\/\/mes-pochoirs.com\/de\/wp-json\/wp\/v2\/product_brand?post=20494"},{"taxonomy":"product_cat","embeddable":true,"href":"https:\/\/mes-pochoirs.com\/de\/wp-json\/wp\/v2\/product_cat?post=20494"},{"taxonomy":"product_tag","embeddable":true,"href":"https:\/\/mes-pochoirs.com\/de\/wp-json\/wp\/v2\/product_tag?post=20494"}],"curies":[{"name":"wp","href":"https:\/\/api.w.org\/{rel}","templated":true}]}}