{"id":20827,"date":"2025-02-19T09:53:18","date_gmt":"2025-02-19T08:53:18","guid":{"rendered":"https:\/\/mes-pochoirs.com\/?post_type=product&#038;p=20827"},"modified":"2025-10-31T12:29:47","modified_gmt":"2025-10-31T11:29:47","slug":"schablone-urbane-kunst-dripping-ddm004","status":"publish","type":"product","link":"https:\/\/mes-pochoirs.com\/de\/produit\/pochoir-art-urbain-dripping-ddm004","title":{"rendered":"Schablone Female Face - Shadows &amp; Coulures - DDM004"},"content":{"rendered":"<h2>Urban Art Schablone Dripping<\/h2>\n<h3>Ein intensiver und emotionaler Ausdruck<\/h3>\n<p>Tauchen Sie ein in die Welt der rohen Emotionen mit diesem <strong>Urban Art Schablone Dripping<\/strong>Das Gem\u00e4lde \"Das Gesicht der Frau\" ist eine eindrucksvolle Darstellung eines weiblichen Gesichts, das von Geheimnis und Macht gepr\u00e4gt ist. Mit geschlossenen Augen und leicht erhobenem Kopf erinnert dieses Portr\u00e4t an einen schwebenden Moment zwischen <strong>Ekstase, Tr\u00e4umerei und tiefe Selbstbeobachtung<\/strong>. Die wie Tintentr\u00e4nen wirkenden Farbverl\u00e4ufe hauchen dem Werk einen Hauch von <strong>Zerbrechlichkeit und St\u00e4rke zugleich<\/strong>Als ob die Emotionen \u00fcber den Rahmen hinausgehen und sich dar\u00fcber hinaus ausbreiten. Die Schablone ist mehr als nur ein dekoratives Werkzeug: Sie ist <strong>tr\u00e4gt eine starke Botschaft<\/strong>und l\u00e4sst Raum f\u00fcr Interpretationen und Kreativit\u00e4t. Ob Sie nun Freiheit, Leidenschaft oder einen Hauch von Melancholie ausdr\u00fccken m\u00f6chten, dieses Modell bietet Ihnen die perfekte Grundlage, um Ihre eigene Geschichte zu erz\u00e4hlen - intensiv und charaktervoll.<\/p>\n<h3>\u00a0Ein kraftvoller grafischer Stil<\/h3>\n<p>Inspiriert vom <strong>Street Art und Pop Art<\/strong>Dies <strong>Urban Art Schablone Dripping<\/strong> spielt mit Kontrasten und Materialeffekten f\u00fcr ein schlagkr\u00e4ftiges und modernes Erscheinungsbild. Die minimalistische, aber ausdrucksstarke \u00c4sthetik erinnert an urbane Wandmalereien und die durchschlagenden Werke der Graffiti-Welt. Der \"Dripping\"-Effekt verleiht eine einzigartige Dimension, wie eine noch frische Farbe, die auf dem Untergrund zu vibrieren scheint, was eine <strong>Eindruck von Bewegung und roher Energie<\/strong>. Mit dieser Schablone verwandeln Sie <strong>Ihre Werke, Ihre W\u00e4nde oder Ihre Gegenst\u00e4nde<\/strong> in echten <strong>k\u00fcnstlerische Kreationen<\/strong> mit starker visueller Wirkung. Es eignet sich perfekt, um eine moderne Inneneinrichtung, ein K\u00fcnstleratelier oder ein aussagekr\u00e4ftiges Wandgem\u00e4lde individuell zu gestalten. Ob Sie nun ein Liebhaber von Street Art sind oder ein K\u00fcnstler auf der Suche nach einem <strong>m\u00e4chtiges Werkzeug, um Ihre Vision auszudr\u00fccken<\/strong>Diese Schablone wird Sie bei der Herstellung von originellen und markanten Werken begleiten.<\/p>\n<p><strong>Verleihen Sie Ihren Kreationen mit dieser inspirierenden Schablone einen Hauch von Emotion und K\u00fchnheit!<\/strong><\/p>","protected":false},"excerpt":{"rendered":"<p><strong>Schablone Urban Art Dripping<\/strong> perfekt f\u00fcr K\u00fcnstler. Hochpr\u00e4zise, wiederverwendbar und ideal f\u00fcr Fresken, Wandmalerei oder originelle Kreationen.<\/p>","protected":false},"featured_media":20967,"comment_status":"open","ping_status":"closed","template":"","meta":{"bwfblock_default_font":"","_kad_blocks_custom_css":"","_kad_blocks_head_custom_js":"","_kad_blocks_body_custom_js":"","_kad_blocks_footer_custom_js":"","_kadence_starter_templates_imported_post":false,"_kad_post_transparent":"default","_kad_post_title":"","_kad_post_layout":"default","_kad_post_sidebar_id":"","_kad_post_content_style":"default","_kad_post_vertical_padding":"default","_kad_post_feature":"","_kad_post_feature_position":"","_kad_post_header":false,"_kad_post_footer":false,"_kad_post_classname":""},"product_brand":[1415],"product_cat":[1139,481,36],"product_tag":[694,689,1142,147,1141,1058,359,285,1143,390,1140,327,286,338],"class_list":{"0":"post-20827","1":"product","2":"type-product","3":"status-publish","4":"has-post-thumbnail","6":"product_brand-mes-pochoirs","7":"product_cat-dripping-dreams","8":"product_cat-collections","9":"product_cat-pochoirs-portraits-visages","10":"product_tag-abstrait","11":"product_tag-artistique","12":"product_tag-coulures","13":"product_tag-design","14":"product_tag-dripping","15":"product_tag-emotion","16":"product_tag-femme","17":"product_tag-graffiti","18":"product_tag-ombres","19":"product_tag-portrait","20":"product_tag-silhouette","21":"product_tag-street-art","22":"product_tag-urbain","23":"product_tag-visage","25":"first","26":"instock","27":"taxable","28":"shipping-taxable","29":"purchasable","30":"product-type-variable","31":"has-default-attributes","32":"entry","33":"content-bg","34":"loop-entry"},"taxonomy_info":{"product_brand":[{"value":1415,"label":"Mes Pochoirs"}],"product_cat":[{"value":1139,"label":"Dripping Dreams"},{"value":481,"label":"Collections"},{"value":36,"label":"Portraits &amp; Visages"}],"product_tag":[{"value":694,"label":"abstrait"},{"value":689,"label":"artistique"},{"value":1142,"label":"coulures"},{"value":147,"label":"Design"},{"value":1141,"label":"dripping"},{"value":1058,"label":"Emotion"},{"value":359,"label":"femme"},{"value":285,"label":"graffiti"},{"value":1143,"label":"ombres"},{"value":390,"label":"portrait"},{"value":1140,"label":"silhouette"},{"value":327,"label":"street art"},{"value":286,"label":"urbain"},{"value":338,"label":"visage"}]},"featured_image_src_large":["https:\/\/mes-pochoirs.com\/wp-content\/uploads\/2025\/02\/DDM004-pochoir-visage-femme-dripping-dreams-copyright-mes-pochoirs-858x1030.jpg",858,1030,true],"author_info":[],"comment_info":0,"_links":{"self":[{"href":"https:\/\/mes-pochoirs.com\/de\/wp-json\/wp\/v2\/product\/20827","targetHints":{"allow":["GET"]}}],"collection":[{"href":"https:\/\/mes-pochoirs.com\/de\/wp-json\/wp\/v2\/product"}],"about":[{"href":"https:\/\/mes-pochoirs.com\/de\/wp-json\/wp\/v2\/types\/product"}],"replies":[{"embeddable":true,"href":"https:\/\/mes-pochoirs.com\/de\/wp-json\/wp\/v2\/comments?post=20827"}],"wp:featuredmedia":[{"embeddable":true,"href":"https:\/\/mes-pochoirs.com\/de\/wp-json\/wp\/v2\/media\/20967"}],"wp:attachment":[{"href":"https:\/\/mes-pochoirs.com\/de\/wp-json\/wp\/v2\/media?parent=20827"}],"wp:term":[{"taxonomy":"product_brand","embeddable":true,"href":"https:\/\/mes-pochoirs.com\/de\/wp-json\/wp\/v2\/product_brand?post=20827"},{"taxonomy":"product_cat","embeddable":true,"href":"https:\/\/mes-pochoirs.com\/de\/wp-json\/wp\/v2\/product_cat?post=20827"},{"taxonomy":"product_tag","embeddable":true,"href":"https:\/\/mes-pochoirs.com\/de\/wp-json\/wp\/v2\/product_tag?post=20827"}],"curies":[{"name":"wp","href":"https:\/\/api.w.org\/{rel}","templated":true}]}}