{"id":20841,"date":"2025-02-19T11:00:07","date_gmt":"2025-02-19T10:00:07","guid":{"rendered":"https:\/\/mes-pochoirs.com\/?post_type=product&#038;p=20841"},"modified":"2025-10-31T12:29:49","modified_gmt":"2025-10-31T11:29:49","slug":"schablone-gesicht-moderne-kunst-ddm006","status":"publish","type":"product","link":"https:\/\/mes-pochoirs.com\/de\/produit\/pochoir-visage-art-moderne-ddm006","title":{"rendered":"Schablone Female Face - Shadows &amp; Coulures - DDM006"},"content":{"rendered":"<h2>Schablone Gesicht Moderne Kunst<\/h2>\n<h3>Ein Ausdruck von Sinnlichkeit und Emotionen<\/h3>\n<p>Tauchen Sie in eine fesselnde Kunstwelt ein mit diesem <strong>Schablone Gesicht moderne Kunst<\/strong>Ein einzigartiges St\u00fcck, das Intensit\u00e4t und Sinnlichkeit in einem weiblichen Profil mit ausdrucksstarken Linien einf\u00e4ngt. Die halb ge\u00f6ffneten Lippen, der von zarten Wimpern betonte Blick und die leicht nach hinten geneigte Haltung suggerieren einen Moment, der zwischen Hingabe und Tr\u00e4umerei schwebt. Jeder Strich, den Sie mit dieser Schablone setzen, erweckt eine Silhouette zum Leben, die von <strong>Geheimnis und emotionaler Kraft<\/strong>Die <strong>starke k\u00fcnstlerische Dimension<\/strong> zu Ihren Kreationen. Diese Schablone ist mehr als nur ein einfaches Malwerkzeug: Sie erz\u00e4hlt eine Geschichte, die Geschichte eines <strong>bet\u00f6rendes Gesicht<\/strong>Ein Hauch von Emotion, der in einem starken Kontrast eingefroren ist. Es wurde entwickelt, um Folgendes zu bieten <strong>eine starke visuelle Wirkung<\/strong>Das Buch ist ideal f\u00fcr alle, die sich ausdr\u00fccken wollen. <strong>Intensit\u00e4t und Tiefe durch Kunst<\/strong>.<\/p>\n<h3>Ein zeitgen\u00f6ssischer und urbaner Stil<\/h3>\n<p>Diese <strong>Schablone Gesicht moderne Kunst<\/strong> sch\u00f6pft seine Inspiration aus dem <strong>Street Art und Pop Art<\/strong>Mit seinem schlichten Design eignet er sich sowohl f\u00fcr Leinw\u00e4nde als auch f\u00fcr W\u00e4nde und M\u00f6bel. Sein grafischer Stil, der von klaren Linien und akzentuierten Schattenbereichen gepr\u00e4gt ist, erinnert an die Welt der urbanen Wandmalerei, beh\u00e4lt aber einen Hauch von minimalistischer Eleganz bei. Die leicht verlaufenden Effekte verleihen dem Bild eine besondere Note. <strong>rohe und authentische Dimension<\/strong>Die perfekte Wahl f\u00fcr Liebhaber von <strong>zeitgen\u00f6ssische Dekoration und schlagkr\u00e4ftige Kunst<\/strong>. Mit dieser Schablone k\u00f6nnen Sie Ihrer Kreativit\u00e4t freien Lauf lassen und Ihren Werken eine <strong>k\u00fchne k\u00fcnstlerische Pr\u00e4gung<\/strong>. Ob Sie nun ein Liebhaber der urbanen Kunst, ein Dekorateur auf der Suche nach einem starken St\u00fcck oder ein K\u00fcnstler sind, der eine starke Emotion vermitteln m\u00f6chte, diese Schablone wird Ihnen dabei helfen <strong>jeden Untergrund in ein echtes Kunstwerk verwandeln.<\/strong><\/p>","protected":false},"excerpt":{"rendered":"<p><strong>Schablone Gesicht moderne Kunst<\/strong> wiederverwendbar und beidseitig verwendbar. Verleihen Sie Ihren Kunstwerken auf W\u00e4nden, Leinw\u00e4nden oder M\u00f6beln einen k\u00fcnstlerischen Touch.<\/p>","protected":false},"featured_media":20969,"comment_status":"open","ping_status":"closed","template":"","meta":{"bwfblock_default_font":"","_kad_blocks_custom_css":"","_kad_blocks_head_custom_js":"","_kad_blocks_body_custom_js":"","_kad_blocks_footer_custom_js":"","_kadence_starter_templates_imported_post":false,"_kad_post_transparent":"default","_kad_post_title":"","_kad_post_layout":"default","_kad_post_sidebar_id":"","_kad_post_content_style":"default","_kad_post_vertical_padding":"default","_kad_post_feature":"","_kad_post_feature_position":"","_kad_post_header":false,"_kad_post_footer":false,"_kad_post_classname":""},"product_brand":[1415],"product_cat":[1139,481,36],"product_tag":[694,689,1142,147,1141,1058,359,285,1143,390,1140,327,286,338],"class_list":{"0":"post-20841","1":"product","2":"type-product","3":"status-publish","4":"has-post-thumbnail","6":"product_brand-mes-pochoirs","7":"product_cat-dripping-dreams","8":"product_cat-collections","9":"product_cat-pochoirs-portraits-visages","10":"product_tag-abstrait","11":"product_tag-artistique","12":"product_tag-coulures","13":"product_tag-design","14":"product_tag-dripping","15":"product_tag-emotion","16":"product_tag-femme","17":"product_tag-graffiti","18":"product_tag-ombres","19":"product_tag-portrait","20":"product_tag-silhouette","21":"product_tag-street-art","22":"product_tag-urbain","23":"product_tag-visage","25":"first","26":"instock","27":"taxable","28":"shipping-taxable","29":"purchasable","30":"product-type-variable","31":"has-default-attributes","32":"entry","33":"content-bg","34":"loop-entry"},"taxonomy_info":{"product_brand":[{"value":1415,"label":"Mes Pochoirs"}],"product_cat":[{"value":1139,"label":"Dripping Dreams"},{"value":481,"label":"Collections"},{"value":36,"label":"Portraits &amp; Visages"}],"product_tag":[{"value":694,"label":"abstrait"},{"value":689,"label":"artistique"},{"value":1142,"label":"coulures"},{"value":147,"label":"Design"},{"value":1141,"label":"dripping"},{"value":1058,"label":"Emotion"},{"value":359,"label":"femme"},{"value":285,"label":"graffiti"},{"value":1143,"label":"ombres"},{"value":390,"label":"portrait"},{"value":1140,"label":"silhouette"},{"value":327,"label":"street art"},{"value":286,"label":"urbain"},{"value":338,"label":"visage"}]},"featured_image_src_large":["https:\/\/mes-pochoirs.com\/wp-content\/uploads\/2025\/02\/DDM006-pochoir-visage-femme-dripping-dreams-copyright-mes-pochoirs-858x1030.jpg",858,1030,true],"author_info":[],"comment_info":0,"_links":{"self":[{"href":"https:\/\/mes-pochoirs.com\/de\/wp-json\/wp\/v2\/product\/20841","targetHints":{"allow":["GET"]}}],"collection":[{"href":"https:\/\/mes-pochoirs.com\/de\/wp-json\/wp\/v2\/product"}],"about":[{"href":"https:\/\/mes-pochoirs.com\/de\/wp-json\/wp\/v2\/types\/product"}],"replies":[{"embeddable":true,"href":"https:\/\/mes-pochoirs.com\/de\/wp-json\/wp\/v2\/comments?post=20841"}],"wp:featuredmedia":[{"embeddable":true,"href":"https:\/\/mes-pochoirs.com\/de\/wp-json\/wp\/v2\/media\/20969"}],"wp:attachment":[{"href":"https:\/\/mes-pochoirs.com\/de\/wp-json\/wp\/v2\/media?parent=20841"}],"wp:term":[{"taxonomy":"product_brand","embeddable":true,"href":"https:\/\/mes-pochoirs.com\/de\/wp-json\/wp\/v2\/product_brand?post=20841"},{"taxonomy":"product_cat","embeddable":true,"href":"https:\/\/mes-pochoirs.com\/de\/wp-json\/wp\/v2\/product_cat?post=20841"},{"taxonomy":"product_tag","embeddable":true,"href":"https:\/\/mes-pochoirs.com\/de\/wp-json\/wp\/v2\/product_tag?post=20841"}],"curies":[{"name":"wp","href":"https:\/\/api.w.org\/{rel}","templated":true}]}}