{"id":20921,"date":"2025-02-19T12:08:13","date_gmt":"2025-02-19T11:08:13","guid":{"rendered":"https:\/\/mes-pochoirs.com\/?post_type=product&#038;p=20921"},"modified":"2025-10-31T12:30:20","modified_gmt":"2025-10-31T11:30:20","slug":"schablone-kunstlerisches-gesicht-ddm013","status":"publish","type":"product","link":"https:\/\/mes-pochoirs.com\/de\/produit\/pochoir-visage-artistique-ddm013","title":{"rendered":"Schablone Female Face - Shadows &amp; Coulures - DDM013"},"content":{"rendered":"<h2>Schablone Gesicht K\u00fcnstlerisch<\/h2>\n<h3>Ein emotionales und ausdrucksstarkes Portr\u00e4t<\/h3>\n<p>Tauchen Sie ein in die Welt der Emotionen und der Kreativit\u00e4t mit diesem <strong>Schablone Kunstgesicht<\/strong>Das Bild ist eine eindrucksvolle Darstellung eines weiblichen Profils, das von Geheimnis und Poesie gepr\u00e4gt ist. Mit geschlossenen Augen, zarten Gesichtsz\u00fcgen und leicht ge\u00f6ffneten Lippen scheint dieses Gesicht einen Moment einzufangen, der zwischen Introspektion und Hingabe schwebt. Der Effekt des Spritzens und Flie\u00dfens f\u00fcgt eine dramatische Dimension hinzu, als ob sich Zeit und Farbe vermischen, um eine intensive Emotion einzufrieren. Diese Schablone ist mehr als nur Dekoration: Sie erz\u00e4hlt eine Geschichte. Sie erinnert an innere St\u00e4rke, Loslassen und die fl\u00fcchtige Sch\u00f6nheit eines fl\u00fcchtigen Augenblicks. Ob auf einer Wand, einer Leinwand oder einem M\u00f6belst\u00fcck, es zieht den Blick auf sich und regt die Fantasie an. Er l\u00e4dt jeden K\u00fcnstler ein, sich diese Silhouette anzueignen, um daraus ein einzigartiges Werk zu schaffen, das von seiner eigenen Botschaft gepr\u00e4gt ist.<\/p>\n<h3>\u00a0Eine moderne und eindrucksvolle \u00c4sthetik<\/h3>\n<p>Inspiriert von den Codes des <strong>Stra\u00dfenkunst<\/strong> und Grafikdesign ist dieses <strong>Schablone Kunstgesicht<\/strong> vereint k\u00fchn den Realismus eines weiblichen Portr\u00e4ts mit der Abstraktion roher, dynamischer Formen. Der Kontrast zwischen scharfen Details und Verl\u00e4ufen sorgt f\u00fcr einen zeitgen\u00f6ssischen Touch, der an die Techniken der <strong>dripping<\/strong> und von <strong>Graffiti-Kunst<\/strong>Diese Schablonen eignen sich perfekt, um jedem Material Charakter zu verleihen. Mit ihren pr\u00e4zisen Details und dem ausgewogenen Verh\u00e4ltnis von Licht und Schatten ist diese Schablone ein m\u00e4chtiges Werkzeug, um ausdrucksstarke und originelle Kunstwerke zu schaffen. Sie passt sowohl in eine moderne Inneneinrichtung als auch in ein urbanes Kunstprojekt. Sie ist ideal f\u00fcr Kunstliebhaber, Dekorateure und DIY-Enthusiasten und bietet unendlich viele kreative M\u00f6glichkeiten, von intensivem Schwarz bis hin zu vibrierenden Farbspielen. Lassen Sie Ihrer Fantasie freien Lauf und erwecken Sie Ihre eigene k\u00fcnstlerische Vision zum Leben mit diesem <strong>Schablone Kunstgesicht<\/strong> die mit Sicherheit f\u00fcr Aufsehen sorgen wird!<\/p>","protected":false},"excerpt":{"rendered":"<p><strong>Schablone Gesicht K\u00fcnstlerisch<\/strong> ausdrucksstark zum Malen und Dekorieren. Wiederverwendbar, beidseitig verwendbar und in verschiedenen Gr\u00f6\u00dfen erh\u00e4ltlich.<\/p>","protected":false},"featured_media":20979,"comment_status":"open","ping_status":"closed","template":"","meta":{"bwfblock_default_font":"","_kad_blocks_custom_css":"","_kad_blocks_head_custom_js":"","_kad_blocks_body_custom_js":"","_kad_blocks_footer_custom_js":"","_kadence_starter_templates_imported_post":false,"_kad_post_transparent":"default","_kad_post_title":"","_kad_post_layout":"default","_kad_post_sidebar_id":"","_kad_post_content_style":"default","_kad_post_vertical_padding":"default","_kad_post_feature":"","_kad_post_feature_position":"","_kad_post_header":false,"_kad_post_footer":false,"_kad_post_classname":""},"product_brand":[1415],"product_cat":[1139,481,36],"product_tag":[694,689,1142,147,1141,1058,359,285,1143,390,1140,327,286,338],"class_list":{"0":"post-20921","1":"product","2":"type-product","3":"status-publish","4":"has-post-thumbnail","6":"product_brand-mes-pochoirs","7":"product_cat-dripping-dreams","8":"product_cat-collections","9":"product_cat-pochoirs-portraits-visages","10":"product_tag-abstrait","11":"product_tag-artistique","12":"product_tag-coulures","13":"product_tag-design","14":"product_tag-dripping","15":"product_tag-emotion","16":"product_tag-femme","17":"product_tag-graffiti","18":"product_tag-ombres","19":"product_tag-portrait","20":"product_tag-silhouette","21":"product_tag-street-art","22":"product_tag-urbain","23":"product_tag-visage","25":"first","26":"instock","27":"taxable","28":"shipping-taxable","29":"purchasable","30":"product-type-variable","31":"entry","32":"content-bg","33":"loop-entry"},"taxonomy_info":{"product_brand":[{"value":1415,"label":"Mes Pochoirs"}],"product_cat":[{"value":1139,"label":"Dripping Dreams"},{"value":481,"label":"Collections"},{"value":36,"label":"Portraits &amp; Visages"}],"product_tag":[{"value":694,"label":"abstrait"},{"value":689,"label":"artistique"},{"value":1142,"label":"coulures"},{"value":147,"label":"Design"},{"value":1141,"label":"dripping"},{"value":1058,"label":"Emotion"},{"value":359,"label":"femme"},{"value":285,"label":"graffiti"},{"value":1143,"label":"ombres"},{"value":390,"label":"portrait"},{"value":1140,"label":"silhouette"},{"value":327,"label":"street art"},{"value":286,"label":"urbain"},{"value":338,"label":"visage"}]},"featured_image_src_large":["https:\/\/mes-pochoirs.com\/wp-content\/uploads\/2025\/02\/DDM013-pochoir-visage-femme-dripping-dreams-copyright-mes-pochoirs-858x1030.jpg",858,1030,true],"author_info":[],"comment_info":0,"_links":{"self":[{"href":"https:\/\/mes-pochoirs.com\/de\/wp-json\/wp\/v2\/product\/20921","targetHints":{"allow":["GET"]}}],"collection":[{"href":"https:\/\/mes-pochoirs.com\/de\/wp-json\/wp\/v2\/product"}],"about":[{"href":"https:\/\/mes-pochoirs.com\/de\/wp-json\/wp\/v2\/types\/product"}],"replies":[{"embeddable":true,"href":"https:\/\/mes-pochoirs.com\/de\/wp-json\/wp\/v2\/comments?post=20921"}],"wp:featuredmedia":[{"embeddable":true,"href":"https:\/\/mes-pochoirs.com\/de\/wp-json\/wp\/v2\/media\/20979"}],"wp:attachment":[{"href":"https:\/\/mes-pochoirs.com\/de\/wp-json\/wp\/v2\/media?parent=20921"}],"wp:term":[{"taxonomy":"product_brand","embeddable":true,"href":"https:\/\/mes-pochoirs.com\/de\/wp-json\/wp\/v2\/product_brand?post=20921"},{"taxonomy":"product_cat","embeddable":true,"href":"https:\/\/mes-pochoirs.com\/de\/wp-json\/wp\/v2\/product_cat?post=20921"},{"taxonomy":"product_tag","embeddable":true,"href":"https:\/\/mes-pochoirs.com\/de\/wp-json\/wp\/v2\/product_tag?post=20921"}],"curies":[{"name":"wp","href":"https:\/\/api.w.org\/{rel}","templated":true}]}}