{"id":20934,"date":"2025-02-19T12:14:27","date_gmt":"2025-02-19T11:14:27","guid":{"rendered":"https:\/\/mes-pochoirs.com\/?post_type=product&#038;p=20934"},"modified":"2025-10-31T12:30:22","modified_gmt":"2025-10-31T11:30:22","slug":"schablone-coulures-visage-ddm014","status":"publish","type":"product","link":"https:\/\/mes-pochoirs.com\/de\/produit\/pochoir-coulures-visage-ddm014","title":{"rendered":"Schablone Female Face - Shadows &amp; Coulures - DDM014"},"content":{"rendered":"<h2>Schablone Wunden Gesicht<\/h2>\n<h3>Ein ausdrucksstarkes und intensives Portr\u00e4t<\/h3>\n<p>Verleihen Sie Ihren Kreationen einen gewagten k\u00fcnstlerischen Touch mit diesem <strong>Schablone Wunden Gesicht<\/strong>Das Bild zeigt ein fesselndes und geheimnisvolles weibliches Portr\u00e4t. Ihr intensiver Blick und ihr ruhiger Ausdruck scheinen eine Geschichte zu erz\u00e4hlen, eine Emotion, die in der Zeit eingefroren ist. Der Wischeffekt und die verlaufende Farbe f\u00fcgen eine dramatische Dimension hinzu, die an den Lauf der Zeit, die Transformation und die Kraft der urbanen Kunst erinnert. Diese Schablone ist viel mehr als nur ein Motiv: Sie wird zu einem echten <strong>Ausdrucksmittel<\/strong> um bedeutungsvolle und emotionale Werke zum Leben zu erwecken. Ob Sie eine Wand, eine Leinwand oder M\u00f6bel individuell gestalten m\u00f6chten, dieser <strong>Schablone Wunden Gesicht<\/strong>\u00a0wird eine starke visuelle Wirkung erzielen. Sein ausdrucksstarkes Design zieht sofort den Blick auf sich und l\u00e4dt zur Interpretation ein. Er passt zu modernen, industriellen oder k\u00fcnstlerischen Umgebungen und sorgt f\u00fcr eine einzigartige, vibrierende Dekoration.<\/p>\n<h3>Ein Stil Zwischen Street Art und Minimalismus<\/h3>\n<p>Inspiriert vom <strong>Street Art und zeitgen\u00f6ssischer Grafik<\/strong>Dies <strong>Schablone Wunden Gesicht<\/strong> vereint Minimalismus und visuelle Kraft. Seine Kontraste erinnern an die urbanen Schablonentechniken, die von den gro\u00dfen Namen der Graffiti-Szene verwendet wurden, und bewahren gleichzeitig eine schlichte Eleganz. Der Dripping-Effekt f\u00fcgt einen k\u00fcnstlerischen Touch hinzu und verst\u00e4rkt die Dynamik des Designs. Diese Schablone ist perfekt f\u00fcr K\u00fcnstler, Designer und Liebhaber von originellen Dekorationen, die dem Ganzen eine <strong>starke Identit\u00e4t ihrer Werke<\/strong>. Einfach auf verschiedenen Untergr\u00fcnden (W\u00e4nde, Leinw\u00e4nde, Holz, Textilien) zu verwenden, wird es zu einem <strong>kreativer Verb\u00fcndeter<\/strong> um eine aussagekr\u00e4ftige Botschaft auszudr\u00fccken, einen Stil zu bekr\u00e4ftigen oder einfach einen Raum mit einem k\u00fcnstlerischen und zeitgen\u00f6ssischen Touch zu versch\u00f6nern. Mit dieser Schablone wird jedes Projekt zu einem visuellen Statement, das Kraft, Eleganz und Modernit\u00e4t miteinander verbindet.<\/p>","protected":false},"excerpt":{"rendered":"<p><strong data-start=\"1265\" data-end=\"1293\">Schablone Wunden Gesicht<\/strong> von Street Art inspiriert, perfekt zum Erstellen einzigartiger Kunstwerke. Hohe Qualit\u00e4t, wiederverwendbar und in verschiedenen Gr\u00f6\u00dfen erh\u00e4ltlich.<\/p>","protected":false},"featured_media":20980,"comment_status":"open","ping_status":"closed","template":"","meta":{"bwfblock_default_font":"","_kad_blocks_custom_css":"","_kad_blocks_head_custom_js":"","_kad_blocks_body_custom_js":"","_kad_blocks_footer_custom_js":"","_kadence_starter_templates_imported_post":false,"_kad_post_transparent":"default","_kad_post_title":"","_kad_post_layout":"default","_kad_post_sidebar_id":"","_kad_post_content_style":"default","_kad_post_vertical_padding":"default","_kad_post_feature":"","_kad_post_feature_position":"","_kad_post_header":false,"_kad_post_footer":false,"_kad_post_classname":""},"product_brand":[1415],"product_cat":[1139,481,36],"product_tag":[694,689,1142,147,1141,1058,359,285,1143,390,1140,327,286,338],"class_list":{"0":"post-20934","1":"product","2":"type-product","3":"status-publish","4":"has-post-thumbnail","6":"product_brand-mes-pochoirs","7":"product_cat-dripping-dreams","8":"product_cat-collections","9":"product_cat-pochoirs-portraits-visages","10":"product_tag-abstrait","11":"product_tag-artistique","12":"product_tag-coulures","13":"product_tag-design","14":"product_tag-dripping","15":"product_tag-emotion","16":"product_tag-femme","17":"product_tag-graffiti","18":"product_tag-ombres","19":"product_tag-portrait","20":"product_tag-silhouette","21":"product_tag-street-art","22":"product_tag-urbain","23":"product_tag-visage","25":"first","26":"instock","27":"taxable","28":"shipping-taxable","29":"purchasable","30":"product-type-variable","31":"entry","32":"content-bg","33":"loop-entry"},"taxonomy_info":{"product_brand":[{"value":1415,"label":"Mes Pochoirs"}],"product_cat":[{"value":1139,"label":"Dripping Dreams"},{"value":481,"label":"Collections"},{"value":36,"label":"Portraits &amp; Visages"}],"product_tag":[{"value":694,"label":"abstrait"},{"value":689,"label":"artistique"},{"value":1142,"label":"coulures"},{"value":147,"label":"Design"},{"value":1141,"label":"dripping"},{"value":1058,"label":"Emotion"},{"value":359,"label":"femme"},{"value":285,"label":"graffiti"},{"value":1143,"label":"ombres"},{"value":390,"label":"portrait"},{"value":1140,"label":"silhouette"},{"value":327,"label":"street art"},{"value":286,"label":"urbain"},{"value":338,"label":"visage"}]},"featured_image_src_large":["https:\/\/mes-pochoirs.com\/wp-content\/uploads\/2025\/02\/DDM014-pochoir-visage-femme-dripping-dreams-copyright-mes-pochoirs-858x1030.jpg",858,1030,true],"author_info":[],"comment_info":0,"_links":{"self":[{"href":"https:\/\/mes-pochoirs.com\/de\/wp-json\/wp\/v2\/product\/20934","targetHints":{"allow":["GET"]}}],"collection":[{"href":"https:\/\/mes-pochoirs.com\/de\/wp-json\/wp\/v2\/product"}],"about":[{"href":"https:\/\/mes-pochoirs.com\/de\/wp-json\/wp\/v2\/types\/product"}],"replies":[{"embeddable":true,"href":"https:\/\/mes-pochoirs.com\/de\/wp-json\/wp\/v2\/comments?post=20934"}],"wp:featuredmedia":[{"embeddable":true,"href":"https:\/\/mes-pochoirs.com\/de\/wp-json\/wp\/v2\/media\/20980"}],"wp:attachment":[{"href":"https:\/\/mes-pochoirs.com\/de\/wp-json\/wp\/v2\/media?parent=20934"}],"wp:term":[{"taxonomy":"product_brand","embeddable":true,"href":"https:\/\/mes-pochoirs.com\/de\/wp-json\/wp\/v2\/product_brand?post=20934"},{"taxonomy":"product_cat","embeddable":true,"href":"https:\/\/mes-pochoirs.com\/de\/wp-json\/wp\/v2\/product_cat?post=20934"},{"taxonomy":"product_tag","embeddable":true,"href":"https:\/\/mes-pochoirs.com\/de\/wp-json\/wp\/v2\/product_tag?post=20934"}],"curies":[{"name":"wp","href":"https:\/\/api.w.org\/{rel}","templated":true}]}}