{"id":21460,"date":"2025-03-05T14:49:30","date_gmt":"2025-03-05T13:49:30","guid":{"rendered":"https:\/\/mes-pochoirs.com\/?post_type=product&#038;p=21460"},"modified":"2025-10-31T12:31:37","modified_gmt":"2025-10-31T11:31:37","slug":"schablone-ikon-reggae-pld004","status":"publish","type":"product","link":"https:\/\/mes-pochoirs.com\/de\/produit\/pochoir-icone-reggae-pld004","title":{"rendered":"Schablone Kollektion \"Pop Legends\" - PLD004"},"content":{"rendered":"<h2>Schablone Icon Reggae<\/h2>\n<h3>Ein emotionsgeladenes, vibrierendes Portr\u00e4t<\/h3>\n<p>Tauchen Sie ein in die Welt der Musik und der freien Meinungs\u00e4u\u00dferung mit diesem <strong>Schablone Icon Reggae<\/strong>. Dieses kraftvolle Gesicht mit geschlossenen Augen und erhobenem Kopf f\u00e4ngt diesen schwebenden Moment ein, in dem sich die Seele der Melodie hingibt. Mehr als ein einfaches Portr\u00e4t, erz\u00e4hlt diese Schablone eine Geschichte: die Geschichte einer <strong>Legende<\/strong>Der Film wurde von einer Ber\u00fchmtheit inspiriert, die untrennbar mit dem Universum verbunden ist. <strong>reggae<\/strong>. Er beschw\u00f6rt die Kraft roher Emotionen, die spirituelle Verbindung zur <strong>Musik<\/strong>Das ist der kreative Geist, der Stars und K\u00fcnstlerpers\u00f6nlichkeiten dazu bringt, sich selbst zu \u00fcbertreffen. Ob Sie eine Wand dekorieren, ein Gem\u00e4lde individuell gestalten oder einem M\u00f6belst\u00fcck Charakter verleihen m\u00f6chten, dieses Portr\u00e4t versetzt Ihre Kreation sofort in eine vibrierende Atmosph\u00e4re, die eine starke und universelle Botschaft vermittelt.<\/p>\n<h2>eine Pop-Art-\u00c4sthetik im Dienste Ihrer Fantasie<\/h2>\n<p><strong>Die ber\u00fchmte Ikonenschablone<\/strong>ist auch ein direkter Einblick in die grafische Welt des <strong>Pop-Art.<\/strong>Dieser Stil, an der Schnittstelle zwischen <strong>Stra\u00dfenkunst<\/strong> und Vintage-Illustrationen, verleiht Ihren Kreationen eine starke Identit\u00e4t zwischen urbaner Modernit\u00e4t und Retro-Glamour. Ob Sie nun ein leidenschaftlicher K\u00fcnstler oder ein inspirierter Dekorateur sind, diese Schablone wird zu einem wichtigen kreativen Werkzeug, das eine einfache Fl\u00e4che in ein eigenst\u00e4ndiges Kunstwerk verwandeln kann. Indem Sie mit Farben, \u00dcberlagerungen oder Mischtechniken spielen, k\u00f6nnen Sie diese Schablone neu erfinden. <strong>Legendenportr\u00e4t<\/strong> immer wieder neu interpretieren, zwischen Hommage und pers\u00f6nlichem Ausdruck. Eine Einladung, Ihre eigene Sicht der <strong>Ikonen<\/strong> die Sie inspirieren, mit einer Schablone, die f\u00fcr Designer gedacht ist, die keine Angst davor haben, ihre Spuren zu hinterlassen.<\/p>","protected":false},"excerpt":{"rendered":"<p><strong>Schablone Icon Reggae<\/strong> f\u00fcr K\u00fcnstler, wiederverwendbar, beidseitig verwendbar und hohe Qualit\u00e4t. Veredeln Sie Ihre Bilder, W\u00e4nde oder originellen Kunstwerke.<\/p>","protected":false},"featured_media":21617,"comment_status":"open","ping_status":"closed","template":"","meta":{"bwfblock_default_font":"","_kad_blocks_custom_css":"","_kad_blocks_head_custom_js":"","_kad_blocks_body_custom_js":"","_kad_blocks_footer_custom_js":"","_kadence_starter_templates_imported_post":false,"_kad_post_transparent":"default","_kad_post_title":"","_kad_post_layout":"default","_kad_post_sidebar_id":"","_kad_post_content_style":"default","_kad_post_vertical_padding":"default","_kad_post_feature":"","_kad_post_feature_position":"","_kad_post_header":false,"_kad_post_footer":false,"_kad_post_classname":""},"product_brand":[1415],"product_cat":[1190,481,732,332,36],"product_tag":[340,1196,471,1191,445,1192,333,390,1197,478,338],"class_list":{"0":"post-21460","1":"product","2":"type-product","3":"status-publish","4":"has-post-thumbnail","6":"product_brand-mes-pochoirs","7":"product_cat-pop-legends","8":"product_cat-collections","9":"product_cat-pochoirs-icones-celebrites","10":"product_cat-pochoirs-pop-art","11":"product_cat-pochoirs-portraits-visages","12":"product_tag-celebrite","13":"product_tag-chanteur","14":"product_tag-icone","15":"product_tag-legende","16":"product_tag-musique","17":"product_tag-personnalite","18":"product_tag-pop-art","19":"product_tag-portrait","20":"product_tag-reggae","21":"product_tag-stars","22":"product_tag-visage","24":"first","25":"instock","26":"taxable","27":"shipping-taxable","28":"purchasable","29":"product-type-variable","30":"has-default-attributes","31":"entry","32":"content-bg","33":"loop-entry"},"taxonomy_info":{"product_brand":[{"value":1415,"label":"Mes Pochoirs"}],"product_cat":[{"value":1190,"label":"Pop Legends"},{"value":481,"label":"Collections"},{"value":732,"label":"Ic\u00f4nes &amp; C\u00e9l\u00e9brit\u00e9s"},{"value":332,"label":"Pop Art"},{"value":36,"label":"Portraits &amp; Visages"}],"product_tag":[{"value":340,"label":"c\u00e9l\u00e9brit\u00e9"},{"value":1196,"label":"chanteur"},{"value":471,"label":"icone"},{"value":1191,"label":"l\u00e9gende"},{"value":445,"label":"musique"},{"value":1192,"label":"personnalit\u00e9"},{"value":333,"label":"pop art"},{"value":390,"label":"portrait"},{"value":1197,"label":"reggae"},{"value":478,"label":"stars"},{"value":338,"label":"visage"}]},"featured_image_src_large":["https:\/\/mes-pochoirs.com\/wp-content\/uploads\/2025\/03\/PLD004-pochoir-collection-pop-legends-copyright-mes-pochoirs-858x1030.jpg",858,1030,true],"author_info":[],"comment_info":0,"_links":{"self":[{"href":"https:\/\/mes-pochoirs.com\/de\/wp-json\/wp\/v2\/product\/21460","targetHints":{"allow":["GET"]}}],"collection":[{"href":"https:\/\/mes-pochoirs.com\/de\/wp-json\/wp\/v2\/product"}],"about":[{"href":"https:\/\/mes-pochoirs.com\/de\/wp-json\/wp\/v2\/types\/product"}],"replies":[{"embeddable":true,"href":"https:\/\/mes-pochoirs.com\/de\/wp-json\/wp\/v2\/comments?post=21460"}],"wp:featuredmedia":[{"embeddable":true,"href":"https:\/\/mes-pochoirs.com\/de\/wp-json\/wp\/v2\/media\/21617"}],"wp:attachment":[{"href":"https:\/\/mes-pochoirs.com\/de\/wp-json\/wp\/v2\/media?parent=21460"}],"wp:term":[{"taxonomy":"product_brand","embeddable":true,"href":"https:\/\/mes-pochoirs.com\/de\/wp-json\/wp\/v2\/product_brand?post=21460"},{"taxonomy":"product_cat","embeddable":true,"href":"https:\/\/mes-pochoirs.com\/de\/wp-json\/wp\/v2\/product_cat?post=21460"},{"taxonomy":"product_tag","embeddable":true,"href":"https:\/\/mes-pochoirs.com\/de\/wp-json\/wp\/v2\/product_tag?post=21460"}],"curies":[{"name":"wp","href":"https:\/\/api.w.org\/{rel}","templated":true}]}}