{"id":21467,"date":"2025-03-05T15:07:22","date_gmt":"2025-03-05T14:07:22","guid":{"rendered":"https:\/\/mes-pochoirs.com\/?post_type=product&#038;p=21467"},"modified":"2025-10-31T12:31:39","modified_gmt":"2025-10-31T11:31:39","slug":"schablone-rockstar-pop-pld005","status":"publish","type":"product","link":"https:\/\/mes-pochoirs.com\/de\/produit\/pochoir-rockstar-pop-pld005","title":{"rendered":"Schablone Kollektion \"Pop Legends\" - PLD005"},"content":{"rendered":"<h2>Rockstar Pop Schablone<\/h2>\n<h3>Ein mythisches Portr\u00e4t mit einer starken Botschaft<\/h3>\n<p><strong>Rockstar Pop Schablone<\/strong>Dieses Modell ist eine Hommage an eine zeitlose Ikone, eine <strong>Legende<\/strong> der die Geschichte der <strong>Musik<\/strong>. Diese <strong>Portr\u00e4t<\/strong> eindringlich, inspiriert von einer <strong>Rockstar<\/strong> Ihr Gesicht mit dem Blitz steht sowohl f\u00fcr ungez\u00fcgelte Kreativit\u00e4t als auch f\u00fcr das \u00dcberschreiten etablierter Regeln. Die Schablone ist mehr als nur eine einfache Schablone, sie ist ein echtes Ausdrucksmittel, das dazu einl\u00e4dt, seine Originalit\u00e4t zu behaupten und Ihren Kreationen den Geist von Rock und Pop Art einzuhauchen. Ob Sie nun ein urbaner K\u00fcnstler, ein Textildesigner oder ein Liebhaber individueller Dekorationen sind, diese Schablone bietet Ihnen die M\u00f6glichkeit, die ganze visuelle und symbolische Kraft dieser au\u00dfergew\u00f6hnlichen Pers\u00f6nlichkeit zum Ausdruck zu bringen.<\/p>\n<h3>Scharfes Design im Dienste k\u00fchner Pop-Art<\/h3>\n<p><strong>Rockstar Pop Schablone<\/strong>Dieses Modell ist eine Neuinterpretation der Kunst des <strong>Portr\u00e4t<\/strong> in einem Geist <strong>Pop-Art<\/strong> zeitgen\u00f6ssisch, in dem Stars zu starken grafischen Ikonen werden. Sie passt sich all Ihren k\u00fcnstlerischen W\u00fcnschen an: Wand, Leinwand, Textilien oder M\u00f6bel. Diese Schablone stellt nicht nur einen <strong>legend\u00e4rer S\u00e4nger<\/strong>Die Farbe ist ein kreatives Werkzeug, mit dem Sie einzigartige, charakterstarke Werke schaffen k\u00f6nnen. Mit wenigen Spr\u00fch- oder Pinselstrichen veredelt er Ihre Untergr\u00fcnde und verleiht ihnen Energie. <strong>Rock<\/strong> unnachahmlich. Ein erstklassiger Verb\u00fcndeter, um eine banale Oberfl\u00e4che in eine starke visuelle Botschaft zu verwandeln, die von den gr\u00f6\u00dften Pers\u00f6nlichkeiten der Musikszene inspiriert ist.<\/p>","protected":false},"excerpt":{"rendered":"<p><strong>Rockstar Pop Schablone<\/strong> f\u00fcr K\u00fcnstlerinnen und K\u00fcnstler. Hohe Qualit\u00e4t, wiederverwendbar, perfekt f\u00fcr Gem\u00e4lde, Wandmalerei oder kreative Dekoration.<\/p>","protected":false},"featured_media":21734,"comment_status":"open","ping_status":"closed","template":"","meta":{"bwfblock_default_font":"","_kad_blocks_custom_css":"","_kad_blocks_head_custom_js":"","_kad_blocks_body_custom_js":"","_kad_blocks_footer_custom_js":"","_kadence_starter_templates_imported_post":false,"_kad_post_transparent":"default","_kad_post_title":"","_kad_post_layout":"default","_kad_post_sidebar_id":"","_kad_post_content_style":"default","_kad_post_vertical_padding":"default","_kad_post_feature":"","_kad_post_feature_position":"","_kad_post_header":false,"_kad_post_footer":false,"_kad_post_classname":""},"product_brand":[1415],"product_cat":[1190,481,732,332,36],"product_tag":[340,1196,471,1191,445,1192,333,390,560,478,338],"class_list":{"0":"post-21467","1":"product","2":"type-product","3":"status-publish","4":"has-post-thumbnail","6":"product_brand-mes-pochoirs","7":"product_cat-pop-legends","8":"product_cat-collections","9":"product_cat-pochoirs-icones-celebrites","10":"product_cat-pochoirs-pop-art","11":"product_cat-pochoirs-portraits-visages","12":"product_tag-celebrite","13":"product_tag-chanteur","14":"product_tag-icone","15":"product_tag-legende","16":"product_tag-musique","17":"product_tag-personnalite","18":"product_tag-pop-art","19":"product_tag-portrait","20":"product_tag-rock","21":"product_tag-stars","22":"product_tag-visage","24":"first","25":"instock","26":"taxable","27":"shipping-taxable","28":"purchasable","29":"product-type-variable","30":"has-default-attributes","31":"entry","32":"content-bg","33":"loop-entry"},"taxonomy_info":{"product_brand":[{"value":1415,"label":"Mes Pochoirs"}],"product_cat":[{"value":1190,"label":"Pop Legends"},{"value":481,"label":"Collections"},{"value":732,"label":"Ic\u00f4nes &amp; C\u00e9l\u00e9brit\u00e9s"},{"value":332,"label":"Pop Art"},{"value":36,"label":"Portraits &amp; Visages"}],"product_tag":[{"value":340,"label":"c\u00e9l\u00e9brit\u00e9"},{"value":1196,"label":"chanteur"},{"value":471,"label":"icone"},{"value":1191,"label":"l\u00e9gende"},{"value":445,"label":"musique"},{"value":1192,"label":"personnalit\u00e9"},{"value":333,"label":"pop art"},{"value":390,"label":"portrait"},{"value":560,"label":"Rock"},{"value":478,"label":"stars"},{"value":338,"label":"visage"}]},"featured_image_src_large":["https:\/\/mes-pochoirs.com\/wp-content\/uploads\/2025\/03\/PLD005-pochoir-pop-legends-copyright-mes-pochoirs-858x1030.jpg",858,1030,true],"author_info":[],"comment_info":0,"_links":{"self":[{"href":"https:\/\/mes-pochoirs.com\/de\/wp-json\/wp\/v2\/product\/21467","targetHints":{"allow":["GET"]}}],"collection":[{"href":"https:\/\/mes-pochoirs.com\/de\/wp-json\/wp\/v2\/product"}],"about":[{"href":"https:\/\/mes-pochoirs.com\/de\/wp-json\/wp\/v2\/types\/product"}],"replies":[{"embeddable":true,"href":"https:\/\/mes-pochoirs.com\/de\/wp-json\/wp\/v2\/comments?post=21467"}],"wp:featuredmedia":[{"embeddable":true,"href":"https:\/\/mes-pochoirs.com\/de\/wp-json\/wp\/v2\/media\/21734"}],"wp:attachment":[{"href":"https:\/\/mes-pochoirs.com\/de\/wp-json\/wp\/v2\/media?parent=21467"}],"wp:term":[{"taxonomy":"product_brand","embeddable":true,"href":"https:\/\/mes-pochoirs.com\/de\/wp-json\/wp\/v2\/product_brand?post=21467"},{"taxonomy":"product_cat","embeddable":true,"href":"https:\/\/mes-pochoirs.com\/de\/wp-json\/wp\/v2\/product_cat?post=21467"},{"taxonomy":"product_tag","embeddable":true,"href":"https:\/\/mes-pochoirs.com\/de\/wp-json\/wp\/v2\/product_tag?post=21467"}],"curies":[{"name":"wp","href":"https:\/\/api.w.org\/{rel}","templated":true}]}}