{"id":21515,"date":"2025-03-05T16:21:23","date_gmt":"2025-03-05T15:21:23","guid":{"rendered":"https:\/\/mes-pochoirs.com\/?post_type=product&#038;p=21515"},"modified":"2025-10-31T12:31:51","modified_gmt":"2025-10-31T11:31:51","slug":"schablone-konigin-des-pop-pld013","status":"publish","type":"product","link":"https:\/\/mes-pochoirs.com\/de\/produit\/pochoir-reine-de-la-pop-pld013","title":{"rendered":"Schablone Kollektion \"Pop Legends\" - PLD013"},"content":{"rendered":"<h2>K\u00f6nigin des Pop Schablone<\/h2>\n<h3>eine Ikone mit fesselndem Blick<\/h3>\n<p>Tauchen Sie ein in die Welt der Legenden mit unserem <strong>K\u00f6nigin des Pop Schablone<\/strong>Ein k\u00fchnes Portr\u00e4t, das die ganze Kraft und inspirierende Sinnlichkeit einer zeitlosen Ber\u00fchmtheit einf\u00e4ngt. Dieses ausdrucksstarke Gesicht zwischen Glamour und Provokation erinnert an die gro\u00dfen Stars der <strong>Musik und Film<\/strong>Sie verk\u00f6rpert gleichzeitig den Charme einer <strong>legend\u00e4re S\u00e4ngerin<\/strong> und die rebellische Haltung einer Pers\u00f6nlichkeit, die es wagt, die Codes zu \u00fcber Bord zu werfen. Diese Schablone ist mehr als nur ein dekoratives Motiv: Sie l\u00e4dt jeden K\u00fcnstler dazu ein, diesen <strong>Icon<\/strong> durch seinen eigenen Blick, indem er mit Farben, Texturen und Medien spielt, um ihm ein neues Leben zu geben.<\/p>\n<h3>einen schlagkr\u00e4ftigen Pop-Art-Stil<\/h3>\n<p>Inspiriert von Pop Art und Street Art ist unser <strong>K\u00f6nigin des Pop Schablone<\/strong> nimmt einen starken grafischen Stil an. Diese Mischung aus Stra\u00dfenkunst und Hommage an die <strong>Starportr\u00e4ts<\/strong> macht diese Schablone zu einem unverzichtbaren Kreativwerkzeug, mit dem Sie Ihre Leinwand, Ihre W\u00e4nde oder Ihre Deko-Objekte individuell gestalten k\u00f6nnen. Sie verleiht sofort eine ausdrucksstarke k\u00fcnstlerische Note, ideal, um Ihre Leidenschaft f\u00fcr die <strong>Musik<\/strong>, Popkultur oder <strong>legend\u00e4re Ikonen<\/strong> die die Geschichte gepr\u00e4gt haben. Lassen Sie Ihrer Fantasie freien Lauf und verwandeln Sie mit wenigen Handgriffen ein einfaches Medium in ein pulsierendes Kunstwerk, das sich an der Schnittstelle zwischen Ber\u00fchmtheit und pers\u00f6nlicher Sch\u00f6pfung bewegt.<\/p>","protected":false},"excerpt":{"rendered":"<p><strong data-start=\"804\" data-end=\"831\">K\u00f6nigin des Pop Schablone<\/strong> in hoher Qualit\u00e4t, wiederverwendbar und beidseitig verwendbar. Erstellen Sie einzigartige Gem\u00e4lde mit diesem Portr\u00e4t einer Pop-Art-Ikone.<\/p>","protected":false},"featured_media":21727,"comment_status":"open","ping_status":"closed","template":"","meta":{"bwfblock_default_font":"","_kad_blocks_custom_css":"","_kad_blocks_head_custom_js":"","_kad_blocks_body_custom_js":"","_kad_blocks_footer_custom_js":"","_kadence_starter_templates_imported_post":false,"_kad_post_transparent":"default","_kad_post_title":"","_kad_post_layout":"default","_kad_post_sidebar_id":"","_kad_post_content_style":"default","_kad_post_vertical_padding":"default","_kad_post_feature":"","_kad_post_feature_position":"","_kad_post_header":false,"_kad_post_footer":false,"_kad_post_classname":""},"product_brand":[1415],"product_cat":[1190,481,732,332,36],"product_tag":[340,1200,471,1191,445,1192,1204,333,390,478,338],"class_list":{"0":"post-21515","1":"product","2":"type-product","3":"status-publish","4":"has-post-thumbnail","6":"product_brand-mes-pochoirs","7":"product_cat-pop-legends","8":"product_cat-collections","9":"product_cat-pochoirs-icones-celebrites","10":"product_cat-pochoirs-pop-art","11":"product_cat-pochoirs-portraits-visages","12":"product_tag-celebrite","13":"product_tag-chanteuse","14":"product_tag-icone","15":"product_tag-legende","16":"product_tag-musique","17":"product_tag-personnalite","18":"product_tag-pop","19":"product_tag-pop-art","20":"product_tag-portrait","21":"product_tag-stars","22":"product_tag-visage","24":"first","25":"instock","26":"taxable","27":"shipping-taxable","28":"purchasable","29":"product-type-variable","30":"has-default-attributes","31":"entry","32":"content-bg","33":"loop-entry"},"taxonomy_info":{"product_brand":[{"value":1415,"label":"Mes Pochoirs"}],"product_cat":[{"value":1190,"label":"Pop Legends"},{"value":481,"label":"Collections"},{"value":732,"label":"Ic\u00f4nes &amp; C\u00e9l\u00e9brit\u00e9s"},{"value":332,"label":"Pop Art"},{"value":36,"label":"Portraits &amp; Visages"}],"product_tag":[{"value":340,"label":"c\u00e9l\u00e9brit\u00e9"},{"value":1200,"label":"chanteuse"},{"value":471,"label":"icone"},{"value":1191,"label":"l\u00e9gende"},{"value":445,"label":"musique"},{"value":1192,"label":"personnalit\u00e9"},{"value":1204,"label":"pop"},{"value":333,"label":"pop art"},{"value":390,"label":"portrait"},{"value":478,"label":"stars"},{"value":338,"label":"visage"}]},"featured_image_src_large":["https:\/\/mes-pochoirs.com\/wp-content\/uploads\/2025\/03\/PLD013-pochoir-pop-legends-copyright-mes-pochoirs-858x1030.jpg",858,1030,true],"author_info":[],"comment_info":0,"_links":{"self":[{"href":"https:\/\/mes-pochoirs.com\/de\/wp-json\/wp\/v2\/product\/21515","targetHints":{"allow":["GET"]}}],"collection":[{"href":"https:\/\/mes-pochoirs.com\/de\/wp-json\/wp\/v2\/product"}],"about":[{"href":"https:\/\/mes-pochoirs.com\/de\/wp-json\/wp\/v2\/types\/product"}],"replies":[{"embeddable":true,"href":"https:\/\/mes-pochoirs.com\/de\/wp-json\/wp\/v2\/comments?post=21515"}],"wp:featuredmedia":[{"embeddable":true,"href":"https:\/\/mes-pochoirs.com\/de\/wp-json\/wp\/v2\/media\/21727"}],"wp:attachment":[{"href":"https:\/\/mes-pochoirs.com\/de\/wp-json\/wp\/v2\/media?parent=21515"}],"wp:term":[{"taxonomy":"product_brand","embeddable":true,"href":"https:\/\/mes-pochoirs.com\/de\/wp-json\/wp\/v2\/product_brand?post=21515"},{"taxonomy":"product_cat","embeddable":true,"href":"https:\/\/mes-pochoirs.com\/de\/wp-json\/wp\/v2\/product_cat?post=21515"},{"taxonomy":"product_tag","embeddable":true,"href":"https:\/\/mes-pochoirs.com\/de\/wp-json\/wp\/v2\/product_tag?post=21515"}],"curies":[{"name":"wp","href":"https:\/\/api.w.org\/{rel}","templated":true}]}}