{"id":21535,"date":"2025-03-05T16:30:31","date_gmt":"2025-03-05T15:30:31","guid":{"rendered":"https:\/\/mes-pochoirs.com\/?post_type=product&#038;p=21535"},"modified":"2026-01-18T11:21:03","modified_gmt":"2026-01-18T10:21:03","slug":"schablone-mythischer-star-pld015","status":"publish","type":"product","link":"https:\/\/mes-pochoirs.com\/de\/produit\/pochoir-star-mythique-pld015","title":{"rendered":"Schablone Kollektion \"Pop Legends\" - PLD015"},"content":{"rendered":"<h2>Schablone mythischer Star<\/h2>\n<h3>Eine zeitlose Ikone f\u00fcr eine auffallende Wirkung<\/h3>\n<p>Lassen Sie sich inspirieren von diesem <strong>Schablone mythischer Star<\/strong>Der Film ist inspiriert von dem fesselnden Portr\u00e4t einer <strong>Hollywood-Filmlegende<\/strong>. Mit ihren halb geschlossenen Augen, dem halb ge\u00f6ffneten Mund und dem intensiven Ausdruck erinnert diese ikonische Ber\u00fchmtheit gleichzeitig an Glamour, Verf\u00fchrung und eine unvergleichliche charismatische Kraft. Dieses ikonische Gesicht verk\u00f6rpert das goldene Zeitalter Hollywoods und die bet\u00f6rende Aura der gro\u00dfen Schauspielerinnen, die die Filmgeschichte gepr\u00e4gt haben. Es ist mehr als nur eine Schablone, es wird zu einem echten Werkzeug des k\u00fcnstlerischen Ausdrucks, das in der Lage ist, Ihren Kreationen Charakter und eine starke emotionale Dimension zu verleihen. Ob Sie nun ein urbaner K\u00fcnstler, ein passionierter Dekorateur oder ein Pop-Art-Liebhaber sind, dieses <strong>Schablone mythischer Star<\/strong> bietet Ihnen die einmalige Gelegenheit, wirkungsvolle und originelle Kunstwerke zu schaffen. Stellen Sie sich vor, dieses Portr\u00e4t wird auf eine Wand, eine Leinwand oder ein M\u00f6belst\u00fcck gedruckt: Es verleiht sofort einen anspruchsvollen und elektrisierenden Touch und verwandelt jeden Raum in eine Galerie, die den gr\u00f6\u00dften Stars w\u00fcrdig ist.<\/p>\n<h3>Ein Pop-Art-Design mit schlagkr\u00e4ftigem Stil<\/h3>\n<p>Diese <strong>Schablone mythischer Star<\/strong> ist von den Codes der Pop-Art und der Street-Art inspiriert und bietet ein kraftvolles und ausdrucksstarkes Design. Es erinnert an die Werke gro\u00dfer zeitgen\u00f6ssischer K\u00fcnstler und der urbanen Bewegung. Der starke Kontrast zwischen Licht und Schatten verleiht dem Portr\u00e4t eine packende Tiefe und betont die Intensit\u00e4t des Blicks und die Pr\u00e4senz dieser ikonischen Pers\u00f6nlichkeit.<\/p>\n<p>Mit seiner modernen und zeitlosen \u00c4sthetik ist dieser <strong>Schablone mythischer Star<\/strong> l\u00e4sst sich perfekt in zahlreiche Kunstprojekte integrieren: Wandmalereien, individuelle Gestaltung von Objekten, Innendekoration oder auch Textilkreationen. Mit ihr k\u00f6nnen K\u00fcnstler ihre Bewunderung f\u00fcr die gro\u00dfen Filmfiguren zum Ausdruck bringen und das Wesen der Hollywood-Legenden durch eine starke und elegante visuelle Komposition einfangen. Lassen Sie Ihre Werke mit dieser einzigartigen Schablone vibrieren und verleihen Sie Ihrer Kunst eine legend\u00e4re Dimension!<\/p>","protected":false},"excerpt":{"rendered":"<p><strong>Mythische Star-Schablone<\/strong> Hochwertige, wiederverwendbare Leinwand, ideal f\u00fcr Maler. Erstellen Sie ein Gem\u00e4lde oder ein Pop-Art-Kunstwerk, in verschiedenen Gr\u00f6\u00dfen erh\u00e4ltlich.<\/p>","protected":false},"featured_media":21725,"comment_status":"open","ping_status":"closed","template":"","meta":{"bwfblock_default_font":"","_kad_blocks_custom_css":"","_kad_blocks_head_custom_js":"","_kad_blocks_body_custom_js":"","_kad_blocks_footer_custom_js":"","_kadence_starter_templates_imported_post":false,"_kad_post_transparent":"default","_kad_post_title":"","_kad_post_layout":"default","_kad_post_sidebar_id":"","_kad_post_content_style":"default","_kad_post_vertical_padding":"default","_kad_post_feature":"","_kad_post_feature_position":"","_kad_post_header":false,"_kad_post_footer":false,"_kad_post_classname":""},"product_brand":[1415],"product_cat":[1190,481,732,332,36],"product_tag":[1193,340,824,1201,471,1191,1192,333,390,478,338],"class_list":{"0":"post-21535","1":"product","2":"type-product","3":"status-publish","4":"has-post-thumbnail","6":"product_brand-mes-pochoirs","7":"product_cat-pop-legends","8":"product_cat-collections","9":"product_cat-pochoirs-icones-celebrites","10":"product_cat-pochoirs-pop-art","11":"product_cat-pochoirs-portraits-visages","12":"product_tag-actrice","13":"product_tag-celebrite","14":"product_tag-cinema","15":"product_tag-hollywood","16":"product_tag-icone","17":"product_tag-legende","18":"product_tag-personnalite","19":"product_tag-pop-art","20":"product_tag-portrait","21":"product_tag-stars","22":"product_tag-visage","24":"first","25":"instock","26":"taxable","27":"shipping-taxable","28":"purchasable","29":"product-type-variable","30":"has-default-attributes","31":"entry","32":"content-bg","33":"loop-entry"},"taxonomy_info":{"product_brand":[{"value":1415,"label":"Mes Pochoirs"}],"product_cat":[{"value":1190,"label":"Pop Legends"},{"value":481,"label":"Collections"},{"value":732,"label":"Ic\u00f4nes &amp; C\u00e9l\u00e9brit\u00e9s"},{"value":332,"label":"Pop Art"},{"value":36,"label":"Portraits &amp; Visages"}],"product_tag":[{"value":1193,"label":"actrice"},{"value":340,"label":"c\u00e9l\u00e9brit\u00e9"},{"value":824,"label":"cin\u00e9ma"},{"value":1201,"label":"Hollywood"},{"value":471,"label":"icone"},{"value":1191,"label":"l\u00e9gende"},{"value":1192,"label":"personnalit\u00e9"},{"value":333,"label":"pop art"},{"value":390,"label":"portrait"},{"value":478,"label":"stars"},{"value":338,"label":"visage"}]},"featured_image_src_large":["https:\/\/mes-pochoirs.com\/wp-content\/uploads\/2025\/03\/PLD015-pochoir-pop-legends-copyright-mes-pochoirs-858x1030.jpg",858,1030,true],"author_info":[],"comment_info":1,"_links":{"self":[{"href":"https:\/\/mes-pochoirs.com\/de\/wp-json\/wp\/v2\/product\/21535","targetHints":{"allow":["GET"]}}],"collection":[{"href":"https:\/\/mes-pochoirs.com\/de\/wp-json\/wp\/v2\/product"}],"about":[{"href":"https:\/\/mes-pochoirs.com\/de\/wp-json\/wp\/v2\/types\/product"}],"replies":[{"embeddable":true,"href":"https:\/\/mes-pochoirs.com\/de\/wp-json\/wp\/v2\/comments?post=21535"}],"wp:featuredmedia":[{"embeddable":true,"href":"https:\/\/mes-pochoirs.com\/de\/wp-json\/wp\/v2\/media\/21725"}],"wp:attachment":[{"href":"https:\/\/mes-pochoirs.com\/de\/wp-json\/wp\/v2\/media?parent=21535"}],"wp:term":[{"taxonomy":"product_brand","embeddable":true,"href":"https:\/\/mes-pochoirs.com\/de\/wp-json\/wp\/v2\/product_brand?post=21535"},{"taxonomy":"product_cat","embeddable":true,"href":"https:\/\/mes-pochoirs.com\/de\/wp-json\/wp\/v2\/product_cat?post=21535"},{"taxonomy":"product_tag","embeddable":true,"href":"https:\/\/mes-pochoirs.com\/de\/wp-json\/wp\/v2\/product_tag?post=21535"}],"curies":[{"name":"wp","href":"https:\/\/api.w.org\/{rel}","templated":true}]}}