{"id":21641,"date":"2025-03-04T14:59:21","date_gmt":"2025-03-04T13:59:21","guid":{"rendered":"https:\/\/mes-pochoirs.com\/?post_type=product&#038;p=21641"},"modified":"2025-10-31T12:31:55","modified_gmt":"2025-10-31T11:31:55","slug":"schablone-hundepfote-a0072","status":"publish","type":"product","link":"https:\/\/mes-pochoirs.com\/de\/produit\/pochoir-patte-de-chien-a0072","title":{"rendered":"Schablone Hundepfote - A0072"},"content":{"rendered":"<h2>Schablone Hundepfote<\/h2>\n<h3>Ein Abdruck, der eine Geschichte erz\u00e4hlt<\/h3>\n<p><strong>Die Schablone Hundepfote<\/strong> f\u00e4ngt mehr als nur eine Spur ein. Sie erinnert an die treue und sch\u00fctzende Pr\u00e4senz unserer <strong>Gef\u00e4hrten<\/strong> auf allen Vieren, indem Sie ihre Passage in Ihre Kreationen eingravieren. Jede <strong>Lagerbuchse<\/strong> und jede<strong> Kralle<\/strong> erinnern an den Instinkt, die Freiheit und die Energie eines Tieres in Bewegung, sei es ein wachsamer Deutscher Sch\u00e4ferhund, ein unerm\u00fcdlicher Husky, ein verspielter Labrador oder ein verspielter Jack Russell.  Er f\u00fcgt Ihren Kunstprojekten eine starke emotionale Dimension hinzu: die der unzerst\u00f6rbaren Bindung zwischen Mensch und Lebensgef\u00e4hrte, die eines Spaziergangs in der <strong>Natur<\/strong> wo jeder Abdruck zu einer wertvollen Erinnerung wird. Diese Schablone inspiriert sowohl Liebhaber von Tierdekorationen als auch K\u00fcnstler, die mit ihren Werken eine starke Botschaft ausdr\u00fccken wollen.<\/p>\n<h3>Ein roher und ausdrucksstarker Stil f\u00fcr Ihre Kreativit\u00e4t<\/h3>\n<p><strong>Die Schablone Hundepfote<\/strong> nimmt einen visuellen Stil an, der sowohl authentisch als auch eindringlich ist. Die dynamischen Konturen und Details der <strong>Polster<\/strong> und <strong>Krallen<\/strong> sorgen f\u00fcr einen starken grafischen Effekt und eignen sich perfekt f\u00fcr Leinwandkreationen, Textilveredelungen oder von Natur und Tieren inspirierte Wandmalereien. Egal, welche Rasse Sie inspiriert, mit dieser Schablone k\u00f6nnen Sie mit Texturen, Farb\u00fcberlagerungen und Kontrasten spielen, um jedem Bild das gewisse Etwas zu verleihen. <strong>Fu\u00dfabdruck<\/strong> eine einzigartige Pers\u00f6nlichkeit. Sie passt sich allen Oberfl\u00e4chen an: W\u00e4nden, M\u00f6beln, Kleidungsst\u00fccken oder k\u00fcnstlerischen Notizb\u00fcchern, und bietet so den Designern v\u00f6llige Freiheit, ihre Fantasie spielen zu lassen, immer geleitet von dieser starken Symbolik des <strong>hund<\/strong> besch\u00fctzend und treu.<\/p>","protected":false},"excerpt":{"rendered":"<p><strong>Schablone Hundepfote<\/strong> f\u00fcr Gem\u00e4lde, Bilder oder Kunstwerke. Wiederverwendbar, beidseitig verwendbar, hohe Qualit\u00e4t und in verschiedenen Gr\u00f6\u00dfen erh\u00e4ltlich.<\/p>","protected":false},"featured_media":21630,"comment_status":"open","ping_status":"closed","template":"","meta":{"bwfblock_default_font":"","_kad_blocks_custom_css":"","_kad_blocks_head_custom_js":"","_kad_blocks_body_custom_js":"","_kad_blocks_footer_custom_js":"","_kadence_starter_templates_imported_post":false,"_kad_post_transparent":"default","_kad_post_title":"","_kad_post_layout":"default","_kad_post_sidebar_id":"","_kad_post_content_style":"default","_kad_post_vertical_padding":"default","_kad_post_feature":"","_kad_post_feature_position":"","_kad_post_header":false,"_kad_post_footer":false,"_kad_post_classname":""},"product_brand":[1415],"product_cat":[364],"product_tag":[367,710,708,1209,1207,1206,1211,1205,1208],"class_list":{"0":"post-21641","1":"product","2":"type-product","3":"status-publish","4":"has-post-thumbnail","6":"product_brand-mes-pochoirs","7":"product_cat-pochoirs-animaux","8":"product_tag-animal","9":"product_tag-animal-de-compagnie","10":"product_tag-chien","11":"product_tag-compagnon","12":"product_tag-coussinets","13":"product_tag-empreinte","14":"product_tag-griffes","15":"product_tag-patte","16":"product_tag-trace","18":"first","19":"instock","20":"taxable","21":"shipping-taxable","22":"purchasable","23":"product-type-variable","24":"has-default-attributes","25":"entry","26":"content-bg","27":"loop-entry"},"taxonomy_info":{"product_brand":[{"value":1415,"label":"Mes Pochoirs"}],"product_cat":[{"value":364,"label":"Animaux"}],"product_tag":[{"value":367,"label":"animal"},{"value":710,"label":"animal de compagnie"},{"value":708,"label":"chien"},{"value":1209,"label":"compagnon"},{"value":1207,"label":"coussinets"},{"value":1206,"label":"empreinte"},{"value":1211,"label":"griffes"},{"value":1205,"label":"patte"},{"value":1208,"label":"trace"}]},"featured_image_src_large":["https:\/\/mes-pochoirs.com\/wp-content\/uploads\/2025\/03\/A0072-pochoir-patte-chien-copyright-mes-pochoirs-858x1030.jpg",858,1030,true],"author_info":[],"comment_info":0,"_links":{"self":[{"href":"https:\/\/mes-pochoirs.com\/de\/wp-json\/wp\/v2\/product\/21641","targetHints":{"allow":["GET"]}}],"collection":[{"href":"https:\/\/mes-pochoirs.com\/de\/wp-json\/wp\/v2\/product"}],"about":[{"href":"https:\/\/mes-pochoirs.com\/de\/wp-json\/wp\/v2\/types\/product"}],"replies":[{"embeddable":true,"href":"https:\/\/mes-pochoirs.com\/de\/wp-json\/wp\/v2\/comments?post=21641"}],"wp:featuredmedia":[{"embeddable":true,"href":"https:\/\/mes-pochoirs.com\/de\/wp-json\/wp\/v2\/media\/21630"}],"wp:attachment":[{"href":"https:\/\/mes-pochoirs.com\/de\/wp-json\/wp\/v2\/media?parent=21641"}],"wp:term":[{"taxonomy":"product_brand","embeddable":true,"href":"https:\/\/mes-pochoirs.com\/de\/wp-json\/wp\/v2\/product_brand?post=21641"},{"taxonomy":"product_cat","embeddable":true,"href":"https:\/\/mes-pochoirs.com\/de\/wp-json\/wp\/v2\/product_cat?post=21641"},{"taxonomy":"product_tag","embeddable":true,"href":"https:\/\/mes-pochoirs.com\/de\/wp-json\/wp\/v2\/product_tag?post=21641"}],"curies":[{"name":"wp","href":"https:\/\/api.w.org\/{rel}","templated":true}]}}