{"id":21985,"date":"2025-03-27T11:10:59","date_gmt":"2025-03-27T10:10:59","guid":{"rendered":"https:\/\/mes-pochoirs.com\/?post_type=product&#038;p=21985"},"modified":"2025-10-31T12:33:01","modified_gmt":"2025-10-31T11:33:01","slug":"schablone-eisbar-a0085","status":"publish","type":"product","link":"https:\/\/mes-pochoirs.com\/de\/produit\/pochoir-ours-polaire-a0085","title":{"rendered":"Schablone Eisb\u00e4r - A0085"},"content":{"rendered":"<h2>Schablone Eisb\u00e4r<\/h2>\n<h3>Majest\u00e4tische Kraft in einer Schablone eingefangen<\/h3>\n<p><strong>Schablone Eisb\u00e4r<\/strong>Als Symbol f\u00fcr Kraft und Widerstandsf\u00e4higkeit verk\u00f6rpert dieses Modell die rohe Sch\u00f6nheit der Natur.<strong> Wildnis<\/strong>. Mit seinem stechenden Blick und seiner imposanten K\u00f6rperhaltung ist dieser <strong>Eisb\u00e4r<\/strong> scheint mit sicheren Schritten voranzugehen, wie ein Raubtier, das sein eisiges Revier beherrscht. Diese Schablone ist eine Einladung zur Erkundung der <strong>majest\u00e4tische Kraft<\/strong> Die Schablone zeigt dieses ikonische Tier und erinnert an die schneebedeckten Weiten und unber\u00fchrten Berge, in denen es herrscht. Diese Schablone ist perfekt f\u00fcr alle, die sich f\u00fcr Tiere und die Natur interessieren, und verleiht Ihren Kreationen eine einzigartige und ausdrucksstarke Note. Sie erinnert an die Kraft des B\u00e4ren, der eine Mischung aus der Wildheit des Braunen und der Eleganz des Polaren ist und die unb\u00e4ndige Kraft der Wildnis verk\u00f6rpert. Egal, ob Sie eine Wand, ein M\u00f6belst\u00fcck oder eine Textilie veredeln m\u00f6chten, dieses imposante Motiv verwandelt jeden Untergrund in eine k\u00fcnstlerische Hommage an die Gr\u00f6\u00dfe der Tiere.<\/p>\n<h3>Ein schlagkr\u00e4ftiger Kunststil f\u00fcr ergreifende Werke<\/h3>\n<p><strong>Schablone Eisb\u00e4r<\/strong>ist in einem starken grafischen Stil gestaltet, der mit Kontrasten spielt, um eine dynamische und fesselnde visuelle Darstellung zu bieten. Sein aussagekr\u00e4ftiges Design erm\u00f6glicht es, tiefgr\u00fcndige Botschaften auszudr\u00fccken: die Sch\u00f6nheit des <strong>Tierwelt<\/strong>Die rohe Kraft der Natur oder die Zerbrechlichkeit der Menschen. <strong>Raubtiere<\/strong> angesichts der Herausforderungen der Umwelt. Diese Schablone ist ideal f\u00fcr K\u00fcnstler und Liebhaber gewagter Dekorationen. Sie ist ein m\u00e4chtiges Werkzeug, um Ihren Projekten Charakter zu verleihen. Sie passt sowohl in ein Dekor, das von W\u00e4ldern und Bergen inspiriert ist, als auch in ein urbanes Universum, in dem die Tierwelt majest\u00e4tisch einzieht. Lassen Sie Ihrer Kreativit\u00e4t freien Lauf und verleihen Sie Ihrer Wohnung oder Ihren Kunstwerken einen wilden und authentischen Hauch!<\/p>","protected":false},"excerpt":{"rendered":"<p><strong>Schablone Eisb\u00e4r<\/strong> kraftvoll und majest\u00e4tisch! Erstellen Sie einzigartige Gem\u00e4lde mit dieser wiederverwendbaren Vorlage, die in verschiedenen Gr\u00f6\u00dfen erh\u00e4ltlich ist.<\/p>","protected":false},"featured_media":22187,"comment_status":"open","ping_status":"closed","template":"","meta":{"bwfblock_default_font":"","_kad_blocks_custom_css":"","_kad_blocks_head_custom_js":"","_kad_blocks_body_custom_js":"","_kad_blocks_footer_custom_js":"","_kadence_starter_templates_imported_post":false,"_kad_post_transparent":"default","_kad_post_title":"","_kad_post_layout":"default","_kad_post_sidebar_id":"","_kad_post_content_style":"default","_kad_post_vertical_padding":"default","_kad_post_feature":"","_kad_post_feature_position":"","_kad_post_header":false,"_kad_post_footer":false,"_kad_post_classname":""},"product_brand":[1415],"product_cat":[364],"product_tag":[367,1232,1233,927,460,1133,1234,370,1114,1230,1134,452],"class_list":{"0":"post-21985","1":"product","2":"type-product","3":"status-publish","4":"has-post-thumbnail","6":"product_brand-mes-pochoirs","7":"product_cat-pochoirs-animaux","8":"product_tag-animal","9":"product_tag-brun","10":"product_tag-feroce","11":"product_tag-force","12":"product_tag-foret","13":"product_tag-majestueux","14":"product_tag-montagne","15":"product_tag-nature","16":"product_tag-ours","17":"product_tag-predateur","18":"product_tag-puissant","19":"product_tag-sauvage","21":"first","22":"instock","23":"taxable","24":"shipping-taxable","25":"purchasable","26":"product-type-variable","27":"has-default-attributes","28":"entry","29":"content-bg","30":"loop-entry"},"taxonomy_info":{"product_brand":[{"value":1415,"label":"Mes Pochoirs"}],"product_cat":[{"value":364,"label":"Animaux"}],"product_tag":[{"value":367,"label":"animal"},{"value":1232,"label":"brun"},{"value":1233,"label":"f\u00e9roce"},{"value":927,"label":"force"},{"value":460,"label":"for\u00eat"},{"value":1133,"label":"majestueux"},{"value":1234,"label":"montagne"},{"value":370,"label":"nature"},{"value":1114,"label":"ours"},{"value":1230,"label":"pr\u00e9dateur"},{"value":1134,"label":"puissant"},{"value":452,"label":"sauvage"}]},"featured_image_src_large":["https:\/\/mes-pochoirs.com\/wp-content\/uploads\/2025\/03\/A0085-pochoir-ours-copyright-mes-pochoirs-858x1030.jpg",858,1030,true],"author_info":[],"comment_info":0,"_links":{"self":[{"href":"https:\/\/mes-pochoirs.com\/de\/wp-json\/wp\/v2\/product\/21985","targetHints":{"allow":["GET"]}}],"collection":[{"href":"https:\/\/mes-pochoirs.com\/de\/wp-json\/wp\/v2\/product"}],"about":[{"href":"https:\/\/mes-pochoirs.com\/de\/wp-json\/wp\/v2\/types\/product"}],"replies":[{"embeddable":true,"href":"https:\/\/mes-pochoirs.com\/de\/wp-json\/wp\/v2\/comments?post=21985"}],"wp:featuredmedia":[{"embeddable":true,"href":"https:\/\/mes-pochoirs.com\/de\/wp-json\/wp\/v2\/media\/22187"}],"wp:attachment":[{"href":"https:\/\/mes-pochoirs.com\/de\/wp-json\/wp\/v2\/media?parent=21985"}],"wp:term":[{"taxonomy":"product_brand","embeddable":true,"href":"https:\/\/mes-pochoirs.com\/de\/wp-json\/wp\/v2\/product_brand?post=21985"},{"taxonomy":"product_cat","embeddable":true,"href":"https:\/\/mes-pochoirs.com\/de\/wp-json\/wp\/v2\/product_cat?post=21985"},{"taxonomy":"product_tag","embeddable":true,"href":"https:\/\/mes-pochoirs.com\/de\/wp-json\/wp\/v2\/product_tag?post=21985"}],"curies":[{"name":"wp","href":"https:\/\/api.w.org\/{rel}","templated":true}]}}