{"id":22080,"date":"2025-04-09T12:28:44","date_gmt":"2025-04-09T10:28:44","guid":{"rendered":"https:\/\/mes-pochoirs.com\/?post_type=product&#038;p=22080"},"modified":"2025-10-31T12:33:09","modified_gmt":"2025-10-31T11:33:09","slug":"schablone-gorilla-videospiele-a0093","status":"publish","type":"product","link":"https:\/\/mes-pochoirs.com\/de\/produit\/pochoir-gorille-jeux-video-a0093","title":{"rendered":"Schablone Gorilla Videospiele - A0093"},"content":{"rendered":"<h2>Schablone Gorilla Videospiele<\/h2>\n<h3>Eine schlagkr\u00e4ftige Verschmelzung von Natur und Geek-Kultur<\/h3>\n<p>Tauchen Sie ein in die Welt des Gaming und der Digitalisierung mit diesem <strong>Schablone Gorilla Videospiele<\/strong>ein kraftvolles und zugleich schr\u00e4ges Design. Dieses auff\u00e4llige Design zeigt einen konzentrierten Gorilla mit Kopfh\u00f6rern auf den Ohren und einem Videospiel-Controller in der Hand, der v\u00f6llig in seine digitale Erfahrung versunken ist. Sein intensiver Blick dr\u00fcckt das v\u00f6llige Eintauchen in die virtuelle Welt aus und f\u00e4ngt die Gedanken von Videospiel- und Geekkultur-Fans ein. Diese Schablone erz\u00e4hlt eine Geschichte: die eines wilden Tieres, das mit der Technologie verschmilzt und rohe Kraft in Verbindung mit Modernit\u00e4t und k\u00fcnstlicher Intelligenz verk\u00f6rpert. Ob f\u00fcr eine von der Welt des Gaming inspirierte Dekoration oder f\u00fcr ein Kunstprojekt mit starker Symbolik, diese Schablone wird Ihren Kreationen einen Hauch von K\u00fchnheit und Originalit\u00e4t verleihen.<\/p>\n<h3>Ein Streetart-Stil im Dienste der Kreativit\u00e4t<\/h3>\n<p>Diese <strong>Schablone Gorilla Videospiele\u00a0<\/strong> ist von der Street Art inspiriert, mit ihren scharfen Kontrasten und der dynamischen Linienf\u00fchrung, die an eindringliche urbane Fresken erinnern. Ideal, um einer Wandarbeit, einem selbst gestalteten M\u00f6belst\u00fcck oder sogar einem selbst gestalteten Textil Charakter zu verleihen. Dank ihrer \u00c4sthetik, die Geek-Kultur und urbanen Geist miteinander verbindet, ist diese Schablone Gorilla Videospiele das perfekte Werkzeug f\u00fcr K\u00fcnstler, die ihre einzigartige Vision der digitalen Welt und des Gamings ausdr\u00fccken m\u00f6chten. Sie verk\u00f6rpert einen Dialog zwischen Tier und Technologie, zwischen Realit\u00e4t und Virtualit\u00e4t und bietet eine moderne und eindrucksvolle k\u00fcnstlerische Interpretation. Wagen Sie den Kontrast, unterstreichen Sie Ihren Stil und lassen Sie Ihrer Fantasie freien Lauf mit dieser Geek-Schablone im fesselnden Design.<\/p>","protected":false},"excerpt":{"rendered":"<p><strong>Schablone Gorilla Videospiele<\/strong> wendbar und wiederverwendbar, ideal f\u00fcr Wandmalerei, Geek-Bilder und digitale Dekorationen. Hohe Qualit\u00e4t, verschiedene Gr\u00f6\u00dfen.<\/p>","protected":false},"featured_media":22195,"comment_status":"open","ping_status":"closed","template":"","meta":{"bwfblock_default_font":"","_kad_blocks_custom_css":"","_kad_blocks_head_custom_js":"","_kad_blocks_body_custom_js":"","_kad_blocks_footer_custom_js":"","_kadence_starter_templates_imported_post":false,"_kad_post_transparent":"default","_kad_post_title":"","_kad_post_layout":"default","_kad_post_sidebar_id":"","_kad_post_content_style":"default","_kad_post_vertical_padding":"default","_kad_post_feature":"","_kad_post_feature_position":"","_kad_post_header":false,"_kad_post_footer":false,"_kad_post_classname":""},"product_brand":[1415],"product_cat":[364,328],"product_tag":[367,410,1102,665,1002,1241,1115,720,1240,1098,664,327,1239,1101],"class_list":{"0":"post-22080","1":"product","2":"type-product","3":"status-publish","4":"has-post-thumbnail","6":"product_brand-mes-pochoirs","7":"product_cat-pochoirs-animaux","8":"product_cat-pochoirs-street-art","9":"product_tag-animal","10":"product_tag-casque","11":"product_tag-digital","12":"product_tag-gamer","13":"product_tag-gaming","14":"product_tag-geek","15":"product_tag-gorille","16":"product_tag-jeu","17":"product_tag-manette","18":"product_tag-numerique","19":"product_tag-singe","20":"product_tag-street-art","21":"product_tag-video","22":"product_tag-virtuel","24":"first","25":"instock","26":"taxable","27":"shipping-taxable","28":"purchasable","29":"product-type-variable","30":"has-default-attributes","31":"entry","32":"content-bg","33":"loop-entry"},"taxonomy_info":{"product_brand":[{"value":1415,"label":"Mes Pochoirs"}],"product_cat":[{"value":364,"label":"Animaux"},{"value":328,"label":"Street Art"}],"product_tag":[{"value":367,"label":"animal"},{"value":410,"label":"casque"},{"value":1102,"label":"digital"},{"value":665,"label":"gamer"},{"value":1002,"label":"gaming"},{"value":1241,"label":"geek"},{"value":1115,"label":"gorille"},{"value":720,"label":"jeu"},{"value":1240,"label":"manette"},{"value":1098,"label":"num\u00e9rique"},{"value":664,"label":"singe"},{"value":327,"label":"street art"},{"value":1239,"label":"vid\u00e9o"},{"value":1101,"label":"virtuel"}]},"featured_image_src_large":["https:\/\/mes-pochoirs.com\/wp-content\/uploads\/2025\/03\/A0093-pochoir-gorille-gamer-copyright-mes-pochoirs-858x1030.jpg",858,1030,true],"author_info":[],"comment_info":0,"_links":{"self":[{"href":"https:\/\/mes-pochoirs.com\/de\/wp-json\/wp\/v2\/product\/22080","targetHints":{"allow":["GET"]}}],"collection":[{"href":"https:\/\/mes-pochoirs.com\/de\/wp-json\/wp\/v2\/product"}],"about":[{"href":"https:\/\/mes-pochoirs.com\/de\/wp-json\/wp\/v2\/types\/product"}],"replies":[{"embeddable":true,"href":"https:\/\/mes-pochoirs.com\/de\/wp-json\/wp\/v2\/comments?post=22080"}],"wp:featuredmedia":[{"embeddable":true,"href":"https:\/\/mes-pochoirs.com\/de\/wp-json\/wp\/v2\/media\/22195"}],"wp:attachment":[{"href":"https:\/\/mes-pochoirs.com\/de\/wp-json\/wp\/v2\/media?parent=22080"}],"wp:term":[{"taxonomy":"product_brand","embeddable":true,"href":"https:\/\/mes-pochoirs.com\/de\/wp-json\/wp\/v2\/product_brand?post=22080"},{"taxonomy":"product_cat","embeddable":true,"href":"https:\/\/mes-pochoirs.com\/de\/wp-json\/wp\/v2\/product_cat?post=22080"},{"taxonomy":"product_tag","embeddable":true,"href":"https:\/\/mes-pochoirs.com\/de\/wp-json\/wp\/v2\/product_tag?post=22080"}],"curies":[{"name":"wp","href":"https:\/\/api.w.org\/{rel}","templated":true}]}}