{"id":22283,"date":"2025-05-28T15:21:10","date_gmt":"2025-05-28T13:21:10","guid":{"rendered":"https:\/\/mes-pochoirs.com\/?post_type=product&#038;p=22283"},"modified":"2025-10-31T12:33:49","modified_gmt":"2025-10-31T11:33:49","slug":"schablone-malen-hirsch-a0097","status":"publish","type":"product","link":"https:\/\/mes-pochoirs.com\/de\/produit\/pochoir-peinture-cerf-a0097","title":{"rendered":"Schablonenmalerei Hirsch - A0097"},"content":{"rendered":"<h2>Schablonenmalerei Hirsch<\/h2>\n<h3>Ein wildes und majest\u00e4tisches Werk<\/h3>\n<p><strong>Schablonenmalerei Hirsch<\/strong>ist mehr als nur ein Motiv: Es ist eine Einladung, die raue und majest\u00e4tische Sch\u00f6nheit der Natur einzufangen. Mit seinem imposanten Geweih und seiner stolzen Haltung verk\u00f6rpert dieser Hirsch die Kraft und Eleganz der Wildtiere. Als Symbol f\u00fcr St\u00e4rke und Freiheit erinnert er an gro\u00dfe, tiefe W\u00e4lder und Berglandschaften, in denen das Tier als Herrscher regiert. Sein durchdringender Blick und seine edle Silhouette verleihen Ihren Kreationen einen authentischen und aussagekr\u00e4ftigen Charakter. Der <strong>Schablonenmalerei Hirsch<\/strong> entf\u00fchrt Sie in eine Welt, die von Gelassenheit und Erhabenheit gepr\u00e4gt ist. Egal, ob Sie sich f\u00fcr die Jagd, eine waldreiche Umgebung oder rustikale \u00c4sthetik begeistern, diese Schablone ist das ideale Werkzeug, um Ihren Werken eine wilde Seele einzuhauchen. Die Schablone findet ihren Platz auf einem Wandgem\u00e4lde, das an den Wald erinnert, auf einem Gem\u00e4lde mit Bergkulisse oder sogar auf M\u00f6beln, um einen authentischen und raffinierten Effekt zu erzielen.<\/p>\n<h3>Ein eindringlicher k\u00fcnstlerischer Stil<\/h3>\n<p><strong>Die Schablone Hirschmalerei<\/strong> wurde entwickelt, um Ihren Kreationen eine auffallende und charaktervolle Wirkung zu verleihen. Dank des pr\u00e4zisen Schnitts l\u00e4sst sich mit wenigen Pinselstrichen ein majest\u00e4tischer Hirsch zum Leben erwecken. Ob Sie K\u00fcnstler, Dekorateur oder DIY-Fan sind, diese Schablone ist eine echte Inspirationsquelle, um Ihr Talent auszudr\u00fccken und Werke zu schaffen, die den Blick fesseln. <strong>Die Schablone Hirschmalerei<\/strong> wird aus wiederverwendbarem Material hergestellt, ist beidseitig verwendbar und in verschiedenen Gr\u00f6\u00dfen erh\u00e4ltlich, um sich an alle Ihre Projekte anzupassen. Es l\u00e4sst sich leicht auf verschiedenen Untergr\u00fcnden anbringen: Holz, Leinwand, Stoff oder Wand. So k\u00f6nnen Sie Ihre Kreationen mit einem professionellen Aussehen personalisieren. Es ist ideal, um Ihren Gem\u00e4lden einen Hauch von Natur und Authentizit\u00e4t zu verleihen, und ist der perfekte Verb\u00fcndete, um Ihre Dekorationen mit einem kraftvollen und zeitlosen Motiv zu veredeln.<\/p>","protected":false},"excerpt":{"rendered":"<p><strong>Schablonenmalerei Hirsch<\/strong> von der Natur inspiriert. Hohe Qualit\u00e4t, wiederverwendbar und in verschiedenen Gr\u00f6\u00dfen f\u00fcr Fresken und Gem\u00e4lde erh\u00e4ltlich.<\/p>","protected":false},"featured_media":22263,"comment_status":"open","ping_status":"closed","template":"","meta":{"bwfblock_default_font":"","_kad_blocks_custom_css":"","_kad_blocks_head_custom_js":"","_kad_blocks_body_custom_js":"","_kad_blocks_footer_custom_js":"","_kadence_starter_templates_imported_post":false,"_kad_post_transparent":"default","_kad_post_title":"","_kad_post_layout":"default","_kad_post_sidebar_id":"","_kad_post_content_style":"default","_kad_post_vertical_padding":"default","_kad_post_feature":"","_kad_post_feature_position":"","_kad_post_header":false,"_kad_post_footer":false,"_kad_post_classname":""},"product_brand":[1415],"product_cat":[364],"product_tag":[367,1247,458,1249,456,460,1133,1234,370,1248,1134,926,452],"class_list":{"0":"post-22283","1":"product","2":"type-product","3":"status-publish","4":"has-post-thumbnail","6":"product_brand-mes-pochoirs","7":"product_cat-pochoirs-animaux","8":"product_tag-animal","9":"product_tag-bois","10":"product_tag-cerf","11":"product_tag-chasse","12":"product_tag-faune","13":"product_tag-foret","14":"product_tag-majestueux","15":"product_tag-montagne","16":"product_tag-nature","17":"product_tag-noble","18":"product_tag-puissant","19":"product_tag-rustique","20":"product_tag-sauvage","22":"first","23":"instock","24":"taxable","25":"shipping-taxable","26":"purchasable","27":"product-type-variable","28":"entry","29":"content-bg","30":"loop-entry"},"taxonomy_info":{"product_brand":[{"value":1415,"label":"Mes Pochoirs"}],"product_cat":[{"value":364,"label":"Animaux"}],"product_tag":[{"value":367,"label":"animal"},{"value":1247,"label":"bois"},{"value":458,"label":"cerf"},{"value":1249,"label":"chasse"},{"value":456,"label":"faune"},{"value":460,"label":"for\u00eat"},{"value":1133,"label":"majestueux"},{"value":1234,"label":"montagne"},{"value":370,"label":"nature"},{"value":1248,"label":"noble"},{"value":1134,"label":"puissant"},{"value":926,"label":"rustique"},{"value":452,"label":"sauvage"}]},"featured_image_src_large":["https:\/\/mes-pochoirs.com\/wp-content\/uploads\/2025\/03\/A0097-pochoir-tete-cerf-copyright-mes-pochoirs-858x1030.jpg",858,1030,true],"author_info":[],"comment_info":0,"_links":{"self":[{"href":"https:\/\/mes-pochoirs.com\/de\/wp-json\/wp\/v2\/product\/22283","targetHints":{"allow":["GET"]}}],"collection":[{"href":"https:\/\/mes-pochoirs.com\/de\/wp-json\/wp\/v2\/product"}],"about":[{"href":"https:\/\/mes-pochoirs.com\/de\/wp-json\/wp\/v2\/types\/product"}],"replies":[{"embeddable":true,"href":"https:\/\/mes-pochoirs.com\/de\/wp-json\/wp\/v2\/comments?post=22283"}],"wp:featuredmedia":[{"embeddable":true,"href":"https:\/\/mes-pochoirs.com\/de\/wp-json\/wp\/v2\/media\/22263"}],"wp:attachment":[{"href":"https:\/\/mes-pochoirs.com\/de\/wp-json\/wp\/v2\/media?parent=22283"}],"wp:term":[{"taxonomy":"product_brand","embeddable":true,"href":"https:\/\/mes-pochoirs.com\/de\/wp-json\/wp\/v2\/product_brand?post=22283"},{"taxonomy":"product_cat","embeddable":true,"href":"https:\/\/mes-pochoirs.com\/de\/wp-json\/wp\/v2\/product_cat?post=22283"},{"taxonomy":"product_tag","embeddable":true,"href":"https:\/\/mes-pochoirs.com\/de\/wp-json\/wp\/v2\/product_tag?post=22283"}],"curies":[{"name":"wp","href":"https:\/\/api.w.org\/{rel}","templated":true}]}}