{"id":22444,"date":"2025-04-17T14:22:04","date_gmt":"2025-04-17T12:22:04","guid":{"rendered":"https:\/\/mes-pochoirs.com\/?post_type=product&#038;p=22444"},"modified":"2025-10-31T12:34:04","modified_gmt":"2025-10-31T11:34:04","slug":"schablone-malen-tiger-a0110","status":"publish","type":"product","link":"https:\/\/mes-pochoirs.com\/de\/produit\/pochoir-peinture-tigre-a0110","title":{"rendered":"Schablonenmalerei Tiger - A0110"},"content":{"rendered":"<h2>Schablonenmalerei Tiger<\/h2>\n<h3>Eine majest\u00e4tische Raubkatze in Bewegung<\/h3>\n<p>Lassen Sie sich verzaubern von der Kraft und Eleganz des <strong>Schablonenmalerei Tiger<\/strong>. Dieses atemberaubende Motiv f\u00e4ngt den genauen Moment ein, in dem die Raubkatze mit durchdringendem Blick und imposanter Haltung voranschreitet. Dieser Tiger, das Sinnbild der Wildnis, verk\u00f6rpert sowohl rohe Kraft als auch nat\u00fcrliche Eleganz und bietet einen faszinierenden Kontrast zwischen Kraft und Anmut. In jedem Strich seines gestreiften Fells und jeder Kurve seiner angespannten Muskeln sp\u00fcrt man die Seele eines furchterregenden Raubtieres, Herrscher \u00fcber ferne Dschungel und tiefe W\u00e4lder. Diese Schablone ist mehr als nur eine Zeichnung: Sie erz\u00e4hlt eine Geschichte von Dominanz, Freiheit und exotischen Geheimnissen. Diese Schablone ist ideal f\u00fcr Tierliebhaber oder K\u00fcnstler, die auf der Suche nach einer starken Botschaft sind. Mit ihr k\u00f6nnen Sie Ihre Kreationen mit einer unvergesslichen katzenhaften Pr\u00e4senz zum Leben erwecken.<\/p>\n<h3>Ein k\u00fchner und ausdrucksstarker Stil<\/h3>\n<p>Mit seinem fein geschnittenen Design <strong>Schablonenmalerei Tiger<\/strong> bietet eine durchschlagende visuelle Wirkung, die sich perfekt f\u00fcr k\u00fchne und dynamische Kunstwerke eignet. Ob auf einer Wand, einer Leinwand, M\u00f6beln oder Textilien, diese Schablone verwandelt einen Untergrund sofort in ein Kunstwerk, das von Charakter und exotischer Wildheit gepr\u00e4gt ist. Sie passt sowohl zu modernen Dekorationen als auch zu raueren und nat\u00fcrlicheren Umgebungen und verleiht Ihrem Raum einen Hauch von Authentizit\u00e4t und Kraft. Verwenden Sie sie mit kontrastierenden Farben, um die atemberaubende Wirkung des Tigers zu betonen, oder entscheiden Sie sich f\u00fcr sanftere Farbt\u00f6ne f\u00fcr eine subtile und elegante Darstellung. Mit dieser Schablone kann jeder K\u00fcnstler seine Kreativit\u00e4t kraftvoll und originell zum Ausdruck bringen, indem er das Wesen dieser unz\u00e4hmbaren Raubkatze einf\u00e4ngt.<\/p>\n<h3><\/h3>","protected":false},"excerpt":{"rendered":"<p><strong data-start=\"879\" data-end=\"905\">Schablone Tigermalerei<\/strong> um Ihre Kunstwerke zu sublimieren. Wiederverwendbar, beidseitig verwendbar und perfekt f\u00fcr Maler und Naturliebhaber.<\/p>","protected":false},"featured_media":22422,"comment_status":"open","ping_status":"closed","template":"","meta":{"bwfblock_default_font":"","_kad_blocks_custom_css":"","_kad_blocks_head_custom_js":"","_kad_blocks_body_custom_js":"","_kad_blocks_footer_custom_js":"","_kadence_starter_templates_imported_post":false,"_kad_post_transparent":"default","_kad_post_title":"","_kad_post_layout":"default","_kad_post_sidebar_id":"","_kad_post_content_style":"default","_kad_post_vertical_padding":"default","_kad_post_feature":"","_kad_post_feature_position":"","_kad_post_header":false,"_kad_post_footer":false,"_kad_post_classname":""},"product_brand":[1415],"product_cat":[364],"product_tag":[367,666,927,643,1133,370,1230,1134,452,403],"class_list":{"0":"post-22444","1":"product","2":"type-product","3":"status-publish","4":"has-post-thumbnail","6":"product_brand-mes-pochoirs","7":"product_cat-pochoirs-animaux","8":"product_tag-animal","9":"product_tag-felin","10":"product_tag-force","11":"product_tag-jungle","12":"product_tag-majestueux","13":"product_tag-nature","14":"product_tag-predateur","15":"product_tag-puissant","16":"product_tag-sauvage","17":"product_tag-tigre","19":"first","20":"instock","21":"taxable","22":"shipping-taxable","23":"purchasable","24":"product-type-variable","25":"has-default-attributes","26":"entry","27":"content-bg","28":"loop-entry"},"taxonomy_info":{"product_brand":[{"value":1415,"label":"Mes Pochoirs"}],"product_cat":[{"value":364,"label":"Animaux"}],"product_tag":[{"value":367,"label":"animal"},{"value":666,"label":"f\u00e9lin"},{"value":927,"label":"force"},{"value":643,"label":"jungle"},{"value":1133,"label":"majestueux"},{"value":370,"label":"nature"},{"value":1230,"label":"pr\u00e9dateur"},{"value":1134,"label":"puissant"},{"value":452,"label":"sauvage"},{"value":403,"label":"Tigre"}]},"featured_image_src_large":["https:\/\/mes-pochoirs.com\/wp-content\/uploads\/2025\/03\/A0110-pochoir-tigre-copyright-mes-pochoirs-858x1030.jpg",858,1030,true],"author_info":[],"comment_info":0,"_links":{"self":[{"href":"https:\/\/mes-pochoirs.com\/de\/wp-json\/wp\/v2\/product\/22444","targetHints":{"allow":["GET"]}}],"collection":[{"href":"https:\/\/mes-pochoirs.com\/de\/wp-json\/wp\/v2\/product"}],"about":[{"href":"https:\/\/mes-pochoirs.com\/de\/wp-json\/wp\/v2\/types\/product"}],"replies":[{"embeddable":true,"href":"https:\/\/mes-pochoirs.com\/de\/wp-json\/wp\/v2\/comments?post=22444"}],"wp:featuredmedia":[{"embeddable":true,"href":"https:\/\/mes-pochoirs.com\/de\/wp-json\/wp\/v2\/media\/22422"}],"wp:attachment":[{"href":"https:\/\/mes-pochoirs.com\/de\/wp-json\/wp\/v2\/media?parent=22444"}],"wp:term":[{"taxonomy":"product_brand","embeddable":true,"href":"https:\/\/mes-pochoirs.com\/de\/wp-json\/wp\/v2\/product_brand?post=22444"},{"taxonomy":"product_cat","embeddable":true,"href":"https:\/\/mes-pochoirs.com\/de\/wp-json\/wp\/v2\/product_cat?post=22444"},{"taxonomy":"product_tag","embeddable":true,"href":"https:\/\/mes-pochoirs.com\/de\/wp-json\/wp\/v2\/product_tag?post=22444"}],"curies":[{"name":"wp","href":"https:\/\/api.w.org\/{rel}","templated":true}]}}