{"id":22457,"date":"2025-07-24T14:38:18","date_gmt":"2025-07-24T12:38:18","guid":{"rendered":"https:\/\/mes-pochoirs.com\/?post_type=product&#038;p=22457"},"modified":"2025-10-31T12:34:08","modified_gmt":"2025-10-31T11:34:08","slug":"schablonenmalerei-pandakopf-a0112","status":"publish","type":"product","link":"https:\/\/mes-pochoirs.com\/de\/produit\/pochoir-peinture-tete-de-panda-a0112","title":{"rendered":"Schablonenmalerei Pandakopf - A0112"},"content":{"rendered":"<h2>Schablonenmalerei Pandakopf<\/h2>\n<h3>Ein Symbol f\u00fcr Gelassenheit und Sanftheit<\/h3>\n<p><strong>Schablonenmalerei Pandakopf<\/strong> Diese Schablone f\u00e4ngt mit ihrem herzerweichenden Blick und ihrer beruhigenden Aura die ganze Sanftheit und Gelassenheit dieses symboltr\u00e4chtigen Tieres ein. Mit seinen runden Formen und seinem flauschigen Fell ruft der Panda sofort ein Gef\u00fchl der Ruhe hervor, eine R\u00fcckkehr zur Kindheit und zu Tr\u00e4umen von unber\u00fchrter Natur. Sein sanfter und friedlicher Ausdruck verleiht Ihren Kreationen einen leichten Zen-Touch und verwandelt jede Oberfl\u00e4che in eine wahre Oase der Entspannung. Als Symbol f\u00fcr Weisheit und Ruhe verk\u00f6rpert der Panda auch das Gleichgewicht zwischen St\u00e4rke und Unschuld und erinnert an die stille Anmut der Bambusw\u00e4lder. Diese Schablone ist eine Einladung, eine starke Botschaft auszudr\u00fccken: die des Respekts vor der Natur und der wilden Sch\u00f6nheit.<\/p>\n<h3>Ein moderner und eindringlicher k\u00fcnstlerischer Stil<\/h3>\n<p><strong>Schablonenmalerei Pandakopf<\/strong> : Ein Design, das die Authentizit\u00e4t der Natur mit der Energie der Street Art verschmilzt. Die feinen Linien und das subtile Spiel mit den Ausschnitten sorgen f\u00fcr ein einzigartiges k\u00fcnstlerisches Ergebnis, das Realismus und Abstraktion miteinander verbindet. Die leichten Verl\u00e4ufe am unteren Rand des Motivs sorgen f\u00fcr einen dynamischen und modernen Eindruck - perfekt f\u00fcr alle, die nach einem originellen, urbanen Touch suchen. Diese Schablone l\u00e4sst sich leicht auf Leinwand, Wand, Holz oder Stoff anwenden und verwandelt jeden Untergrund in ein ausdrucksstarkes Kunstwerk. Egal, ob Sie Ihrem Zuhause eine spielerische und entspannte Note verleihen oder ein engagiertes Wandbild gestalten m\u00f6chten, diese Schablone bietet Ihnen unendliche kreative Freiheit. Ein inspirierendes St\u00fcck f\u00fcr alle K\u00fcnstler, vom passionierten Maler bis zum Graffiti-K\u00fcnstler auf der Suche nach neuen Ideen!<\/p>","protected":false},"excerpt":{"rendered":"<p><strong>Schablonenmalerei Pandakopf<\/strong> beidseitig verwendbar und hohe Qualit\u00e4t. Ideal zum Malen, f\u00fcr Wanddekorationen und k\u00fcnstlerische Gem\u00e4lde. In verschiedenen Gr\u00f6\u00dfen erh\u00e4ltlich.<\/p>","protected":false},"featured_media":22424,"comment_status":"open","ping_status":"closed","template":"","meta":{"bwfblock_default_font":"","_kad_blocks_custom_css":"","_kad_blocks_head_custom_js":"","_kad_blocks_body_custom_js":"","_kad_blocks_footer_custom_js":"","_kadence_starter_templates_imported_post":false,"_kad_post_transparent":"default","_kad_post_title":"","_kad_post_layout":"default","_kad_post_sidebar_id":"","_kad_post_content_style":"default","_kad_post_vertical_padding":"default","_kad_post_feature":"","_kad_post_feature_position":"","_kad_post_header":false,"_kad_post_footer":false,"_kad_post_classname":""},"product_brand":[1415],"product_cat":[364],"product_tag":[367,1260,1259,1085,826,1257,1258,370,1254,442,1255,1256],"class_list":{"0":"post-22457","1":"product","2":"type-product","3":"status-publish","4":"has-post-thumbnail","6":"product_brand-mes-pochoirs","7":"product_cat-pochoirs-animaux","8":"product_tag-animal","9":"product_tag-bambou","10":"product_tag-detente","11":"product_tag-douceur","12":"product_tag-enfance","13":"product_tag-leger","14":"product_tag-ludique","15":"product_tag-nature","16":"product_tag-panda","17":"product_tag-reve","18":"product_tag-serenite","19":"product_tag-zen","21":"first","22":"instock","23":"taxable","24":"shipping-taxable","25":"purchasable","26":"product-type-variable","27":"entry","28":"content-bg","29":"loop-entry"},"taxonomy_info":{"product_brand":[{"value":1415,"label":"Mes Pochoirs"}],"product_cat":[{"value":364,"label":"Animaux"}],"product_tag":[{"value":367,"label":"animal"},{"value":1260,"label":"bambou"},{"value":1259,"label":"d\u00e9tente"},{"value":1085,"label":"douceur"},{"value":826,"label":"enfance"},{"value":1257,"label":"l\u00e9ger"},{"value":1258,"label":"ludique"},{"value":370,"label":"nature"},{"value":1254,"label":"panda"},{"value":442,"label":"R\u00eave"},{"value":1255,"label":"s\u00e9r\u00e9nit\u00e9"},{"value":1256,"label":"zen"}]},"featured_image_src_large":["https:\/\/mes-pochoirs.com\/wp-content\/uploads\/2025\/03\/A0112-pochoir-tete-panda-copyright-mes-pochoirs-858x1030.jpg",858,1030,true],"author_info":[],"comment_info":1,"_links":{"self":[{"href":"https:\/\/mes-pochoirs.com\/de\/wp-json\/wp\/v2\/product\/22457","targetHints":{"allow":["GET"]}}],"collection":[{"href":"https:\/\/mes-pochoirs.com\/de\/wp-json\/wp\/v2\/product"}],"about":[{"href":"https:\/\/mes-pochoirs.com\/de\/wp-json\/wp\/v2\/types\/product"}],"replies":[{"embeddable":true,"href":"https:\/\/mes-pochoirs.com\/de\/wp-json\/wp\/v2\/comments?post=22457"}],"wp:featuredmedia":[{"embeddable":true,"href":"https:\/\/mes-pochoirs.com\/de\/wp-json\/wp\/v2\/media\/22424"}],"wp:attachment":[{"href":"https:\/\/mes-pochoirs.com\/de\/wp-json\/wp\/v2\/media?parent=22457"}],"wp:term":[{"taxonomy":"product_brand","embeddable":true,"href":"https:\/\/mes-pochoirs.com\/de\/wp-json\/wp\/v2\/product_brand?post=22457"},{"taxonomy":"product_cat","embeddable":true,"href":"https:\/\/mes-pochoirs.com\/de\/wp-json\/wp\/v2\/product_cat?post=22457"},{"taxonomy":"product_tag","embeddable":true,"href":"https:\/\/mes-pochoirs.com\/de\/wp-json\/wp\/v2\/product_tag?post=22457"}],"curies":[{"name":"wp","href":"https:\/\/api.w.org\/{rel}","templated":true}]}}