{"id":22937,"date":"2025-04-17T12:20:51","date_gmt":"2025-04-17T10:20:51","guid":{"rendered":"https:\/\/mes-pochoirs.com\/?post_type=product&#038;p=22937"},"modified":"2025-10-31T12:35:16","modified_gmt":"2025-10-31T11:35:16","slug":"schablone-kind-und-schmetterlinge-sa0053","status":"publish","type":"product","link":"https:\/\/mes-pochoirs.com\/de\/produit\/pochoir-enfant-et-papillons-sa0053","title":{"rendered":"Schablone Der H\u00fcter der Schmetterlinge - SA0053"},"content":{"rendered":"<h2>Schablone Kind und Schmetterlinge<\/h2>\n<h3>Eine m\u00e4rchenhafte Welt zum Greifen nah<\/h3>\n<p><strong>Schablone Kind und Schmetterlinge<\/strong> Diese zauberhafte Schablone zeigt die zarte Silhouette eines gefl\u00fcgelten Kindes, das wie ein kleines Zauberwesen am Fu\u00df eines von Schmetterlingen bev\u00f6lkerten Baumes steht. Jedes Detail dieser Komposition l\u00e4dt zum Tr\u00e4umen ein: die ausgebreiteten Fl\u00fcgel des Kindes, die sanften Bewegungen der Schmetterlinge, die in den Himmel fliegen, die \u00fcppige Natur, die bukolische Geheimnisse zu fl\u00fcstern scheint. Dieses poetische Motiv erinnert an die Sanftheit der Kindheit, die tiefe Verbundenheit mit der Natur und die Sch\u00f6nheit eines inneren Gartens, in dem sich Tr\u00e4ume, Fantasie und Leichtigkeit kreuzen. Durch die Verwendung dieses <strong>Schablone Kind und Schmetterlinge<\/strong>Wenn Sie einen Baum als Motiv w\u00e4hlen, bieten Sie Ihren Kreationen eine symbolische und beruhigende Szene, die von Z\u00e4rtlichkeit und Magie erf\u00fcllt ist. Es ist ein Motiv, das die Aufmerksamkeit auf sich zieht und gleichzeitig eine Geschichte erz\u00e4hlt: die Geschichte eines Moments, der zwischen der Realit\u00e4t und dem Wunderbaren, zwischen dem Baum und der Luft, zwischen dem Kind und dem freien Flug der Schmetterlinge schwebt.<\/p>\n<h3>Ein eindringlicher und inspirierender Grafikstil<\/h3>\n<p><strong>Schablone Kind und Schmetterlinge<\/strong> : nimmt einen starken grafischen Stil an, der auf der Silhouette basiert. Der Schatten des Kindes, die Details der Bl\u00e4tter, die Leichtigkeit der Schmetterlingsfl\u00fcgel - alles tr\u00e4gt dazu bei, einen \u00fcberw\u00e4ltigenden visuellen Effekt zu erzeugen. Dieses Design bietet eine professionelle Wiedergabe und bewahrt gleichzeitig eine k\u00fcnstlerische Sensibilit\u00e4t, ideal f\u00fcr Ihre dekorativen oder kreativen Projekte: W\u00e4nde, Leinw\u00e4nde, M\u00f6bel, Notizb\u00fccher oder auch Fresken im Au\u00dfenbereich. Diese <strong>Schablone Kind und Schmetterlinge<\/strong> ist viel mehr als nur ein dekoratives Werkzeug: Es ist ein Medium f\u00fcr den k\u00fcnstlerischen Ausdruck. Sie verleiht Ihren Werken einen magischen und vertr\u00e4umten Touch und erm\u00f6glicht es Ihnen, mit Texturen, farbigen Hintergr\u00fcnden und \u00dcberlagerungen zu spielen, um einen noch traumhafteren Effekt zu erzielen. Es passt perfekt in ein Gartenambiente, ein Kinderzimmer oder in jeden Raum, der nach visueller Poesie sucht.<\/p>","protected":false},"excerpt":{"rendered":"<p><strong data-start=\"1420\" data-end=\"1451\">Schablone Kind und Schmetterlinge<\/strong>Dieses vertr\u00e4umte Motiv f\u00fcr K\u00fcnstler ist ideal f\u00fcr Wandmalereien, Leinwandbilder oder bukolische Dekorationen.<\/p>","protected":false},"featured_media":22923,"comment_status":"open","ping_status":"closed","template":"","meta":{"bwfblock_default_font":"","_kad_blocks_custom_css":"","_kad_blocks_head_custom_js":"","_kad_blocks_body_custom_js":"","_kad_blocks_footer_custom_js":"","_kadence_starter_templates_imported_post":false,"_kad_post_transparent":"default","_kad_post_title":"","_kad_post_layout":"default","_kad_post_sidebar_id":"","_kad_post_content_style":"default","_kad_post_vertical_padding":"default","_kad_post_feature":"","_kad_post_feature_position":"","_kad_post_header":false,"_kad_post_footer":false,"_kad_post_classname":""},"product_brand":[1415],"product_cat":[328,364,369],"product_tag":[1288,414,1085,825,1287,1285,370,1282,442,1140],"class_list":{"0":"post-22937","1":"product","2":"type-product","3":"status-publish","4":"has-post-thumbnail","6":"product_brand-mes-pochoirs","7":"product_cat-pochoirs-street-art","8":"product_cat-pochoirs-animaux","9":"product_cat-pochoirs-nature","10":"product_tag-ailes","11":"product_tag-arbre","12":"product_tag-douceur","13":"product_tag-enfant","14":"product_tag-jardin","15":"product_tag-magique","16":"product_tag-nature","17":"product_tag-papillon","18":"product_tag-reve","19":"product_tag-silhouette","21":"first","22":"instock","23":"taxable","24":"shipping-taxable","25":"purchasable","26":"product-type-variable","27":"entry","28":"content-bg","29":"loop-entry"},"taxonomy_info":{"product_brand":[{"value":1415,"label":"Mes Pochoirs"}],"product_cat":[{"value":328,"label":"Street Art"},{"value":364,"label":"Animaux"},{"value":369,"label":"Nature"}],"product_tag":[{"value":1288,"label":"ailes"},{"value":414,"label":"Arbre"},{"value":1085,"label":"douceur"},{"value":825,"label":"enfant"},{"value":1287,"label":"jardin"},{"value":1285,"label":"magique"},{"value":370,"label":"nature"},{"value":1282,"label":"papillon"},{"value":442,"label":"R\u00eave"},{"value":1140,"label":"silhouette"}]},"featured_image_src_large":["https:\/\/mes-pochoirs.com\/wp-content\/uploads\/2025\/04\/SA0053-pochoir-enfant-papillons-copyright-mes-pochoirs-858x1030.jpg",858,1030,true],"author_info":[],"comment_info":0,"_links":{"self":[{"href":"https:\/\/mes-pochoirs.com\/de\/wp-json\/wp\/v2\/product\/22937","targetHints":{"allow":["GET"]}}],"collection":[{"href":"https:\/\/mes-pochoirs.com\/de\/wp-json\/wp\/v2\/product"}],"about":[{"href":"https:\/\/mes-pochoirs.com\/de\/wp-json\/wp\/v2\/types\/product"}],"replies":[{"embeddable":true,"href":"https:\/\/mes-pochoirs.com\/de\/wp-json\/wp\/v2\/comments?post=22937"}],"wp:featuredmedia":[{"embeddable":true,"href":"https:\/\/mes-pochoirs.com\/de\/wp-json\/wp\/v2\/media\/22923"}],"wp:attachment":[{"href":"https:\/\/mes-pochoirs.com\/de\/wp-json\/wp\/v2\/media?parent=22937"}],"wp:term":[{"taxonomy":"product_brand","embeddable":true,"href":"https:\/\/mes-pochoirs.com\/de\/wp-json\/wp\/v2\/product_brand?post=22937"},{"taxonomy":"product_cat","embeddable":true,"href":"https:\/\/mes-pochoirs.com\/de\/wp-json\/wp\/v2\/product_cat?post=22937"},{"taxonomy":"product_tag","embeddable":true,"href":"https:\/\/mes-pochoirs.com\/de\/wp-json\/wp\/v2\/product_tag?post=22937"}],"curies":[{"name":"wp","href":"https:\/\/api.w.org\/{rel}","templated":true}]}}