{"id":23082,"date":"2025-04-09T10:59:31","date_gmt":"2025-04-09T08:59:31","guid":{"rendered":"https:\/\/mes-pochoirs.com\/?post_type=product&#038;p=23082"},"modified":"2025-10-31T12:36:09","modified_gmt":"2025-10-31T11:36:09","slug":"schablone-gesicht-frau-brille-pv0024","status":"publish","type":"product","link":"https:\/\/mes-pochoirs.com\/de\/produit\/pochoir-visage-femme-lunettes-pv0024","title":{"rendered":"Schablone Gesicht Frau Brille - PV0024"},"content":{"rendered":"<h2>Schablone Gesicht Frau Brille<\/h2>\n<h3>Ein starker, weiblicher Ausdruck<\/h3>\n<p><strong>Die Schablone Gesicht Frau Brille<\/strong> ist viel mehr als nur ein kreatives Werkzeug: Es ist eine Einladung, die ruhige Kraft eines ausgesprochen modernen Frauenportr\u00e4ts einzufangen. Das fesselnde Gesicht mit dem direkten, selbstbewussten Blick, der von einem gepflegten Dutt und einer gro\u00dfen, stilisierten Brille eingerahmt wird, erinnert an eine urbane, unabh\u00e4ngige Frau mit einem starken Stil. Sie verk\u00f6rpert eine Haltung, die gleichzeitig schick und kraftvoll ist, aber dennoch subtil wirkt. Diese Schablone erweckt eine grafische Eleganz zum Leben, die sofort auff\u00e4llt. Sie l\u00e4dt K\u00fcnstler ein, Werke zu schaffen, in denen das Weibliche mit Kraft und Finesse zu Wort kommt. Ob Sie auf Leinwand, Wand oder Textilien arbeiten, diese Schablone bietet eine ikonische Pr\u00e4senz, die Ihre Kreationen um eine starke und aktuelle emotionale Dimension bereichern wird.<\/p>\n<h3>Ein grafischer Stil zwischen Pop Art und Street Art<\/h3>\n<p><strong>Die Schablone Gesicht Frau Brille<\/strong> zeichnet sich durch ein grafisches Design im Popart-Stil aus, mit klaren Kontrasten, klaren Linien und einer starken visuellen Wirkung. Die Streetart-\u00c4sthetik verleiht einen urbanen, gewagten und zeitgen\u00f6ssischen Touch und ist ideal f\u00fcr alle, die Mode und Kunst in ihren Kreationen vereinen m\u00f6chten. Sein minimalistischer und moderner Stil, der von den Codes der Frisuren, der Stra\u00dfenportr\u00e4ts und der schicken Welt der gro\u00dfen Hauptst\u00e4dte inspiriert ist, f\u00fcgt sich perfekt in die aktuellen Dekorationen ein. Diese Schablone ist ein vielseitiges Kreativwerkzeug, das sowohl erfahrene K\u00fcnstler als auch Anf\u00e4nger ansprechen wird, die auf der Suche nach einem starken visuellen Ausdruck ihrer Welt sind.<\/p>","protected":false},"excerpt":{"rendered":"<p><strong data-start=\"1076\" data-end=\"1109\">Schablone Gesicht Frau Brille<\/strong> f\u00fcr urbane K\u00fcnstler. Erstellen Sie einzigartige Kunstwerke! Hohe Qualit\u00e4t, wiederverwendbar, verschiedene Gr\u00f6\u00dfen erh\u00e4ltlich.<\/p>","protected":false},"featured_media":23113,"comment_status":"open","ping_status":"closed","template":"","meta":{"bwfblock_default_font":"","_kad_blocks_custom_css":"","_kad_blocks_head_custom_js":"","_kad_blocks_body_custom_js":"","_kad_blocks_footer_custom_js":"","_kadence_starter_templates_imported_post":false,"_kad_post_transparent":"default","_kad_post_title":"","_kad_post_layout":"default","_kad_post_sidebar_id":"","_kad_post_content_style":"default","_kad_post_vertical_padding":"default","_kad_post_feature":"","_kad_post_feature_position":"","_kad_post_header":false,"_kad_post_footer":false,"_kad_post_classname":""},"product_brand":[1415],"product_cat":[36,332],"product_tag":[1307,705,431,1305,613,608,359,739,430,1304,675,1306,390,488,1047,691,286,338],"class_list":{"0":"post-23082","1":"product","2":"type-product","3":"status-publish","4":"has-post-thumbnail","6":"product_brand-mes-pochoirs","7":"product_cat-pochoirs-portraits-visages","8":"product_cat-pochoirs-pop-art","9":"product_tag-attitude","10":"product_tag-chic","11":"product_tag-chignon","12":"product_tag-coiffure","13":"product_tag-elegance","14":"product_tag-feminin","15":"product_tag-femme","16":"product_tag-graphique","17":"product_tag-lunettes","18":"product_tag-mode","19":"product_tag-moderne","20":"product_tag-popart","21":"product_tag-portrait","22":"product_tag-regard","23":"product_tag-streetart","24":"product_tag-style","25":"product_tag-urbain","26":"product_tag-visage","28":"first","29":"instock","30":"taxable","31":"shipping-taxable","32":"purchasable","33":"product-type-variable","34":"entry","35":"content-bg","36":"loop-entry"},"taxonomy_info":{"product_brand":[{"value":1415,"label":"Mes Pochoirs"}],"product_cat":[{"value":36,"label":"Portraits &amp; Visages"},{"value":332,"label":"Pop Art"}],"product_tag":[{"value":1307,"label":"attitude"},{"value":705,"label":"chic"},{"value":431,"label":"chignon"},{"value":1305,"label":"coiffure"},{"value":613,"label":"\u00e9l\u00e9gance"},{"value":608,"label":"feminin"},{"value":359,"label":"femme"},{"value":739,"label":"graphique"},{"value":430,"label":"lunettes"},{"value":1304,"label":"mode"},{"value":675,"label":"moderne"},{"value":1306,"label":"popart"},{"value":390,"label":"portrait"},{"value":488,"label":"regard"},{"value":1047,"label":"Streetart"},{"value":691,"label":"style"},{"value":286,"label":"urbain"},{"value":338,"label":"visage"}]},"featured_image_src_large":["https:\/\/mes-pochoirs.com\/wp-content\/uploads\/2025\/04\/PV0024-pochoir-visage-femme-copyright-mes-pochoirs-858x1030.jpg",858,1030,true],"author_info":[],"comment_info":0,"_links":{"self":[{"href":"https:\/\/mes-pochoirs.com\/de\/wp-json\/wp\/v2\/product\/23082","targetHints":{"allow":["GET"]}}],"collection":[{"href":"https:\/\/mes-pochoirs.com\/de\/wp-json\/wp\/v2\/product"}],"about":[{"href":"https:\/\/mes-pochoirs.com\/de\/wp-json\/wp\/v2\/types\/product"}],"replies":[{"embeddable":true,"href":"https:\/\/mes-pochoirs.com\/de\/wp-json\/wp\/v2\/comments?post=23082"}],"wp:featuredmedia":[{"embeddable":true,"href":"https:\/\/mes-pochoirs.com\/de\/wp-json\/wp\/v2\/media\/23113"}],"wp:attachment":[{"href":"https:\/\/mes-pochoirs.com\/de\/wp-json\/wp\/v2\/media?parent=23082"}],"wp:term":[{"taxonomy":"product_brand","embeddable":true,"href":"https:\/\/mes-pochoirs.com\/de\/wp-json\/wp\/v2\/product_brand?post=23082"},{"taxonomy":"product_cat","embeddable":true,"href":"https:\/\/mes-pochoirs.com\/de\/wp-json\/wp\/v2\/product_cat?post=23082"},{"taxonomy":"product_tag","embeddable":true,"href":"https:\/\/mes-pochoirs.com\/de\/wp-json\/wp\/v2\/product_tag?post=23082"}],"curies":[{"name":"wp","href":"https:\/\/api.w.org\/{rel}","templated":true}]}}