{"id":23267,"date":"2025-04-30T15:09:02","date_gmt":"2025-04-30T13:09:02","guid":{"rendered":"https:\/\/mes-pochoirs.com\/?post_type=product&#038;p=23267"},"modified":"2025-10-31T12:36:11","modified_gmt":"2025-10-31T11:36:11","slug":"schablone-kindliche-freiheit-caz001","status":"publish","type":"product","link":"https:\/\/mes-pochoirs.com\/de\/produit\/pochoir-liberte-enfantine-caz001","title":{"rendered":"Schablone Kindliche Freiheit - CAZ001"},"content":{"rendered":"<h2>Schablone Kindliche Freiheit\u00a0<\/h2>\n<h3>Eine Szene der Flucht und der puren Freude<\/h3>\n<p><strong>Schablone Kindliche Freiheit<\/strong> Dieses Modell h\u00e4lt einen Moment der Unbeschwertheit und des Staunens fest, in dem ein kleines Kind mit ausgebreiteten Armen \u00fcber die Felder rennt, wie vom Wind getragen. Die leichte und fr\u00f6hliche Silhouette erinnert an Flucht, Spontaneit\u00e4t und diese reine Energie, die nur die Kindheit verk\u00f6rpern kann. Man stellt sich das Lachen vor, das von den Wiesen widerhallt, das hohe Gras, das um sie herum tanzt, und den poetischen Atem, der von der B\u00fchne ausgeht. Diese Schablone ist eine Einladung zum Tr\u00e4umen, zum schwebenden Augenblick, zu diesem Hauch von Freiheit, der durch die Erinnerungen weht.<\/p>\n<p>Gedacht f\u00fcr diejenigen, die mit ihren Kreationen eine starke Botschaft vermitteln wollen, ist dieser <strong>Schablone Kindliche Freiheit<\/strong>dr\u00fcckt die tiefe Verbindung zwischen Mensch und Natur, die freie Bewegung und die Emotionen aus. Es wird zu einer idealen Inspirationsquelle, um die poetische Kindheit, die Leichtigkeit des Augenblicks und die Magie des Alltags in Ihren dekorativen Projekten, Fresken oder Wandbildern zu illustrieren.<\/p>\n<h3>Ein ausdrucksstarker und inspirierender Grafikstil<\/h3>\n<p><strong>Schablone Kindliche Freiheit<\/strong> Diese Schablone ist nicht nur eine Szene, sondern ein echtes Werkzeug f\u00fcr die visuelle Gestaltung. Ihre Grafik vereint Feinheit und Intensit\u00e4t, mit einer gut geschnittenen Silhouette, die mit dem strukturierten, pflanzlichen Hintergrund kontrastiert. Sie eignet sich hervorragend f\u00fcr moderne Techniken wie das Malen mit einem Malmesser, Wandschablonen oder auch f\u00fcr Kreationen auf Leinwand, Holz oder M\u00f6beln. Sein Design kann je nach Wunsch des K\u00fcnstlers auch abstrakt bearbeitet werden, um ein Gef\u00fchl von Bewegung oder einen im Schwung eingefrorenen Moment zu evozieren.<\/p>\n<p>An einer gro\u00dfen Wand oder auf einem kleinen Untergrund verwendet, ist dieser <strong>Schablone Kindliche Freiheit<\/strong> wird zu einem zentralen Element der Komposition, einer dekorativen Schablone, die Geschichte und Emotionen vermittelt. Sie bietet eine kraftvolle und zugleich zarte Darstellung, die den Betrachter ber\u00fchrt und jedem Raum eine poetische Atmosph\u00e4re verleiht. Es ist eine Schablone, die zu freien Gesten inspiriert, die Ausdrucksfreiheit wertsch\u00e4tzt und K\u00fcnstlern, die nach Sinn und Sch\u00f6nheit suchen, einen wahren Traumpfad er\u00f6ffnet.<\/p>","protected":false},"excerpt":{"rendered":"<p><strong>Schablone Kindliche Freiheit<\/strong> - Bringen Sie Bewegung in Ihre Kreationen mit dieser Schablone Kind in Freiheit, die sich perfekt f\u00fcr Ihre k\u00fcnstlerischen Kompositionen mit poetischen Akzenten eignet.<\/p>","protected":false},"featured_media":23248,"comment_status":"open","ping_status":"closed","template":"","meta":{"bwfblock_default_font":"","_kad_blocks_custom_css":"","_kad_blocks_head_custom_js":"","_kad_blocks_body_custom_js":"","_kad_blocks_footer_custom_js":"","_kadence_starter_templates_imported_post":false,"_kad_post_transparent":"default","_kad_post_title":"","_kad_post_layout":"default","_kad_post_sidebar_id":"","_kad_post_content_style":"default","_kad_post_vertical_padding":"default","_kad_post_feature":"","_kad_post_feature_position":"","_kad_post_header":false,"_kad_post_footer":false,"_kad_post_classname":""},"product_brand":[1415],"product_cat":[1332,481],"product_tag":[1308,825,1064,370,1316,1140],"class_list":{"0":"post-23267","1":"product","2":"type-product","3":"status-publish","4":"has-post-thumbnail","6":"product_brand-mes-pochoirs","7":"product_cat-champs-azur","8":"product_cat-collections","9":"product_tag-champs","10":"product_tag-enfant","11":"product_tag-liberte","12":"product_tag-nature","13":"product_tag-poesie","14":"product_tag-silhouette","16":"first","17":"instock","18":"taxable","19":"shipping-taxable","20":"purchasable","21":"product-type-variable","22":"entry","23":"content-bg","24":"loop-entry"},"taxonomy_info":{"product_brand":[{"value":1415,"label":"Mes Pochoirs"}],"product_cat":[{"value":1332,"label":"Champs d\u2019Azur"},{"value":481,"label":"Collections"}],"product_tag":[{"value":1308,"label":"champs"},{"value":825,"label":"enfant"},{"value":1064,"label":"Libert\u00e9"},{"value":370,"label":"nature"},{"value":1316,"label":"po\u00e9sie"},{"value":1140,"label":"silhouette"}]},"featured_image_src_large":["https:\/\/mes-pochoirs.com\/wp-content\/uploads\/2025\/04\/CAZ001-pochoir-collection-champs-azur-copyright-mes-pochoirs-858x1030.jpg",858,1030,true],"author_info":[],"comment_info":0,"_links":{"self":[{"href":"https:\/\/mes-pochoirs.com\/de\/wp-json\/wp\/v2\/product\/23267","targetHints":{"allow":["GET"]}}],"collection":[{"href":"https:\/\/mes-pochoirs.com\/de\/wp-json\/wp\/v2\/product"}],"about":[{"href":"https:\/\/mes-pochoirs.com\/de\/wp-json\/wp\/v2\/types\/product"}],"replies":[{"embeddable":true,"href":"https:\/\/mes-pochoirs.com\/de\/wp-json\/wp\/v2\/comments?post=23267"}],"wp:featuredmedia":[{"embeddable":true,"href":"https:\/\/mes-pochoirs.com\/de\/wp-json\/wp\/v2\/media\/23248"}],"wp:attachment":[{"href":"https:\/\/mes-pochoirs.com\/de\/wp-json\/wp\/v2\/media?parent=23267"}],"wp:term":[{"taxonomy":"product_brand","embeddable":true,"href":"https:\/\/mes-pochoirs.com\/de\/wp-json\/wp\/v2\/product_brand?post=23267"},{"taxonomy":"product_cat","embeddable":true,"href":"https:\/\/mes-pochoirs.com\/de\/wp-json\/wp\/v2\/product_cat?post=23267"},{"taxonomy":"product_tag","embeddable":true,"href":"https:\/\/mes-pochoirs.com\/de\/wp-json\/wp\/v2\/product_tag?post=23267"}],"curies":[{"name":"wp","href":"https:\/\/api.w.org\/{rel}","templated":true}]}}