{"id":23278,"date":"2025-04-30T15:53:39","date_gmt":"2025-04-30T13:53:39","guid":{"rendered":"https:\/\/mes-pochoirs.com\/?post_type=product&#038;p=23278"},"modified":"2025-10-31T12:36:13","modified_gmt":"2025-10-31T11:36:13","slug":"schablone-garcon-dans-un-champ-caz002","status":"publish","type":"product","link":"https:\/\/mes-pochoirs.com\/de\/produit\/pochoir-garcon-dans-un-champ-caz002","title":{"rendered":"Schablone Freudensprung im Hohen Gras - CAZ002"},"content":{"rendered":"<h2>Schablone Junge in einem Feld<\/h2>\n<h3>Eine Szene voller Schwung, Freiheit und purer Freude<\/h3>\n<p><strong>Schablone Junge in einem Feld<\/strong> : Dieses Modell h\u00e4lt einen Moment der Flucht und des rohen Gl\u00fccks fest. Ein Junge schwingt sich mit ausgebreiteten Armen und voller Energie durch die Felder. Seine leichte Silhouette scheint zwischen Himmel und Erde zu schweben, getragen von einem Hauch von Freiheit, in v\u00f6lliger Harmonie mit der Natur, die ihn umgibt. Man erahnt die W\u00e4rme des Grases unter den F\u00fc\u00dfen, das Singen des Windes in den Wiesen, den unbek\u00fcmmerten Schwung eines Kindes, das die Freude an der reinen Bewegung auskostet. Diese Schablone erinnert an Spontaneit\u00e4t, Freude und die innige Verbindung mit dem Lebendigen - eine wahre Hymne an die freie Kindheit und die Natur.<\/p>\n<p>Diese <strong>Schablone Junge in einem Feld<\/strong> ist viel mehr als ein dekoratives Motiv: Es tr\u00e4gt eine starke Botschaft in sich, einen Aufruf zum Tr\u00e4umen, zur Leichtigkeit und zum kreativen Instinkt. Es inspiriert dazu, ehrliche Emotionen, einen Moment der Freiheit und den Wunsch, atemlos in die Unendlichkeit zu rennen, wiederzugeben. Es wird zu einem symbolischen Werkzeug, um einen poetischen Hauch in Ihren Wandmalereien, Gem\u00e4lden oder k\u00fcnstlerischen Dekorationen auszudr\u00fccken.<\/p>\n<h3>Ausdrucksstarkes Design f\u00fcr eine lebendige Gestaltung<\/h3>\n<p><strong>Schablone Junge in einem Feld<\/strong> Diese Schablone mit ihrem dynamischen und sensiblen Stil ist f\u00fcr K\u00fcnstler gedacht, die auf der Suche nach Bewegung und visuellen Emotionen sind. Sie verbindet einen flie\u00dfenden Schnitt der kindlichen Silhouette mit einer Arbeit mit nat\u00fcrlichen Texturen, die an wildes Gras und die Energie des Windes erinnern. Seine Komposition eignet sich perfekt f\u00fcr strukturierte Darstellungen, insbesondere mit Malerei mit dem Malmesser, f\u00fcr subtile Farbverl\u00e4ufe oder abstrakte Hintergr\u00fcnde, um das Gef\u00fchl von Freiheit zu verst\u00e4rken.<\/p>\n<p>Diese Vorlage, die wiederverwendbar und in verschiedenen Gr\u00f6\u00dfen erh\u00e4ltlich ist, eignet sich sowohl f\u00fcr l\u00e4ndliche Wandgestaltungen als auch f\u00fcr zeitgem\u00e4\u00dfere Werke. Dank seiner grafischen Lesbarkeit ist der <strong>Schablone Junge in einem Feld<\/strong>etabliert sich als vielseitiges k\u00fcnstlerisches Ausdrucksmittel, das sowohl die Sanftheit der Kindheit als auch den vitalen Schwung der Bewegung vermitteln kann. Perfekt f\u00fcr eine poetische Dekoration, ein ausdrucksstarkes Gem\u00e4lde oder eine narrative Wand, die von Natur und Emotionen gepr\u00e4gt ist.<\/p>","protected":false},"excerpt":{"rendered":"<p><strong>Schablone Junge in einem Feld<\/strong> - Verleihen Sie Ihren Kreationen einen Hauch von Flucht mit dieser Schablone Augenblick der Flucht, die zwischen visueller Emotion und l\u00e4ndlicher Inspiration angesiedelt ist.<\/p>","protected":false},"featured_media":23249,"comment_status":"open","ping_status":"closed","template":"","meta":{"bwfblock_default_font":"","_kad_blocks_custom_css":"","_kad_blocks_head_custom_js":"","_kad_blocks_body_custom_js":"","_kad_blocks_footer_custom_js":"","_kadence_starter_templates_imported_post":false,"_kad_post_transparent":"default","_kad_post_title":"","_kad_post_layout":"default","_kad_post_sidebar_id":"","_kad_post_content_style":"default","_kad_post_vertical_padding":"default","_kad_post_feature":"","_kad_post_feature_position":"","_kad_post_header":false,"_kad_post_footer":false,"_kad_post_classname":""},"product_brand":[1415],"product_cat":[1332,481],"product_tag":[1308,825,1064,370,1316,1140],"class_list":{"0":"post-23278","1":"product","2":"type-product","3":"status-publish","4":"has-post-thumbnail","6":"product_brand-mes-pochoirs","7":"product_cat-champs-azur","8":"product_cat-collections","9":"product_tag-champs","10":"product_tag-enfant","11":"product_tag-liberte","12":"product_tag-nature","13":"product_tag-poesie","14":"product_tag-silhouette","16":"first","17":"instock","18":"taxable","19":"shipping-taxable","20":"purchasable","21":"product-type-variable","22":"entry","23":"content-bg","24":"loop-entry"},"taxonomy_info":{"product_brand":[{"value":1415,"label":"Mes Pochoirs"}],"product_cat":[{"value":1332,"label":"Champs d\u2019Azur"},{"value":481,"label":"Collections"}],"product_tag":[{"value":1308,"label":"champs"},{"value":825,"label":"enfant"},{"value":1064,"label":"Libert\u00e9"},{"value":370,"label":"nature"},{"value":1316,"label":"po\u00e9sie"},{"value":1140,"label":"silhouette"}]},"featured_image_src_large":["https:\/\/mes-pochoirs.com\/wp-content\/uploads\/2025\/04\/CAZ002-pochoir-collection-champs-azur-copyright-mes-pochoirs-858x1030.jpg",858,1030,true],"author_info":[],"comment_info":1,"_links":{"self":[{"href":"https:\/\/mes-pochoirs.com\/de\/wp-json\/wp\/v2\/product\/23278","targetHints":{"allow":["GET"]}}],"collection":[{"href":"https:\/\/mes-pochoirs.com\/de\/wp-json\/wp\/v2\/product"}],"about":[{"href":"https:\/\/mes-pochoirs.com\/de\/wp-json\/wp\/v2\/types\/product"}],"replies":[{"embeddable":true,"href":"https:\/\/mes-pochoirs.com\/de\/wp-json\/wp\/v2\/comments?post=23278"}],"wp:featuredmedia":[{"embeddable":true,"href":"https:\/\/mes-pochoirs.com\/de\/wp-json\/wp\/v2\/media\/23249"}],"wp:attachment":[{"href":"https:\/\/mes-pochoirs.com\/de\/wp-json\/wp\/v2\/media?parent=23278"}],"wp:term":[{"taxonomy":"product_brand","embeddable":true,"href":"https:\/\/mes-pochoirs.com\/de\/wp-json\/wp\/v2\/product_brand?post=23278"},{"taxonomy":"product_cat","embeddable":true,"href":"https:\/\/mes-pochoirs.com\/de\/wp-json\/wp\/v2\/product_cat?post=23278"},{"taxonomy":"product_tag","embeddable":true,"href":"https:\/\/mes-pochoirs.com\/de\/wp-json\/wp\/v2\/product_tag?post=23278"}],"curies":[{"name":"wp","href":"https:\/\/api.w.org\/{rel}","templated":true}]}}