{"id":23304,"date":"2025-04-30T16:13:41","date_gmt":"2025-04-30T14:13:41","guid":{"rendered":"https:\/\/mes-pochoirs.com\/?post_type=product&#038;p=23304"},"modified":"2025-10-31T12:36:18","modified_gmt":"2025-10-31T11:36:18","slug":"schablone-madchen-in-natur-caz005","status":"publish","type":"product","link":"https:\/\/mes-pochoirs.com\/de\/produit\/pochoir-fille-en-nature-caz005","title":{"rendered":"Schablone Landtanz - CAZ005"},"content":{"rendered":"<h2>Schablone M\u00e4dchen in Natur<\/h2>\n<h3>Ein freier Tanz im Herzen der Felder<\/h3>\n<p><strong>Schablone M\u00e4dchen in Natur<\/strong> Diese Schablone verk\u00f6rpert den reinen Schwung der Kindheit in Bewegung. Es zeigt ein M\u00e4dchen, das mit ausgebreiteten Armen \u00fcber die Felder rennt, w\u00e4hrend sein Haar und sein Kleid vom Wind verweht werden. Ihre flie\u00dfende Silhouette erinnert an absolute Freiheit, spontane Freude und eine innige Verbindung mit der Natur. Diese Szene vermittelt ein Gef\u00fchl der Flucht, der Leichtigkeit, wie ein stiller Schrei der Begeisterung \u00fcber die wilden Wiesen. Ein schwebender, vibrierender Moment, in dem der K\u00f6rper das ausdr\u00fcckt, was Worte nicht sagen k\u00f6nnen: die Lust, das Leben in vollen Z\u00fcgen zu genie\u00dfen.<\/p>\n<p>Diese <strong>Schablone M\u00e4dchen in Natur<\/strong> richtet sich an K\u00fcnstler, die starken Emotionen durch ein symbolisches Bild, das zugleich sensibel und universell ist, Gestalt verleihen m\u00f6chten. Er f\u00e4ngt die Lebensenergie ein, die der freien Kindheit eigen ist, und verwandelt jedes Medium in einen poetischen Spielplatz, auf dem das Leben weht.<\/p>\n<h3>Ein ausdrucksstarker Stil f\u00fcr vibrierende Kreationen<\/h3>\n<p><strong>Schablone M\u00e4dchen in Natur<\/strong> : Dieses Modell ist ein echtes Werkzeug f\u00fcr den k\u00fcnstlerischen Ausdruck. Die Komposition spielt mit den Kontrasten zwischen den Linien des sich bewegenden K\u00f6rpers und den pflanzlichen Texturen des Hintergrunds. Die klaren und dynamischen Ausschnitte machen es zu einem idealen Untergrund f\u00fcr die Malerei mit dem Malmesser oder f\u00fcr abstrakte Kompositionen, die freie Gestik und Materialarbeit miteinander verbinden.<\/p>\n<p>Wiederverwendbar und in verschiedenen Gr\u00f6\u00dfen erh\u00e4ltlich, das <strong>Schablone M\u00e4dchen in Natur<\/strong> wurde entwickelt, um sowohl Wandmalereien als auch Werke auf Leinwand oder M\u00f6beln zu begleiten. Sie vermittelt sofort eine poetische, im Leben verwurzelte Atmosph\u00e4re und bietet Kreativen eine starke grafische Grundlage, um das Thema Bewegung, Freiheit und die enge Beziehung zwischen Kind und Natur zu erforschen. Eine inspirierende Schablone f\u00fcr alle, die ihre Kreationen im Rhythmus des Windes zum Schwingen bringen m\u00f6chten.<\/p>","protected":false},"excerpt":{"rendered":"<p>Dr\u00fccken Sie Leichtigkeit und Freiheit aus mit diesem<strong> Schablone M\u00e4dchen in Natur<\/strong>Die Farbe ist ideal f\u00fcr poetische Streetart und l\u00e4ndliche Wandmalereien.<\/p>","protected":false},"featured_media":23252,"comment_status":"open","ping_status":"closed","template":"","meta":{"bwfblock_default_font":"","_kad_blocks_custom_css":"","_kad_blocks_head_custom_js":"","_kad_blocks_body_custom_js":"","_kad_blocks_footer_custom_js":"","_kadence_starter_templates_imported_post":false,"_kad_post_transparent":"default","_kad_post_title":"","_kad_post_layout":"default","_kad_post_sidebar_id":"","_kad_post_content_style":"default","_kad_post_vertical_padding":"default","_kad_post_feature":"","_kad_post_feature_position":"","_kad_post_header":false,"_kad_post_footer":false,"_kad_post_classname":""},"product_brand":[1415],"product_cat":[1332,481],"product_tag":[1308,825,1064,370,1316,1140,1310],"class_list":{"0":"post-23304","1":"product","2":"type-product","3":"status-publish","4":"has-post-thumbnail","6":"product_brand-mes-pochoirs","7":"product_cat-champs-azur","8":"product_cat-collections","9":"product_tag-champs","10":"product_tag-enfant","11":"product_tag-liberte","12":"product_tag-nature","13":"product_tag-poesie","14":"product_tag-silhouette","15":"product_tag-vent","17":"first","18":"instock","19":"taxable","20":"shipping-taxable","21":"purchasable","22":"product-type-variable","23":"entry","24":"content-bg","25":"loop-entry"},"taxonomy_info":{"product_brand":[{"value":1415,"label":"Mes Pochoirs"}],"product_cat":[{"value":1332,"label":"Champs d\u2019Azur"},{"value":481,"label":"Collections"}],"product_tag":[{"value":1308,"label":"champs"},{"value":825,"label":"enfant"},{"value":1064,"label":"Libert\u00e9"},{"value":370,"label":"nature"},{"value":1316,"label":"po\u00e9sie"},{"value":1140,"label":"silhouette"},{"value":1310,"label":"vent"}]},"featured_image_src_large":["https:\/\/mes-pochoirs.com\/wp-content\/uploads\/2025\/04\/CAZ005-pochoir-collection-champs-azur-copyright-mes-pochoirs-858x1030.jpg",858,1030,true],"author_info":[],"comment_info":0,"_links":{"self":[{"href":"https:\/\/mes-pochoirs.com\/de\/wp-json\/wp\/v2\/product\/23304","targetHints":{"allow":["GET"]}}],"collection":[{"href":"https:\/\/mes-pochoirs.com\/de\/wp-json\/wp\/v2\/product"}],"about":[{"href":"https:\/\/mes-pochoirs.com\/de\/wp-json\/wp\/v2\/types\/product"}],"replies":[{"embeddable":true,"href":"https:\/\/mes-pochoirs.com\/de\/wp-json\/wp\/v2\/comments?post=23304"}],"wp:featuredmedia":[{"embeddable":true,"href":"https:\/\/mes-pochoirs.com\/de\/wp-json\/wp\/v2\/media\/23252"}],"wp:attachment":[{"href":"https:\/\/mes-pochoirs.com\/de\/wp-json\/wp\/v2\/media?parent=23304"}],"wp:term":[{"taxonomy":"product_brand","embeddable":true,"href":"https:\/\/mes-pochoirs.com\/de\/wp-json\/wp\/v2\/product_brand?post=23304"},{"taxonomy":"product_cat","embeddable":true,"href":"https:\/\/mes-pochoirs.com\/de\/wp-json\/wp\/v2\/product_cat?post=23304"},{"taxonomy":"product_tag","embeddable":true,"href":"https:\/\/mes-pochoirs.com\/de\/wp-json\/wp\/v2\/product_tag?post=23304"}],"curies":[{"name":"wp","href":"https:\/\/api.w.org\/{rel}","templated":true}]}}