{"id":23334,"date":"2025-04-30T16:26:41","date_gmt":"2025-04-30T14:26:41","guid":{"rendered":"https:\/\/mes-pochoirs.com\/?post_type=product&#038;p=23334"},"modified":"2025-10-31T12:36:22","modified_gmt":"2025-10-31T11:36:22","slug":"schablone-junges-madchen-in-einem-feld-caz008","status":"publish","type":"product","link":"https:\/\/mes-pochoirs.com\/de\/produit\/pochoir-jeune-fille-dans-un-champ-caz008","title":{"rendered":"Schablone Junges M\u00e4dchen im Feld - CAZ008"},"content":{"rendered":"<h2>Schablone M\u00e4dchen in einem Feld<\/h2>\n<h3>Ein schwebender Augenblick im Herzen der Wiesen<\/h3>\n<p><strong>Diese Schablone M\u00e4dchen in einem Feld<\/strong> f\u00e4ngt die Silhouette eines jungen M\u00e4dchens ein, das im Gras sitzt, dessen Haare von einer leichten Brise getragen werden, in einer friedlichen und kontemplativen Haltung. Das Bild erinnert an einen Moment der Ruhe inmitten der Natur, eine sanfte und stille Auszeit in einem sonnigen Feld. Den Blick auf den Horizont gerichtet, wird dieses Kind zum Symbol einer innigen Verbindung mit den Elementen: dem Wind, den Blumenwiesen und den diskreten Bewegungen des wilden Lebens. Dieses Modell l\u00e4dt zum Tr\u00e4umen ein, zur R\u00fcckbesinnung auf das Wesentliche, und suggeriert eine stille Erz\u00e4hlung, die sich jeder zu eigen machen kann.<\/p>\n<p>Es ruft eine starke Botschaft hervor - die von Sanftheit, Freiheit und Harmonie. Wenn Sie diese Szene in Ihre Kreationen integrieren, verleihen Sie Ihren Werken einen poetischen Hauch, sei es auf Leinwand, M\u00f6beln oder an der Wand. Die Pr\u00e4senz dieser kindlichen Silhouette verleiht einen Hauch von Unschuld, eine heitere Atmosph\u00e4re, die perfekt ist, um zarte Gef\u00fchle auszudr\u00fccken oder ein inspirierendes Dekor zu schaffen, das die Phantasie anregt.<\/p>\n<h3>Ein k\u00fcnstlerischer Stil zwischen Finesse und rohem Ausdruck<\/h3>\n<p>Der grafische Stil dieses<strong> Schablone junges M\u00e4dchen in einem Feld<\/strong> zeichnet sich durch ein subtiles Gleichgewicht zwischen Realismus und Suggestion aus. Die pr\u00e4zisen Schnitte enth\u00fcllen die Texturen des Grases und die Falten der Kleidung, lassen aber gleichzeitig Raum f\u00fcr pers\u00f6nliche Interpretationen. Diese Schablone eignet sich sowohl f\u00fcr das Malen mit einem Malmesser f\u00fcr abstrakte Effekte als auch f\u00fcr ein feineres Auftragen f\u00fcr eine zarte Wiedergabe. Sie f\u00fcgt sich harmonisch in Kompositionen ein, die nat\u00fcrliche Elemente und poetische Inspirationen miteinander verbinden.<\/p>\n<p>Ob Sie nun in einem zeitgen\u00f6ssischen oder eher vertr\u00e4umten Stil arbeiten, diese Vorlage wird zu einem inspirierenden Werkzeug, um neue kreative Horizonte zu erkunden. Sie wird Ihre Projekte mit einer starken k\u00fcnstlerischen Dimension bereichern, w\u00e4hrend sie das Thema Natur, Felder und die einfache Sch\u00f6nheit eines Augenblicks der Ruhe hervorhebt. Verwenden Sie es, um ausdrucksstarke Szenen zu schaffen, mit Kontrasten zu spielen oder mit Texturen in einer abstrakten Welt zu experimentieren.<\/p>","protected":false},"excerpt":{"rendered":"<p><strong>Schablone Junges M\u00e4dchen in einem Feld<\/strong> : Eine freie und vertr\u00e4umte Silhouette, um Ihre Wandgem\u00e4lde zu veredeln, zwischen sanfter Emotion und l\u00e4ndlichem Geist.<\/p>","protected":false},"featured_media":23255,"comment_status":"open","ping_status":"closed","template":"","meta":{"bwfblock_default_font":"","_kad_blocks_custom_css":"","_kad_blocks_head_custom_js":"","_kad_blocks_body_custom_js":"","_kad_blocks_footer_custom_js":"","_kadence_starter_templates_imported_post":false,"_kad_post_transparent":"default","_kad_post_title":"","_kad_post_layout":"default","_kad_post_sidebar_id":"","_kad_post_content_style":"default","_kad_post_vertical_padding":"default","_kad_post_feature":"","_kad_post_feature_position":"","_kad_post_header":false,"_kad_post_footer":false,"_kad_post_classname":""},"product_brand":[1415],"product_cat":[481,1332],"product_tag":[1308,825,1064,370,1316,1140],"class_list":{"0":"post-23334","1":"product","2":"type-product","3":"status-publish","4":"has-post-thumbnail","6":"product_brand-mes-pochoirs","7":"product_cat-collections","8":"product_cat-champs-azur","9":"product_tag-champs","10":"product_tag-enfant","11":"product_tag-liberte","12":"product_tag-nature","13":"product_tag-poesie","14":"product_tag-silhouette","16":"first","17":"instock","18":"taxable","19":"shipping-taxable","20":"purchasable","21":"product-type-variable","22":"entry","23":"content-bg","24":"loop-entry"},"taxonomy_info":{"product_brand":[{"value":1415,"label":"Mes Pochoirs"}],"product_cat":[{"value":481,"label":"Collections"},{"value":1332,"label":"Champs d\u2019Azur"}],"product_tag":[{"value":1308,"label":"champs"},{"value":825,"label":"enfant"},{"value":1064,"label":"Libert\u00e9"},{"value":370,"label":"nature"},{"value":1316,"label":"po\u00e9sie"},{"value":1140,"label":"silhouette"}]},"featured_image_src_large":["https:\/\/mes-pochoirs.com\/wp-content\/uploads\/2025\/04\/CAZ008-pochoir-collection-champs-azur-copyright-mes-pochoirs-858x1030.jpg",858,1030,true],"author_info":[],"comment_info":0,"_links":{"self":[{"href":"https:\/\/mes-pochoirs.com\/de\/wp-json\/wp\/v2\/product\/23334","targetHints":{"allow":["GET"]}}],"collection":[{"href":"https:\/\/mes-pochoirs.com\/de\/wp-json\/wp\/v2\/product"}],"about":[{"href":"https:\/\/mes-pochoirs.com\/de\/wp-json\/wp\/v2\/types\/product"}],"replies":[{"embeddable":true,"href":"https:\/\/mes-pochoirs.com\/de\/wp-json\/wp\/v2\/comments?post=23334"}],"wp:featuredmedia":[{"embeddable":true,"href":"https:\/\/mes-pochoirs.com\/de\/wp-json\/wp\/v2\/media\/23255"}],"wp:attachment":[{"href":"https:\/\/mes-pochoirs.com\/de\/wp-json\/wp\/v2\/media?parent=23334"}],"wp:term":[{"taxonomy":"product_brand","embeddable":true,"href":"https:\/\/mes-pochoirs.com\/de\/wp-json\/wp\/v2\/product_brand?post=23334"},{"taxonomy":"product_cat","embeddable":true,"href":"https:\/\/mes-pochoirs.com\/de\/wp-json\/wp\/v2\/product_cat?post=23334"},{"taxonomy":"product_tag","embeddable":true,"href":"https:\/\/mes-pochoirs.com\/de\/wp-json\/wp\/v2\/product_tag?post=23334"}],"curies":[{"name":"wp","href":"https:\/\/api.w.org\/{rel}","templated":true}]}}