{"id":23472,"date":"2025-04-30T09:20:34","date_gmt":"2025-04-30T07:20:34","guid":{"rendered":"https:\/\/mes-pochoirs.com\/?post_type=product&#038;p=23472"},"modified":"2025-10-31T12:36:29","modified_gmt":"2025-10-31T11:36:29","slug":"schablone-poesie-kind-caz015","status":"publish","type":"product","link":"https:\/\/mes-pochoirs.com\/de\/produit\/pochoir-poesie-enfantine-caz015","title":{"rendered":"Schablone Kinderpoesie - CAZ015"},"content":{"rendered":"<h2>Schablone Kinderpoesie<\/h2>\n<h3>Ein schwebender Moment zwischen Natur und Emotion<\/h3>\n<p><strong>Schablone Kinderpoesie<\/strong> Dieses Modell zeigt die Silhouette eines Kindes mit zum Himmel erhobenem Gesicht und vom Wind verwehten Haaren, wie in einem Moment v\u00f6lliger Freiheit festgehalten. Der Ausdruck ist sanft, fast kontemplativ, eine Mischung aus innerer Kraft und Hingabe. Die abstrakte, pflanzliche Szenerie erinnert an Felder, bewegte Wiesen und die zarte Verschmelzung mit der Natur. Diese Schablone erinnert an einen poetischen Atemzug, einen Moment der Selbstbeobachtung und des Tagtraums, als ob die Zeit stehen geblieben w\u00e4re, um der reinen Emotion Platz zu machen.<\/p>\n<p>Durch diese Szene wird der <strong>Schablone Kinderpoesie<\/strong> ist eine Hommage an die freie Kindheit, die Kraft der Stille und die Sch\u00f6nheit des Augenblicks. Er inspiriert zu bedeutungsvollen Kreationen, in denen jeder Strich zu einer Vibration, jede Kontur zu einer Erinnerung wird, die es neu zu erfinden gilt. Ein echter Aufruf zu einer inneren Flucht aus dem Herzen der Elemente.<\/p>\n<h3>Eine fl\u00fcssige, abstrakte Komposition f\u00fcr sensible Werke<\/h3>\n<p><strong>Schablone Kinderpoesie<\/strong> : F\u00fcr K\u00fcnstler, die nach grafischer Tiefe und visueller Erz\u00e4hlung suchen. Dieses Modell zeichnet sich durch seine ausdrucksstarken Linien und luftigen Konturen aus. Die Silhouette f\u00fcgt sich harmonisch in einen pflanzlichen Hintergrund ein, der mit leichten Splittern bearbeitet wurde und sich ideal f\u00fcr Techniken wie das Malen mit dem Malmesser oder abstrakte Materialeffekte eignet. Diese Schablone bietet eine gro\u00dfe Interpretationsfreiheit und l\u00e4sst jedem die M\u00f6glichkeit, Bewegung, Textur und Licht zu erkunden.<\/p>\n<p>Wiederverwendbar und in verschiedenen Gr\u00f6\u00dfen erh\u00e4ltlich, das <strong>Schablone Kinderpoesie<\/strong> eignet sich sowohl f\u00fcr poetische Wandmalereien als auch f\u00fcr pers\u00f6nliche Bilder oder Innendekorationen. Mit ihm lassen sich Stimmungen schaffen, die von Freiheit, lebendiger Natur und einer sanften Energie gepr\u00e4gt sind, die der Welt der Kindheit eigen ist. Ein inspirierender Raum, der ein weites Feld f\u00fcr k\u00fcnstlerischen und emotionalen Ausdruck er\u00f6ffnet.<\/p>","protected":false},"excerpt":{"rendered":"<p>Verleihen Sie Ihren Kreationen einen Hauch von Vertr\u00e4umtheit mit diesem<strong> Schablone Kinderpoesie,<\/strong> perfekt f\u00fcr Ihre von Kindheit und Wiesen inspirierten Kunstdekorationen.<\/p>","protected":false},"featured_media":23262,"comment_status":"open","ping_status":"closed","template":"","meta":{"bwfblock_default_font":"","_kad_blocks_custom_css":"","_kad_blocks_head_custom_js":"","_kad_blocks_body_custom_js":"","_kad_blocks_footer_custom_js":"","_kadence_starter_templates_imported_post":false,"_kad_post_transparent":"default","_kad_post_title":"","_kad_post_layout":"default","_kad_post_sidebar_id":"","_kad_post_content_style":"default","_kad_post_vertical_padding":"default","_kad_post_feature":"","_kad_post_feature_position":"","_kad_post_header":false,"_kad_post_footer":false,"_kad_post_classname":""},"product_brand":[1415],"product_cat":[1332,481,36],"product_tag":[1308,825,528,1012,562,1064,370,1316,390,1140,1310],"class_list":{"0":"post-23472","1":"product","2":"type-product","3":"status-publish","4":"has-post-thumbnail","6":"product_brand-mes-pochoirs","7":"product_cat-champs-azur","8":"product_cat-collections","9":"product_cat-pochoirs-portraits-visages","10":"product_tag-champs","11":"product_tag-enfant","12":"product_tag-fille","13":"product_tag-fillette","14":"product_tag-jeune-fille","15":"product_tag-liberte","16":"product_tag-nature","17":"product_tag-poesie","18":"product_tag-portrait","19":"product_tag-silhouette","20":"product_tag-vent","22":"first","23":"instock","24":"taxable","25":"shipping-taxable","26":"purchasable","27":"product-type-variable","28":"entry","29":"content-bg","30":"loop-entry"},"taxonomy_info":{"product_brand":[{"value":1415,"label":"Mes Pochoirs"}],"product_cat":[{"value":1332,"label":"Champs d\u2019Azur"},{"value":481,"label":"Collections"},{"value":36,"label":"Portraits &amp; Visages"}],"product_tag":[{"value":1308,"label":"champs"},{"value":825,"label":"enfant"},{"value":528,"label":"fille"},{"value":1012,"label":"fillette"},{"value":562,"label":"jeune fille"},{"value":1064,"label":"Libert\u00e9"},{"value":370,"label":"nature"},{"value":1316,"label":"po\u00e9sie"},{"value":390,"label":"portrait"},{"value":1140,"label":"silhouette"},{"value":1310,"label":"vent"}]},"featured_image_src_large":["https:\/\/mes-pochoirs.com\/wp-content\/uploads\/2025\/04\/CAZ015-pochoir-collection-champs-azur-copyright-mes-pochoirs-858x1030.jpg",858,1030,true],"author_info":[],"comment_info":0,"_links":{"self":[{"href":"https:\/\/mes-pochoirs.com\/de\/wp-json\/wp\/v2\/product\/23472","targetHints":{"allow":["GET"]}}],"collection":[{"href":"https:\/\/mes-pochoirs.com\/de\/wp-json\/wp\/v2\/product"}],"about":[{"href":"https:\/\/mes-pochoirs.com\/de\/wp-json\/wp\/v2\/types\/product"}],"replies":[{"embeddable":true,"href":"https:\/\/mes-pochoirs.com\/de\/wp-json\/wp\/v2\/comments?post=23472"}],"wp:featuredmedia":[{"embeddable":true,"href":"https:\/\/mes-pochoirs.com\/de\/wp-json\/wp\/v2\/media\/23262"}],"wp:attachment":[{"href":"https:\/\/mes-pochoirs.com\/de\/wp-json\/wp\/v2\/media?parent=23472"}],"wp:term":[{"taxonomy":"product_brand","embeddable":true,"href":"https:\/\/mes-pochoirs.com\/de\/wp-json\/wp\/v2\/product_brand?post=23472"},{"taxonomy":"product_cat","embeddable":true,"href":"https:\/\/mes-pochoirs.com\/de\/wp-json\/wp\/v2\/product_cat?post=23472"},{"taxonomy":"product_tag","embeddable":true,"href":"https:\/\/mes-pochoirs.com\/de\/wp-json\/wp\/v2\/product_tag?post=23472"}],"curies":[{"name":"wp","href":"https:\/\/api.w.org\/{rel}","templated":true}]}}