{"id":23511,"date":"2025-04-30T10:35:16","date_gmt":"2025-04-30T08:35:16","guid":{"rendered":"https:\/\/mes-pochoirs.com\/?post_type=product&#038;p=23511"},"modified":"2025-10-31T12:36:35","modified_gmt":"2025-10-31T11:36:35","slug":"schablone-kind-poetisch-caz019","status":"publish","type":"product","link":"https:\/\/mes-pochoirs.com\/de\/produit\/pochoir-enfant-poetique-caz019","title":{"rendered":"Schablone Poetisches Kind - CAZ019"},"content":{"rendered":"<h2>Schablone Kind poetisch<\/h2>\n<h3>Eine Silhouette im Einklang mit der Natur<\/h3>\n<p><strong>Schablone Kind poetisch<\/strong> Dieses Modell zeigt die Silhouette eines Kindes, dessen Profil dem Horizont zugewandt ist, dessen Haare vom Wind aufgewirbelt werden und das in Gedanken versunken zu sein scheint. Umgeben von Feldern und Wiesen scheint diese Figur eins mit der Landschaft zu werden, in einem schwebenden Moment der Ruhe und Freiheit. In dieser Haltung sp\u00fcrt man die Anmut eines kontemplativen Augenblicks der Kindheit, getragen vom leichten Atem der Natur, zwischen Stille und Tr\u00e4umerei. Es ist eine Schablone, die von Sanftheit, Selbstpr\u00e4senz und dieser diskreten, aber m\u00e4chtigen Emotion spricht, die einfache Momente durchdringt.<\/p>\n<p>Die <strong>Schablone Kind poetisch<\/strong> f\u00e4ngt das Wesen der Sammlung ein <em>Champs d'Azur<\/em> : Freiheit, nat\u00fcrliche Bewegung, die Poesie des Alltags. Er l\u00e4dt dazu ein, Werke zu schaffen, die von einer innigen Verbindung mit der lebendigen Welt erz\u00e4hlen, durch den stillen Blick eines erwachenden Kindes.<\/p>\n<h3>Eine fl\u00fcssige Komposition f\u00fcr einen sensiblen k\u00fcnstlerischen Ausdruck<\/h3>\n<p><strong>Schablone Kind poetisch<\/strong> : Diese Schablone wurde mit einer zarten und evokativen Linienf\u00fchrung entworfen und vereint grafische Leichtigkeit mit ausdrucksstarker Kraft. Die Silhouette hebt sich subtil von einem texturreichen pflanzlichen Hintergrund ab und l\u00e4sst Raum f\u00fcr Interpretationen und Empfindungen. Sie eignet sich hervorragend f\u00fcr Techniken wie das Malen mit einem Malmesser, strukturierte Lavierungen oder abstrakte Effekte, um Wind, Bewegung oder Licht zu suggerieren.<\/p>\n<p>Wiederverwendbar, in verschiedenen Formaten erh\u00e4ltlich, das <strong>Schablone Kind poetisch<\/strong> ist ideal f\u00fcr Ihre Wandmalereien, l\u00e4ndlichen Gem\u00e4lde oder sensiblen dekorativen Kreationen. Es wird zu einem inspirierenden Werkzeug, das es jedem K\u00fcnstler erm\u00f6glicht, feine Emotionen auszudr\u00fccken, eine immersive Atmosph\u00e4re zu schaffen und die diskrete Sch\u00f6nheit der freien, in der Landschaft verankerten Kindheit hervorzuholen.<\/p>","protected":false},"excerpt":{"rendered":"<p>Verleihen Sie Ihren W\u00e4nden einen Hauch von Sanftheit und Vertr\u00e4umtheit mit diesem <strong>Schablone Kind Poetisch<\/strong>In diesem Buch geht es um die Freiheit, den Wind und nat\u00fcrliche Emotionen.<\/p>","protected":false},"featured_media":23266,"comment_status":"open","ping_status":"closed","template":"","meta":{"bwfblock_default_font":"","_kad_blocks_custom_css":"","_kad_blocks_head_custom_js":"","_kad_blocks_body_custom_js":"","_kad_blocks_footer_custom_js":"","_kadence_starter_templates_imported_post":false,"_kad_post_transparent":"default","_kad_post_title":"","_kad_post_layout":"default","_kad_post_sidebar_id":"","_kad_post_content_style":"default","_kad_post_vertical_padding":"default","_kad_post_feature":"","_kad_post_feature_position":"","_kad_post_header":false,"_kad_post_footer":false,"_kad_post_classname":""},"product_brand":[1415],"product_cat":[1332,481,36],"product_tag":[1320,825,528,1012,562,370,390,1326,1309,1140],"class_list":{"0":"post-23511","1":"product","2":"type-product","3":"status-publish","4":"has-post-thumbnail","6":"product_brand-mes-pochoirs","7":"product_cat-champs-azur","8":"product_cat-collections","9":"product_cat-pochoirs-portraits-visages","10":"product_tag-champ","11":"product_tag-enfant","12":"product_tag-fille","13":"product_tag-fillette","14":"product_tag-jeune-fille","15":"product_tag-nature","16":"product_tag-portrait","17":"product_tag-prairie","18":"product_tag-pres","19":"product_tag-silhouette","21":"first","22":"instock","23":"taxable","24":"shipping-taxable","25":"purchasable","26":"product-type-variable","27":"entry","28":"content-bg","29":"loop-entry"},"taxonomy_info":{"product_brand":[{"value":1415,"label":"Mes Pochoirs"}],"product_cat":[{"value":1332,"label":"Champs d\u2019Azur"},{"value":481,"label":"Collections"},{"value":36,"label":"Portraits &amp; Visages"}],"product_tag":[{"value":1320,"label":"champ"},{"value":825,"label":"enfant"},{"value":528,"label":"fille"},{"value":1012,"label":"fillette"},{"value":562,"label":"jeune fille"},{"value":370,"label":"nature"},{"value":390,"label":"portrait"},{"value":1326,"label":"prairie"},{"value":1309,"label":"pr\u00e9s"},{"value":1140,"label":"silhouette"}]},"featured_image_src_large":["https:\/\/mes-pochoirs.com\/wp-content\/uploads\/2025\/04\/CAZ019-pochoir-collection-champs-azur-copyright-mes-pochoirs-858x1030.jpg",858,1030,true],"author_info":[],"comment_info":0,"_links":{"self":[{"href":"https:\/\/mes-pochoirs.com\/de\/wp-json\/wp\/v2\/product\/23511","targetHints":{"allow":["GET"]}}],"collection":[{"href":"https:\/\/mes-pochoirs.com\/de\/wp-json\/wp\/v2\/product"}],"about":[{"href":"https:\/\/mes-pochoirs.com\/de\/wp-json\/wp\/v2\/types\/product"}],"replies":[{"embeddable":true,"href":"https:\/\/mes-pochoirs.com\/de\/wp-json\/wp\/v2\/comments?post=23511"}],"wp:featuredmedia":[{"embeddable":true,"href":"https:\/\/mes-pochoirs.com\/de\/wp-json\/wp\/v2\/media\/23266"}],"wp:attachment":[{"href":"https:\/\/mes-pochoirs.com\/de\/wp-json\/wp\/v2\/media?parent=23511"}],"wp:term":[{"taxonomy":"product_brand","embeddable":true,"href":"https:\/\/mes-pochoirs.com\/de\/wp-json\/wp\/v2\/product_brand?post=23511"},{"taxonomy":"product_cat","embeddable":true,"href":"https:\/\/mes-pochoirs.com\/de\/wp-json\/wp\/v2\/product_cat?post=23511"},{"taxonomy":"product_tag","embeddable":true,"href":"https:\/\/mes-pochoirs.com\/de\/wp-json\/wp\/v2\/product_tag?post=23511"}],"curies":[{"name":"wp","href":"https:\/\/api.w.org\/{rel}","templated":true}]}}