{"id":23767,"date":"2025-05-07T16:32:52","date_gmt":"2025-05-07T14:32:52","guid":{"rendered":"https:\/\/mes-pochoirs.com\/?post_type=product&#038;p=23767"},"modified":"2025-10-31T12:36:39","modified_gmt":"2025-10-31T11:36:39","slug":"schablone-tribal-mond-s0027","status":"publish","type":"product","link":"https:\/\/mes-pochoirs.com\/de\/produit\/pochoir-lune-tribale-s0027","title":{"rendered":"Schablone Tribal Moon - S0027"},"content":{"rendered":"<h2>Schablone Tribal Moon<\/h2>\n<h3>Ein starkes Symbol zwischen Mystik und Verwurzelung<\/h3>\n<p><strong>Schablone Tribal Moon<\/strong>ist mehr als nur ein Motiv: Es ist ein echter Halbmond, der von einem Stammeserbe gepr\u00e4gt ist und eine uralte und universelle Energie in sich tr\u00e4gt. Seine bewegte Form, die einem heiligen Kreis \u00e4hnelt, erinnert an den dekorativen Mond als Talisman, als m\u00e4chtige himmlische Orientierungshilfe. Diese Schablone verk\u00f6rpert einen Stammesmond, der in der Natur verwurzelt ist, ein Symbol der Transformation, des Schutzes und der inneren St\u00e4rke.<\/p>\n<p>Die Schablone Tribal Moon, die als Verbindung zwischen Kunst und Spiritualit\u00e4t gedacht ist, erm\u00f6glicht es K\u00fcnstlern, eine starke Identit\u00e4t auszudr\u00fccken und ihre Kreationen mit Linien, die erz\u00e4hlen, in Schwingung zu versetzen. Es ist ein inspirierendes Werkzeug, um ein ausdrucksstarkes Werk zum Leben zu erwecken, einen charaktervollen K\u00fcnstlermond in einem selbstbewussten Stil, der herausfordert.<\/p>\n<h3>Ein kraftvoller Grafikstil mit organischen und tribalen Einfl\u00fcssen<\/h3>\n<p><strong>Schablone Tribal Moon<\/strong>ist eine k\u00fchne Mischung aus stilisierten Blumenformen, dynamischen Spiralen und grafischen Kurven, die an traditionelle T\u00e4towierungen oder rituelle Motive aus primitiven Kulturen erinnern. Jedes Detail scheint mit der Geste des Malers in einen Dialog zu treten, wodurch ein atemberaubender visueller Rhythmus entsteht. Dieses Stammesmotiv, das gleichzeitig flie\u00dfend und strukturiert ist, verleiht Ihren Kompositionen eine echte k\u00fcnstlerische Dimension.<\/p>\n<p>Diese wiederverwendbare, beidseitig verwendbare und in verschiedenen Gr\u00f6\u00dfen erh\u00e4ltliche Schablone, die sich an verschiedene Untergr\u00fcnde anpassen l\u00e4sst - Gem\u00e4lde, W\u00e4nde, Leinw\u00e4nde, Deko-Objekte - wird Sie dauerhaft bei Ihrer Praxis begleiten. Ob Sie einen abstrakten Hintergrund oder einen Naturmond malen oder einer Szene einen symbolischen Touch verleihen m\u00f6chten, sie ist ein einzigartiges Gestaltungsmittel, das rohe \u00c4sthetik mit dekorativer Raffinesse verbindet.<\/p>","protected":false},"excerpt":{"rendered":"<p><strong data-start=\"978\" data-end=\"1002\">Schablone Tribal Moon<\/strong> wiederverwendbar f\u00fcr K\u00fcnstler: ideal f\u00fcr dekorative Malerei, Wandarbeiten oder Gem\u00e4lde, in mehreren Gr\u00f6\u00dfen.<\/p>","protected":false},"featured_media":23792,"comment_status":"open","ping_status":"closed","template":"","meta":{"bwfblock_default_font":"","_kad_blocks_custom_css":"","_kad_blocks_head_custom_js":"","_kad_blocks_body_custom_js":"","_kad_blocks_footer_custom_js":"","_kadence_starter_templates_imported_post":false,"_kad_post_transparent":"default","_kad_post_title":"","_kad_post_layout":"default","_kad_post_sidebar_id":"","_kad_post_content_style":"default","_kad_post_vertical_padding":"default","_kad_post_feature":"","_kad_post_feature_position":"","_kad_post_header":false,"_kad_post_footer":false,"_kad_post_classname":""},"product_brand":[1415],"product_cat":[315],"product_tag":[1338,1336,1342,1339,1179],"class_list":{"0":"post-23767","1":"product","2":"type-product","3":"status-publish","4":"has-post-thumbnail","6":"product_brand-mes-pochoirs","7":"product_cat-pochoirs-symboles","8":"product_tag-croissant-de-lune","9":"product_tag-lune","10":"product_tag-lune-artistique","11":"product_tag-lune-decorative","12":"product_tag-tribal","14":"first","15":"instock","16":"taxable","17":"shipping-taxable","18":"purchasable","19":"product-type-variable","20":"has-default-attributes","21":"entry","22":"content-bg","23":"loop-entry"},"taxonomy_info":{"product_brand":[{"value":1415,"label":"Mes Pochoirs"}],"product_cat":[{"value":315,"label":"Symboles"}],"product_tag":[{"value":1338,"label":"croissant de lune"},{"value":1336,"label":"lune"},{"value":1342,"label":"lune artistique"},{"value":1339,"label":"lune d\u00e9corative"},{"value":1179,"label":"tribal"}]},"featured_image_src_large":["https:\/\/mes-pochoirs.com\/wp-content\/uploads\/2025\/05\/S0027-pochoir-lune-tribale-copyright-mes-pochoirs-858x1030.jpg",858,1030,true],"author_info":[],"comment_info":0,"_links":{"self":[{"href":"https:\/\/mes-pochoirs.com\/de\/wp-json\/wp\/v2\/product\/23767","targetHints":{"allow":["GET"]}}],"collection":[{"href":"https:\/\/mes-pochoirs.com\/de\/wp-json\/wp\/v2\/product"}],"about":[{"href":"https:\/\/mes-pochoirs.com\/de\/wp-json\/wp\/v2\/types\/product"}],"replies":[{"embeddable":true,"href":"https:\/\/mes-pochoirs.com\/de\/wp-json\/wp\/v2\/comments?post=23767"}],"wp:featuredmedia":[{"embeddable":true,"href":"https:\/\/mes-pochoirs.com\/de\/wp-json\/wp\/v2\/media\/23792"}],"wp:attachment":[{"href":"https:\/\/mes-pochoirs.com\/de\/wp-json\/wp\/v2\/media?parent=23767"}],"wp:term":[{"taxonomy":"product_brand","embeddable":true,"href":"https:\/\/mes-pochoirs.com\/de\/wp-json\/wp\/v2\/product_brand?post=23767"},{"taxonomy":"product_cat","embeddable":true,"href":"https:\/\/mes-pochoirs.com\/de\/wp-json\/wp\/v2\/product_cat?post=23767"},{"taxonomy":"product_tag","embeddable":true,"href":"https:\/\/mes-pochoirs.com\/de\/wp-json\/wp\/v2\/product_tag?post=23767"}],"curies":[{"name":"wp","href":"https:\/\/api.w.org\/{rel}","templated":true}]}}