{"id":23836,"date":"2025-05-07T16:15:03","date_gmt":"2025-05-07T14:15:03","guid":{"rendered":"https:\/\/mes-pochoirs.com\/?post_type=product&#038;p=23836"},"modified":"2025-10-31T12:37:24","modified_gmt":"2025-10-31T11:37:24","slug":"schablone-maske-karneval-as0006","status":"publish","type":"product","link":"https:\/\/mes-pochoirs.com\/de\/produit\/pochoir-masque-carnaval-as0006","title":{"rendered":"Schablone Maske Karneval - AS0006"},"content":{"rendered":"<h2>Schablone Maske Karneval<\/h2>\n<h3>ein ornamentales Gesicht, das von einem Geheimnis gepr\u00e4gt ist<\/h3>\n<p><strong>Schablone Maske Karneval<\/strong>Dieses raffinierte Modell enth\u00fcllt ein stilisiertes Gesicht mit zarten Z\u00fcgen, das von einer F\u00fclle barocker Motive umh\u00fcllt ist. Jede Kurve, jede Arabeske scheint um die Augen und den Mund zu tanzen, wodurch eine ausdrucksstarke Maske entsteht, die gleichzeitig still und fesselnd ist. Sie versetzt uns in die Welt des Schauspiels, des venezianischen Theaters oder eines epochalen Films, wo jede Rolle ein Geheimnis verbirgt und jede Verkleidung eine Geschichte erz\u00e4hlt. Diese majest\u00e4tische und zarte Karnevalsmaske erinnert an die Kunst des Feierns und der Inszenierung. Sie verk\u00f6rpert eine r\u00e4tselhafte Pr\u00e4senz zwischen maskiertem Charakter und festlichem Geist. Sie ist eine Schablone, die die Fantasie anregt und sich perfekt f\u00fcr die Gestaltung von Werken rund um das Feiern, das Kino oder gro\u00dfe visuelle Erz\u00e4hlungen eignet.<\/p>\n<h3>ein barocker, ausdrucksstarker Stil f\u00fcr kreative K\u00fcnstler<\/h3>\n<p><strong>Schablone Maske Karneval<\/strong>ist auch ein Miniaturkunstwerk, mit dem Sie Ihre Gem\u00e4lde, Bilder oder Wanddekorationen bereichern k\u00f6nnen. Der ornamentale Stil, der von venezianischen Masken und barocken Theaterdekorationen inspiriert ist, verleiht Ihren Projekten eine raffinierte und ausdrucksstarke Note. Das Spiel von F\u00fclle und Leere sorgt f\u00fcr eine starke visuelle Wirkung, die perfekt zu einem B\u00fchnenwerk oder einer dramatischen Kunstwelt passt. Diese Schablone ist wiederverwendbar, beidseitig verwendbar und in verschiedenen Gr\u00f6\u00dfen erh\u00e4ltlich. Sie eignet sich f\u00fcr K\u00fcnstler, die auf der Suche nach einem ausdrucksstarken Werkzeug sind, das sowohl \u00e4sthetisch als auch funktional ist. Sie verwandelt jeden Untergrund in eine B\u00fchne - Wand, Leinwand, Objekt oder Stoff -, um der Inspiration Raum zu geben und Kreationen mit starker visueller Identit\u00e4t entstehen zu lassen.<\/p>","protected":false},"excerpt":{"rendered":"<p><strong>Schablone Maske Karneval, <\/strong>Barocke Maske f\u00fcr visuelle Werke. Wiederverwendbar, beidseitig verwendbar, Malerei, Gem\u00e4lde, mehrere Gr\u00f6\u00dfen.<\/p>","protected":false},"featured_media":23876,"comment_status":"open","ping_status":"closed","template":"","meta":{"bwfblock_default_font":"","_kad_blocks_custom_css":"","_kad_blocks_head_custom_js":"","_kad_blocks_body_custom_js":"","_kad_blocks_footer_custom_js":"","_kadence_starter_templates_imported_post":false,"_kad_post_transparent":"default","_kad_post_title":"","_kad_post_layout":"default","_kad_post_sidebar_id":"","_kad_post_content_style":"default","_kad_post_vertical_padding":"default","_kad_post_feature":"","_kad_post_feature_position":"","_kad_post_header":false,"_kad_post_footer":false,"_kad_post_classname":""},"product_brand":[1415],"product_cat":[1349,1158,950],"product_tag":[1350,954,824,1354,681,1352,1353,1167,1355,1351,338],"class_list":{"0":"post-23836","1":"product","2":"type-product","3":"status-publish","4":"has-post-thumbnail","6":"product_brand-mes-pochoirs","7":"product_cat-theatre-cinema","8":"product_cat-pochoirs-arts-du-spectacle","9":"product_cat-pochoirs-fetes-evenements","10":"product_tag-carnaval","11":"product_tag-celebration","12":"product_tag-cinema","13":"product_tag-deguisement","14":"product_tag-fete","15":"product_tag-masque","16":"product_tag-masque-carnaval","17":"product_tag-spectacle","18":"product_tag-theatre","19":"product_tag-venitien","20":"product_tag-visage","22":"first","23":"instock","24":"taxable","25":"shipping-taxable","26":"purchasable","27":"product-type-variable","28":"has-default-attributes","29":"entry","30":"content-bg","31":"loop-entry"},"taxonomy_info":{"product_brand":[{"value":1415,"label":"Mes Pochoirs"}],"product_cat":[{"value":1349,"label":"Th\u00e9\u00e2tre &amp; Cin\u00e9ma"},{"value":1158,"label":"Arts du Spectacle"},{"value":950,"label":"F\u00eates &amp; \u00c9v\u00e9nements"}],"product_tag":[{"value":1350,"label":"carnaval"},{"value":954,"label":"c\u00e9l\u00e9bration"},{"value":824,"label":"cin\u00e9ma"},{"value":1354,"label":"d\u00e9guisement"},{"value":681,"label":"f\u00eate"},{"value":1352,"label":"masque"},{"value":1353,"label":"masque carnaval"},{"value":1167,"label":"Spectacle"},{"value":1355,"label":"th\u00e9\u00e2tre"},{"value":1351,"label":"v\u00e9nitien"},{"value":338,"label":"visage"}]},"featured_image_src_large":["https:\/\/mes-pochoirs.com\/wp-content\/uploads\/2025\/05\/AS0006-pochoir-masque-mes-pochoirs-com-858x1030.jpg",858,1030,true],"author_info":[],"comment_info":0,"_links":{"self":[{"href":"https:\/\/mes-pochoirs.com\/de\/wp-json\/wp\/v2\/product\/23836","targetHints":{"allow":["GET"]}}],"collection":[{"href":"https:\/\/mes-pochoirs.com\/de\/wp-json\/wp\/v2\/product"}],"about":[{"href":"https:\/\/mes-pochoirs.com\/de\/wp-json\/wp\/v2\/types\/product"}],"replies":[{"embeddable":true,"href":"https:\/\/mes-pochoirs.com\/de\/wp-json\/wp\/v2\/comments?post=23836"}],"wp:featuredmedia":[{"embeddable":true,"href":"https:\/\/mes-pochoirs.com\/de\/wp-json\/wp\/v2\/media\/23876"}],"wp:attachment":[{"href":"https:\/\/mes-pochoirs.com\/de\/wp-json\/wp\/v2\/media?parent=23836"}],"wp:term":[{"taxonomy":"product_brand","embeddable":true,"href":"https:\/\/mes-pochoirs.com\/de\/wp-json\/wp\/v2\/product_brand?post=23836"},{"taxonomy":"product_cat","embeddable":true,"href":"https:\/\/mes-pochoirs.com\/de\/wp-json\/wp\/v2\/product_cat?post=23836"},{"taxonomy":"product_tag","embeddable":true,"href":"https:\/\/mes-pochoirs.com\/de\/wp-json\/wp\/v2\/product_tag?post=23836"}],"curies":[{"name":"wp","href":"https:\/\/api.w.org\/{rel}","templated":true}]}}