{"id":25855,"date":"2025-05-15T10:33:10","date_gmt":"2025-05-15T08:33:10","guid":{"rendered":"https:\/\/mes-pochoirs.com\/?post_type=product&#038;p=25855"},"modified":"2025-10-31T12:37:32","modified_gmt":"2025-10-31T11:37:32","slug":"indische-schablone-mit-federkopfschmuck-fas002","status":"publish","type":"product","link":"https:\/\/mes-pochoirs.com\/de\/produit\/pochoir-indien-avec-coiffe-a-plumes-fas002","title":{"rendered":"Indische Schablone mit Federkopfschmuck - FAS002"},"content":{"rendered":"<h2>Indische Schablone mit Federkopfschmuck<\/h2>\n<h3>Ein H\u00e4uptling der Ureinwohner Amerikas blickt auf den Horizont<\/h3>\n<p><strong>Indische Schablone mit Federkopfschmuck<\/strong>Dieses Modell zeigt einen Indianerh\u00e4uptling im Profil, der in einem Moment der Ruhe und Klarheit aufgenommen wurde. Den Blick in die Ferne gerichtet, die Lippen zusammengepresst, erinnert dieser Indianerkrieger an die stille Kraft der nordamerikanischen Ureinwohner. Jeder Strich ist gepr\u00e4gt von nat\u00fcrlichem Adel, tiefem Respekt vor den Traditionen der Vorfahren und einer heiligen Verbindung mit der Erde. Man liest die Geschichte eines stolzen und w\u00fcrdevollen indianischen Gesichts, Tr\u00e4ger einer vergessenen indianischen Legende, die durch die Kunst reaktiviert werden soll. Die imposante und fein gearbeitete Federhaube reicht bis zur Brust, wie ein Mantel des Erbes, ein starkes Symbol der indigenen Identit\u00e4t. Das beruhigte, aber konzentrierte Gesicht eines Kriegers fl\u00f6\u00dft Respekt ein und verleiht allen Kreationen, die es bewohnen wird, eine spirituelle Aura.<\/p>\n<h3>Grafische Eleganz im Dienste der Stammeskunst<\/h3>\n<p><strong>Indische Schablone mit Federkopfschmuck<\/strong>Das ist ein hochwertiges Kunstwerkzeug f\u00fcr K\u00fcnstler, die auf der Suche nach Tiefe und Ausdruck sind. Die Schablone ist perfekt mit dem Laser geschnitten und erm\u00f6glicht es, jede Feder und jede Linie genau zu reproduzieren, um einen Indianerh\u00e4uptling mit Geschichte und Symbolik zum Leben zu erwecken. Diese Schablone eignet sich f\u00fcr eine Vielzahl von Materialien: Leinw\u00e4nde, Wandgem\u00e4lde, M\u00f6bel und l\u00e4sst sich sowohl mit Acrylfarbe als auch mit Spray Art kombinieren. Ein Schl\u00fcsselst\u00fcck f\u00fcr jedes Projekt, das von Stammeskunst, indianischer Kunst oder zeitgen\u00f6ssischen ethnischen Welten inspiriert ist. Diese<strong> indische Schablone mit Federkopfschmuck<\/strong> wird Ihrem Werk eine starke Botschaft verleihen: eine uralte Pr\u00e4senz, eine grafische Emotion, eine visuelle Hommage an die amerikanischen Ureinwohner und ihren zeitlosen kulturellen Reichtum.<\/p>","protected":false},"excerpt":{"rendered":"<p><strong data-start=\"1779\" data-end=\"1818\">Indische Schablone mit Federkopfschmuck<\/strong>F\u00fcr inspiriertes und symbolisches Malen. Wiederverwendbares Werkzeug, hohe Qualit\u00e4t, verschiedene Formate.<\/p>","protected":false},"featured_media":25833,"comment_status":"open","ping_status":"closed","template":"","meta":{"bwfblock_default_font":"","_kad_blocks_custom_css":"","_kad_blocks_head_custom_js":"","_kad_blocks_body_custom_js":"","_kad_blocks_footer_custom_js":"","_kadence_starter_templates_imported_post":false,"_kad_post_transparent":"default","_kad_post_title":"","_kad_post_layout":"default","_kad_post_sidebar_id":"","_kad_post_content_style":"default","_kad_post_vertical_padding":"default","_kad_post_feature":"","_kad_post_feature_position":"","_kad_post_header":false,"_kad_post_footer":false,"_kad_post_classname":""},"product_brand":[1415],"product_cat":[1385,481,36,328],"product_tag":[1397,1181,1392,1391,1395,1390,1387,1386,1394,1172,1389,1168,1396,1388,1393],"class_list":{"0":"post-25855","1":"product","2":"type-product","3":"status-publish","4":"has-post-thumbnail","6":"product_brand-mes-pochoirs","7":"product_cat-feathers-and-silence","8":"product_cat-collections","9":"product_cat-pochoirs-portraits-visages","10":"product_cat-pochoirs-street-art","11":"product_tag-amerique-du-nord","12":"product_tag-ancestral","13":"product_tag-art-amerindien","14":"product_tag-art-tribal","15":"product_tag-autochtone","16":"product_tag-autochtone-americain","17":"product_tag-chef-amerindien","18":"product_tag-chef-indien","19":"product_tag-coiffe-a-plumes","20":"product_tag-ethnique","21":"product_tag-guerrier-indien","22":"product_tag-indien","23":"product_tag-legende-amerindienne","24":"product_tag-visage-amerindien","25":"product_tag-visage-de-guerrier","27":"first","28":"instock","29":"taxable","30":"shipping-taxable","31":"purchasable","32":"product-type-variable","33":"has-default-attributes","34":"entry","35":"content-bg","36":"loop-entry"},"taxonomy_info":{"product_brand":[{"value":1415,"label":"Mes Pochoirs"}],"product_cat":[{"value":1385,"label":"Feathers and Silence"},{"value":481,"label":"Collections"},{"value":36,"label":"Portraits &amp; Visages"},{"value":328,"label":"Street Art"}],"product_tag":[{"value":1397,"label":"Am\u00e9rique du Nord"},{"value":1181,"label":"ancestral"},{"value":1392,"label":"art am\u00e9rindien"},{"value":1391,"label":"art tribal"},{"value":1395,"label":"autochtone"},{"value":1390,"label":"autochtone am\u00e9ricain"},{"value":1387,"label":"chef am\u00e9rindien"},{"value":1386,"label":"chef indien"},{"value":1394,"label":"coiffe \u00e0 plumes"},{"value":1172,"label":"ethnique"},{"value":1389,"label":"guerrier indien"},{"value":1168,"label":"indien"},{"value":1396,"label":"l\u00e9gende am\u00e9rindienne"},{"value":1388,"label":"visage am\u00e9rindien"},{"value":1393,"label":"visage de guerrier"}]},"featured_image_src_large":["https:\/\/mes-pochoirs.com\/wp-content\/uploads\/2025\/05\/FAS002-pochoir-collection-feathers-and-silence-copyright-mes-pochoirs-858x1030.jpg",858,1030,true],"author_info":[],"comment_info":0,"_links":{"self":[{"href":"https:\/\/mes-pochoirs.com\/de\/wp-json\/wp\/v2\/product\/25855","targetHints":{"allow":["GET"]}}],"collection":[{"href":"https:\/\/mes-pochoirs.com\/de\/wp-json\/wp\/v2\/product"}],"about":[{"href":"https:\/\/mes-pochoirs.com\/de\/wp-json\/wp\/v2\/types\/product"}],"replies":[{"embeddable":true,"href":"https:\/\/mes-pochoirs.com\/de\/wp-json\/wp\/v2\/comments?post=25855"}],"wp:featuredmedia":[{"embeddable":true,"href":"https:\/\/mes-pochoirs.com\/de\/wp-json\/wp\/v2\/media\/25833"}],"wp:attachment":[{"href":"https:\/\/mes-pochoirs.com\/de\/wp-json\/wp\/v2\/media?parent=25855"}],"wp:term":[{"taxonomy":"product_brand","embeddable":true,"href":"https:\/\/mes-pochoirs.com\/de\/wp-json\/wp\/v2\/product_brand?post=25855"},{"taxonomy":"product_cat","embeddable":true,"href":"https:\/\/mes-pochoirs.com\/de\/wp-json\/wp\/v2\/product_cat?post=25855"},{"taxonomy":"product_tag","embeddable":true,"href":"https:\/\/mes-pochoirs.com\/de\/wp-json\/wp\/v2\/product_tag?post=25855"}],"curies":[{"name":"wp","href":"https:\/\/api.w.org\/{rel}","templated":true}]}}