{"id":25967,"date":"2025-05-15T12:33:34","date_gmt":"2025-05-15T10:33:34","guid":{"rendered":"https:\/\/mes-pochoirs.com\/?post_type=product&#038;p=25967"},"modified":"2025-10-31T12:37:45","modified_gmt":"2025-10-31T11:37:45","slug":"schablone-indische-frau-street-art-fas011","status":"publish","type":"product","link":"https:\/\/mes-pochoirs.com\/de\/produit\/pochoir-femme-indienne-street-art-fas011","title":{"rendered":"Schablone indische Frau Street Art - FAS011"},"content":{"rendered":"<h2>Schablone indische Frau Street Art<\/h2>\n<h3>Ein erhobener Blick auf die Freiheit und die Urspr\u00fcnge<\/h3>\n<p><strong>Schablone indische Frau Street Art<\/strong>Dieses Modell zeigt ein himmelw\u00e4rts gerichtetes Portr\u00e4t einer Indianerin in einer stolzen und friedlichen Haltung. Ihr weiches, aber entschlossenes indianisches Gesicht erinnert an eine starke, in ihren Wurzeln verwurzelte Kriegerin der Ureinwohner. Der nach oben gerichtete Blick suggeriert Erhabenheit, Spiritualit\u00e4t, ja sogar den stillen Widerstand eines Volkes, das im Einklang mit der Natur lebt. Die Elemente ihres Federkopfschmucks, ihrer Ringohrringe und ihres Stammesschmucks lassen uns in eine lebendige und pulsierende indianische Legende eintauchen. Diese Schablone verk\u00f6rpert die Erinnerung der nordamerikanischen Ureinwohnerinnen zwischen althergebrachter St\u00e4rke und selbstbewusster Weiblichkeit. Sie ist eine Hommage an die Identit\u00e4t, die Verbindung mit der Erde und die Weitergabe des ethnischen Erbes.<\/p>\n<h3>Ein roher und moderner Stil im Dienste der engagierten Kunst<\/h3>\n<p><strong>Schablone indische Frau Street Art<\/strong>ist ein starkes k\u00fcnstlerisches Werkzeug, das Stammeskunst und zeitgen\u00f6ssische Streetart-\u00c4sthetik miteinander verbindet. Der rohe, strukturierte, fast erodierte Schnitt verleiht dem Bild einen starken urbanen Charakter und ist ideal f\u00fcr ausdrucksstarke Kreationen. Der visuelle Effekt ist lebendig und symbolisch zugleich und erm\u00f6glicht es K\u00fcnstlern, sich intensiv und poetisch auszudr\u00fccken. Die Schablone eignet sich perfekt f\u00fcr Wandmalereien, ethnische Gem\u00e4lde, urbane Textilien oder engagierte Pop-Art-Projekte. Sie ist wiederverwendbar, reversibel und in verschiedenen Gr\u00f6\u00dfen erh\u00e4ltlich. Sie ist Teil eines freien Kunstansatzes, einer starken visuellen Erz\u00e4hlung und bietet eine ausdrucksstarke Grundlage f\u00fcr die Darstellung des Gesichts einer indigenen Kriegerin im Herzen der modernen Welt.<\/p>","protected":false},"excerpt":{"rendered":"<p><strong data-start=\"1089\" data-end=\"1126\">Schablone indische Frau Street Art<\/strong>Ein modernes Tribal-Design zum Malen. Wiederverwendbar, mehrere Gr\u00f6\u00dfen, ideal f\u00fcr K\u00fcnstler und Wanddekoration.<\/p>","protected":false},"featured_media":25840,"comment_status":"open","ping_status":"closed","template":"","meta":{"bwfblock_default_font":"","_kad_blocks_custom_css":"","_kad_blocks_head_custom_js":"","_kad_blocks_body_custom_js":"","_kad_blocks_footer_custom_js":"","_kadence_starter_templates_imported_post":false,"_kad_post_transparent":"default","_kad_post_title":"","_kad_post_layout":"default","_kad_post_sidebar_id":"","_kad_post_content_style":"default","_kad_post_vertical_padding":"default","_kad_post_feature":"","_kad_post_feature_position":"","_kad_post_header":false,"_kad_post_footer":false,"_kad_post_classname":""},"product_brand":[1415],"product_cat":[1385,481,36,328],"product_tag":[1397,1181,1392,1391,1395,1394,1172,1398,1396,390,327,1388,1399],"class_list":{"0":"post-25967","1":"product","2":"type-product","3":"status-publish","4":"has-post-thumbnail","6":"product_brand-mes-pochoirs","7":"product_cat-feathers-and-silence","8":"product_cat-collections","9":"product_cat-pochoirs-portraits-visages","10":"product_cat-pochoirs-street-art","11":"product_tag-amerique-du-nord","12":"product_tag-ancestral","13":"product_tag-art-amerindien","14":"product_tag-art-tribal","15":"product_tag-autochtone","16":"product_tag-coiffe-a-plumes","17":"product_tag-ethnique","18":"product_tag-indienne","19":"product_tag-legende-amerindienne","20":"product_tag-portrait","21":"product_tag-street-art","22":"product_tag-visage-amerindien","23":"product_tag-visage-de-guerriere","25":"first","26":"instock","27":"taxable","28":"shipping-taxable","29":"purchasable","30":"product-type-variable","31":"entry","32":"content-bg","33":"loop-entry"},"taxonomy_info":{"product_brand":[{"value":1415,"label":"Mes Pochoirs"}],"product_cat":[{"value":1385,"label":"Feathers and Silence"},{"value":481,"label":"Collections"},{"value":36,"label":"Portraits &amp; Visages"},{"value":328,"label":"Street Art"}],"product_tag":[{"value":1397,"label":"Am\u00e9rique du Nord"},{"value":1181,"label":"ancestral"},{"value":1392,"label":"art am\u00e9rindien"},{"value":1391,"label":"art tribal"},{"value":1395,"label":"autochtone"},{"value":1394,"label":"coiffe \u00e0 plumes"},{"value":1172,"label":"ethnique"},{"value":1398,"label":"indienne"},{"value":1396,"label":"l\u00e9gende am\u00e9rindienne"},{"value":390,"label":"portrait"},{"value":327,"label":"street art"},{"value":1388,"label":"visage am\u00e9rindien"},{"value":1399,"label":"visage de guerriere"}]},"featured_image_src_large":["https:\/\/mes-pochoirs.com\/wp-content\/uploads\/2025\/05\/FAS011-pochoir-collection-feathers-and-silence-copyright-mes-pochoirs-858x1030.jpg",858,1030,true],"author_info":[],"comment_info":1,"_links":{"self":[{"href":"https:\/\/mes-pochoirs.com\/de\/wp-json\/wp\/v2\/product\/25967","targetHints":{"allow":["GET"]}}],"collection":[{"href":"https:\/\/mes-pochoirs.com\/de\/wp-json\/wp\/v2\/product"}],"about":[{"href":"https:\/\/mes-pochoirs.com\/de\/wp-json\/wp\/v2\/types\/product"}],"replies":[{"embeddable":true,"href":"https:\/\/mes-pochoirs.com\/de\/wp-json\/wp\/v2\/comments?post=25967"}],"wp:featuredmedia":[{"embeddable":true,"href":"https:\/\/mes-pochoirs.com\/de\/wp-json\/wp\/v2\/media\/25840"}],"wp:attachment":[{"href":"https:\/\/mes-pochoirs.com\/de\/wp-json\/wp\/v2\/media?parent=25967"}],"wp:term":[{"taxonomy":"product_brand","embeddable":true,"href":"https:\/\/mes-pochoirs.com\/de\/wp-json\/wp\/v2\/product_brand?post=25967"},{"taxonomy":"product_cat","embeddable":true,"href":"https:\/\/mes-pochoirs.com\/de\/wp-json\/wp\/v2\/product_cat?post=25967"},{"taxonomy":"product_tag","embeddable":true,"href":"https:\/\/mes-pochoirs.com\/de\/wp-json\/wp\/v2\/product_tag?post=25967"}],"curies":[{"name":"wp","href":"https:\/\/api.w.org\/{rel}","templated":true}]}}