{"id":26020,"date":"2025-05-16T09:01:18","date_gmt":"2025-05-16T07:01:18","guid":{"rendered":"https:\/\/mes-pochoirs.com\/?post_type=product&#038;p=26020"},"modified":"2025-10-31T12:37:49","modified_gmt":"2025-10-31T11:37:49","slug":"schablone-hauptling-amerindianer-fas013","status":"publish","type":"product","link":"https:\/\/mes-pochoirs.com\/de\/produit\/pochoir-chef-amerindien-fas013","title":{"rendered":"Schablone H\u00e4uptling Native Americans - FAS013"},"content":{"rendered":"<h2>Schablone H\u00e4uptling Native Americans<\/h2>\n<h3>Ein stilles, erinnerungsbeladenes Portr\u00e4t<\/h3>\n<p><strong>Schablone H\u00e4uptling Native Americans<\/strong>Dieses Modell zeigt einen Indianerh\u00e4uptling im Dreiviertelformat, der mit einer tiefen Ruhe und stummen Entschlossenheit auf den Horizont blickt. Dieses indianische Gesicht, das durch Erfahrung geformt wurde, scheint dem Echo vergangener Generationen zu lauschen. Jede Falte, jeder Schatten erz\u00e4hlt eine Geschichte: die eines Indianerkriegers, eines angesehenen Mannes, der ein uraltes Wissen besitzt. Seine Federhaube, die in vielen indianischen Legenden als Symbol f\u00fcr Weisheit und Autorit\u00e4t gilt, f\u00e4llt wie ein Mantel der W\u00fcrde \u00fcber sein Gesicht. Er verk\u00f6rpert die Grundwerte der indigenen V\u00f6lker Nordamerikas: Respekt, Verbindung mit der Natur, Weitergabe. Diese Schablone erinnert an eine starke und inspirierende indigene Identit\u00e4t, die in einem tiefen Erbe verwurzelt ist.<\/p>\n<h3>Ein ausdrucksstarker Grafikstil f\u00fcr engagierte Werke<\/h3>\n<p><strong>Schablone H\u00e4uptling Native Americans<\/strong>Sie ist auch ein starkes k\u00fcnstlerisches Werkzeug f\u00fcr Designer, die nach starken Symbolen und visueller Wirkung suchen. Das Relief des Kopfschmucks, die Schatten des Kriegergesichts und die edle Haltung schaffen eine imposante Pr\u00e4senz. Diese Schablone ist wiederverwendbar, beidseitig verwendbar und in verschiedenen Gr\u00f6\u00dfen erh\u00e4ltlich, wodurch sie sich perfekt f\u00fcr Wandmalereiprojekte, Gem\u00e4lde oder dekorative Kreationen auf verschiedenen Materialien eignet. Es richtet sich an K\u00fcnstler, die die Kunst der amerikanischen Ureinwohner mit Intensit\u00e4t, Emotion und Respekt erforschen und dabei ihren pers\u00f6nlichen Stil sprechen lassen m\u00f6chten. Ein ikonisches St\u00fcck, das jedes Werk mit einem Hauch von Ahnen und Grafik pr\u00e4gen wird.<\/p>","protected":false},"excerpt":{"rendered":"<p><strong data-start=\"1552\" data-end=\"1579\">Schablone H\u00e4uptling Native Americans<\/strong>Eine uralte Inspiration f\u00fcr Maler. Mehrere Formate, beidseitig verwendbar, ideal f\u00fcr Deko oder Gem\u00e4lde.<\/p>","protected":false},"featured_media":25917,"comment_status":"open","ping_status":"closed","template":"","meta":{"bwfblock_default_font":"","_kad_blocks_custom_css":"","_kad_blocks_head_custom_js":"","_kad_blocks_body_custom_js":"","_kad_blocks_footer_custom_js":"","_kadence_starter_templates_imported_post":false,"_kad_post_transparent":"default","_kad_post_title":"","_kad_post_layout":"default","_kad_post_sidebar_id":"","_kad_post_content_style":"default","_kad_post_vertical_padding":"default","_kad_post_feature":"","_kad_post_feature_position":"","_kad_post_header":false,"_kad_post_footer":false,"_kad_post_classname":""},"product_brand":[1415],"product_cat":[1385,481,36,328],"product_tag":[1397,1181,1392,1391,1395,1390,1387,1386,1394,1172,1389,1168,1396,1388,1393],"class_list":{"0":"post-26020","1":"product","2":"type-product","3":"status-publish","4":"has-post-thumbnail","6":"product_brand-mes-pochoirs","7":"product_cat-feathers-and-silence","8":"product_cat-collections","9":"product_cat-pochoirs-portraits-visages","10":"product_cat-pochoirs-street-art","11":"product_tag-amerique-du-nord","12":"product_tag-ancestral","13":"product_tag-art-amerindien","14":"product_tag-art-tribal","15":"product_tag-autochtone","16":"product_tag-autochtone-americain","17":"product_tag-chef-amerindien","18":"product_tag-chef-indien","19":"product_tag-coiffe-a-plumes","20":"product_tag-ethnique","21":"product_tag-guerrier-indien","22":"product_tag-indien","23":"product_tag-legende-amerindienne","24":"product_tag-visage-amerindien","25":"product_tag-visage-de-guerrier","27":"first","28":"instock","29":"taxable","30":"shipping-taxable","31":"purchasable","32":"product-type-variable","33":"entry","34":"content-bg","35":"loop-entry"},"taxonomy_info":{"product_brand":[{"value":1415,"label":"Mes Pochoirs"}],"product_cat":[{"value":1385,"label":"Feathers and Silence"},{"value":481,"label":"Collections"},{"value":36,"label":"Portraits &amp; Visages"},{"value":328,"label":"Street Art"}],"product_tag":[{"value":1397,"label":"Am\u00e9rique du Nord"},{"value":1181,"label":"ancestral"},{"value":1392,"label":"art am\u00e9rindien"},{"value":1391,"label":"art tribal"},{"value":1395,"label":"autochtone"},{"value":1390,"label":"autochtone am\u00e9ricain"},{"value":1387,"label":"chef am\u00e9rindien"},{"value":1386,"label":"chef indien"},{"value":1394,"label":"coiffe \u00e0 plumes"},{"value":1172,"label":"ethnique"},{"value":1389,"label":"guerrier indien"},{"value":1168,"label":"indien"},{"value":1396,"label":"l\u00e9gende am\u00e9rindienne"},{"value":1388,"label":"visage am\u00e9rindien"},{"value":1393,"label":"visage de guerrier"}]},"featured_image_src_large":["https:\/\/mes-pochoirs.com\/wp-content\/uploads\/2025\/05\/FAS013-pochoir-collection-feathers-and-silence-copyright-mes-pochoirs-858x1030.jpg",858,1030,true],"author_info":[],"comment_info":0,"_links":{"self":[{"href":"https:\/\/mes-pochoirs.com\/de\/wp-json\/wp\/v2\/product\/26020","targetHints":{"allow":["GET"]}}],"collection":[{"href":"https:\/\/mes-pochoirs.com\/de\/wp-json\/wp\/v2\/product"}],"about":[{"href":"https:\/\/mes-pochoirs.com\/de\/wp-json\/wp\/v2\/types\/product"}],"replies":[{"embeddable":true,"href":"https:\/\/mes-pochoirs.com\/de\/wp-json\/wp\/v2\/comments?post=26020"}],"wp:featuredmedia":[{"embeddable":true,"href":"https:\/\/mes-pochoirs.com\/de\/wp-json\/wp\/v2\/media\/25917"}],"wp:attachment":[{"href":"https:\/\/mes-pochoirs.com\/de\/wp-json\/wp\/v2\/media?parent=26020"}],"wp:term":[{"taxonomy":"product_brand","embeddable":true,"href":"https:\/\/mes-pochoirs.com\/de\/wp-json\/wp\/v2\/product_brand?post=26020"},{"taxonomy":"product_cat","embeddable":true,"href":"https:\/\/mes-pochoirs.com\/de\/wp-json\/wp\/v2\/product_cat?post=26020"},{"taxonomy":"product_tag","embeddable":true,"href":"https:\/\/mes-pochoirs.com\/de\/wp-json\/wp\/v2\/product_tag?post=26020"}],"curies":[{"name":"wp","href":"https:\/\/api.w.org\/{rel}","templated":true}]}}