{"id":26305,"date":"2025-05-26T11:51:36","date_gmt":"2025-05-26T09:51:36","guid":{"rendered":"https:\/\/mes-pochoirs.com\/?post_type=product&#038;p=26305"},"modified":"2025-10-31T12:38:29","modified_gmt":"2025-10-31T11:38:29","slug":"schablone-puzzleteile-g0057","status":"publish","type":"product","link":"https:\/\/mes-pochoirs.com\/de\/produit\/pochoir-pieces-puzzle-g0057","title":{"rendered":"Schablone Puzzleteile - G0057"},"content":{"rendered":"<h2>Schablone Puzzleteile<\/h2>\n<h3>Ein Mosaik aus Kreativit\u00e4t und Spiel<\/h3>\n<p><strong>Schablone Puzzleteile :<\/strong> Mit ihren vielen sorgf\u00e4ltig angeordneten Teilen erinnert diese Schablone an das Zusammensetzen und die Welt des Puzzles und l\u00e4dt zum Entdecken und \u00dcberraschen ein. Sie bietet K\u00fcnstlern unendlich viele Kompositionsm\u00f6glichkeiten, wobei jedes Motiv zu einer Geschichte wird, die auf der Leinwand oder an der Wand erz\u00e4hlt werden kann. Perfekt f\u00fcr Dekorationen, Malerei oder originelle Projekte, verwandelt es jeden Untergrund in ein anregendes, grafisches Spielfeld. Sein dynamischer Effekt zieht sofort die Blicke auf sich und verleiht all Ihren Werken eine kreative Handschrift.<\/p>\n<h3>Ein verspielter und grafischer Kunststil<\/h3>\n<p><strong>Schablone Puzzleteile :<\/strong> Das einfache und elegante Design basiert auf vielf\u00e4ltigen Formen und klaren Konturen, die an die Pr\u00e4zision klassischer Puzzles erinnern. Diese grafische Textur verleiht Ihren Kreationen einen spielerischen und zugleich kraftvollen visuellen Effekt, der perfekt ist, um Ihre Bilder, Accessoires oder Kunstprojekte zu bereichern. Die wiederverwendbare, beidseitig verwendbare und hochwertige Schablone passt sich allen Ihren Oberfl\u00e4chen an und sorgt f\u00fcr pr\u00e4zise und immer originelle Renderings. Diese Schablone ist in verschiedenen Gr\u00f6\u00dfen erh\u00e4ltlich und wird zum idealen Partner f\u00fcr jeden K\u00fcnstler, der auf der Suche nach Neuem und kreativer Freiheit ist.<\/p>","protected":false},"excerpt":{"rendered":"<p><strong>Schablone Puzzleteile<\/strong> - Grafisches und kreatives Motiv f\u00fcr Gem\u00e4lde, Bilder und Dekorationen. Wiederverwendbar, beidseitig verwendbar, verschiedene Gr\u00f6\u00dfen, hohe Qualit\u00e4t.<\/p>","protected":false},"featured_media":26327,"comment_status":"open","ping_status":"closed","template":"","meta":{"bwfblock_default_font":"","_kad_blocks_custom_css":"","_kad_blocks_head_custom_js":"","_kad_blocks_body_custom_js":"","_kad_blocks_footer_custom_js":"","_kadence_starter_templates_imported_post":false,"_kad_post_transparent":"default","_kad_post_title":"","_kad_post_layout":"default","_kad_post_sidebar_id":"","_kad_post_content_style":"default","_kad_post_vertical_padding":"default","_kad_post_feature":"","_kad_post_feature_position":"","_kad_post_header":false,"_kad_post_footer":false,"_kad_post_classname":""},"product_brand":[1415],"product_cat":[241],"product_tag":[439,1412,568,567,147,474,739,720,1413,521,1411,1410,345],"class_list":{"0":"post-26305","1":"product","2":"type-product","3":"status-publish","4":"has-post-thumbnail","6":"product_brand-mes-pochoirs","7":"product_cat-pochoirs-geometriques","8":"product_tag-art","9":"product_tag-assemblage","10":"product_tag-creatif","11":"product_tag-decoration","12":"product_tag-design","13":"product_tag-forme","14":"product_tag-graphique","15":"product_tag-jeu","16":"product_tag-jeux","17":"product_tag-motif","18":"product_tag-original","19":"product_tag-piece-2","20":"product_tag-puzzle","22":"first","23":"instock","24":"taxable","25":"shipping-taxable","26":"purchasable","27":"product-type-variable","28":"has-default-attributes","29":"entry","30":"content-bg","31":"loop-entry"},"taxonomy_info":{"product_brand":[{"value":1415,"label":"Mes Pochoirs"}],"product_cat":[{"value":241,"label":"G\u00e9om\u00e9triques"}],"product_tag":[{"value":439,"label":"art"},{"value":1412,"label":"assemblage"},{"value":568,"label":"cr\u00e9atif"},{"value":567,"label":"decoration"},{"value":147,"label":"Design"},{"value":474,"label":"forme"},{"value":739,"label":"graphique"},{"value":720,"label":"jeu"},{"value":1413,"label":"jeux"},{"value":521,"label":"motif"},{"value":1411,"label":"original"},{"value":1410,"label":"pi\u00e8ce"},{"value":345,"label":"puzzle"}]},"featured_image_src_large":["https:\/\/mes-pochoirs.com\/wp-content\/uploads\/2025\/05\/G0057-pochoir-puzzle-copyright-mes-pochoirs-858x1030.jpg",858,1030,true],"author_info":[],"comment_info":0,"_links":{"self":[{"href":"https:\/\/mes-pochoirs.com\/de\/wp-json\/wp\/v2\/product\/26305","targetHints":{"allow":["GET"]}}],"collection":[{"href":"https:\/\/mes-pochoirs.com\/de\/wp-json\/wp\/v2\/product"}],"about":[{"href":"https:\/\/mes-pochoirs.com\/de\/wp-json\/wp\/v2\/types\/product"}],"replies":[{"embeddable":true,"href":"https:\/\/mes-pochoirs.com\/de\/wp-json\/wp\/v2\/comments?post=26305"}],"wp:featuredmedia":[{"embeddable":true,"href":"https:\/\/mes-pochoirs.com\/de\/wp-json\/wp\/v2\/media\/26327"}],"wp:attachment":[{"href":"https:\/\/mes-pochoirs.com\/de\/wp-json\/wp\/v2\/media?parent=26305"}],"wp:term":[{"taxonomy":"product_brand","embeddable":true,"href":"https:\/\/mes-pochoirs.com\/de\/wp-json\/wp\/v2\/product_brand?post=26305"},{"taxonomy":"product_cat","embeddable":true,"href":"https:\/\/mes-pochoirs.com\/de\/wp-json\/wp\/v2\/product_cat?post=26305"},{"taxonomy":"product_tag","embeddable":true,"href":"https:\/\/mes-pochoirs.com\/de\/wp-json\/wp\/v2\/product_tag?post=26305"}],"curies":[{"name":"wp","href":"https:\/\/api.w.org\/{rel}","templated":true}]}}