{"id":26425,"date":"2025-06-03T12:10:23","date_gmt":"2025-06-03T10:10:23","guid":{"rendered":"https:\/\/mes-pochoirs.com\/?post_type=product&#038;p=26425"},"modified":"2025-10-31T12:38:32","modified_gmt":"2025-10-31T11:38:32","slug":"schablone-betender-mann-pv0025","status":"publish","type":"product","link":"https:\/\/mes-pochoirs.com\/de\/produit\/pochoir-homme-priere-pv0025","title":{"rendered":"Schablone Betender Mann - PV0025"},"content":{"rendered":"<h2>Schablone Mann Gebet<\/h2>\n<h3>Der betende Mann, ein Symbol der Andacht und des Glaubens<\/h3>\n<p><strong>Schablone Mann Gebet<\/strong> - Diese Schablone zeigt einen betenden Mann, der die H\u00e4nde vor dem Gesicht gefaltet und den Kopf in tiefer Andacht erhoben hat. Diese starke Geste symbolisiert den inneren Frieden, den Glauben und die \u00dcberzeugung eines Mannes, der auf etwas Gr\u00f6\u00dferes ausgerichtet ist. In einem Moment intensiver Meditation verk\u00f6rpert er den Gl\u00e4ubigen, das eigentliche Symbol der Religion und der spirituellen Suche. Mit dieser Schablone wird jede Kreation zu einer Ode an den Frieden, den Glauben und den reinsten Ausdruck des Glaubens.<\/p>\n<h3>Eine Schablone mit einem starken grafischen Stil, um Ihre Kreationen zu sublimieren<\/h3>\n<p><strong>Schablone Mann Gebet<\/strong> - Die pr\u00e4zisen Ausschnitte erwecken die Silhouette dieses betenden Mannes zum Leben und erzeugen einen starken visuellen Eindruck. Sie eignet sich perfekt, um Ihren Werken eine and\u00e4chtige und spirituelle Atmosph\u00e4re zu verleihen, egal ob es sich um ein Wandgem\u00e4lde, ein Gem\u00e4lde oder ein Kunstprojekt handelt. Mit dieser Schablone \"Betender Mann\" verleihen Sie Ihrer kreativen Welt eine einzigartige und inspirierende Note und laden Frieden und Glauben in jedes Werk ein.<\/p>","protected":false},"excerpt":{"rendered":"<p><strong>Schablone Mann Gebet<\/strong>Die wiederverwendbaren und in verschiedenen Gr\u00f6\u00dfen erh\u00e4ltlichen Schablonen sind ideal f\u00fcr Ihre Malarbeiten und einzigartigen Kreationen.<\/p>","protected":false},"featured_media":26569,"comment_status":"open","ping_status":"closed","template":"","meta":{"bwfblock_default_font":"","_kad_blocks_custom_css":"","_kad_blocks_head_custom_js":"","_kad_blocks_body_custom_js":"","_kad_blocks_footer_custom_js":"","_kadence_starter_templates_imported_post":false,"_kad_post_transparent":"default","_kad_post_title":"","_kad_post_layout":"default","_kad_post_sidebar_id":"","_kad_post_content_style":"default","_kad_post_vertical_padding":"default","_kad_post_feature":"","_kad_post_feature_position":"","_kad_post_header":false,"_kad_post_footer":false,"_kad_post_classname":""},"product_brand":[1415],"product_cat":[36,328],"product_tag":[1418,1419,986,505,319,1416,1417,983,324],"class_list":{"0":"post-26425","1":"product","2":"type-product","3":"status-publish","4":"has-post-thumbnail","6":"product_brand-mes-pochoirs","7":"product_cat-pochoirs-portraits-visages","8":"product_cat-pochoirs-street-art","9":"product_tag-croyance","10":"product_tag-croyant","11":"product_tag-foi","12":"product_tag-homme","13":"product_tag-paix","14":"product_tag-priere","15":"product_tag-recueillement","16":"product_tag-religion","17":"product_tag-symbole","19":"first","20":"instock","21":"taxable","22":"shipping-taxable","23":"purchasable","24":"product-type-variable","25":"has-default-attributes","26":"entry","27":"content-bg","28":"loop-entry"},"taxonomy_info":{"product_brand":[{"value":1415,"label":"Mes Pochoirs"}],"product_cat":[{"value":36,"label":"Portraits &amp; Visages"},{"value":328,"label":"Street Art"}],"product_tag":[{"value":1418,"label":"croyance"},{"value":1419,"label":"croyant"},{"value":986,"label":"foi"},{"value":505,"label":"homme"},{"value":319,"label":"paix"},{"value":1416,"label":"pri\u00e8re"},{"value":1417,"label":"recueillement"},{"value":983,"label":"religion"},{"value":324,"label":"symbole"}]},"featured_image_src_large":["https:\/\/mes-pochoirs.com\/wp-content\/uploads\/2025\/06\/PV0025-pochoir-homme-priere-copyright-mes-pochoirs-858x1030.jpg",858,1030,true],"author_info":[],"comment_info":0,"_links":{"self":[{"href":"https:\/\/mes-pochoirs.com\/de\/wp-json\/wp\/v2\/product\/26425","targetHints":{"allow":["GET"]}}],"collection":[{"href":"https:\/\/mes-pochoirs.com\/de\/wp-json\/wp\/v2\/product"}],"about":[{"href":"https:\/\/mes-pochoirs.com\/de\/wp-json\/wp\/v2\/types\/product"}],"replies":[{"embeddable":true,"href":"https:\/\/mes-pochoirs.com\/de\/wp-json\/wp\/v2\/comments?post=26425"}],"wp:featuredmedia":[{"embeddable":true,"href":"https:\/\/mes-pochoirs.com\/de\/wp-json\/wp\/v2\/media\/26569"}],"wp:attachment":[{"href":"https:\/\/mes-pochoirs.com\/de\/wp-json\/wp\/v2\/media?parent=26425"}],"wp:term":[{"taxonomy":"product_brand","embeddable":true,"href":"https:\/\/mes-pochoirs.com\/de\/wp-json\/wp\/v2\/product_brand?post=26425"},{"taxonomy":"product_cat","embeddable":true,"href":"https:\/\/mes-pochoirs.com\/de\/wp-json\/wp\/v2\/product_cat?post=26425"},{"taxonomy":"product_tag","embeddable":true,"href":"https:\/\/mes-pochoirs.com\/de\/wp-json\/wp\/v2\/product_tag?post=26425"}],"curies":[{"name":"wp","href":"https:\/\/api.w.org\/{rel}","templated":true}]}}