{"id":26744,"date":"2025-06-25T09:56:02","date_gmt":"2025-06-25T07:56:02","guid":{"rendered":"https:\/\/mes-pochoirs.com\/?post_type=product&#038;p=26744"},"modified":"2025-10-31T12:38:52","modified_gmt":"2025-10-31T11:38:52","slug":"schablone-manga-charakter-mgs004","status":"publish","type":"product","link":"https:\/\/mes-pochoirs.com\/de\/produit\/pochoir-personnage-manga-mgs004","title":{"rendered":"Schablone Manga - Profil Sh\u014dnen - MGS004"},"content":{"rendered":"<h2>Schablone Manga-Charakter<\/h2>\n<p>Diese <strong>Schablone Manga-Charakter<\/strong> zeigt das Profil einer jungen m\u00e4nnlichen Person mit feinen, konzentrierten Gesichtsz\u00fcgen, die nach au\u00dfen gerichtet ist, als w\u00fcrde sie eine unsichtbare innere Welt beobachten. Jede Linie, jeder ausgeschnittene Raum erinnert an Introspektion, an die Ruhe vor der Tat oder an eine angenommene Einsamkeit. Das Gesicht wird sanft von dynamischen Haarstr\u00e4hnen eingerahmt, die der Komposition eine subtile, fast filmische Spannung verleihen.<\/p>\n<p>Dieses Motiv zeichnet sich durch seine grafische Schlichtheit und seine emotionale Intensit\u00e4t aus. Das Auge der Figur, gro\u00df und ausdrucksstark, zieht den Blick sofort auf sich. Die Gesamtkomposition im linken Profil vermittelt das Gef\u00fchl einer visuellen Erz\u00e4hlung, wie ein Standbild aus einem Manga. Es erinnert an emblematische Figuren der japanischen Kultur, zwischen stillen Helden, vertr\u00e4umten Teenagern oder Charakteren, die sich im Wandel befinden.<\/p>\n<p>Diese <strong>Schablone Manga-Charakter<\/strong> ist ideal f\u00fcr K\u00fcnstler, die auf der Suche nach einem starken und klaren Bild sind. Sie eignet sich f\u00fcr zahlreiche Medien: Wandmalereien, Gem\u00e4lde auf Leinwand, Illustrationsb\u00fccher, Textilien oder dekorative M\u00f6bel. Dank ihrer klaren Linienf\u00fchrung passt sie sowohl in ein minimalistisches Werk als auch in eine dichtere Komposition.<\/p>\n<p>Dieses Modell wurde entwickelt, um Intensit\u00e4t durch sparsame Striche auszudr\u00fccken. Es greift auf Manga-Codes zur\u00fcck und interpretiert sie auf moderne Weise neu. Es wird Liebhaber von Grafikkunst, ausdrucksstarken Portr\u00e4ts und asiatischer Kultur begeistern. Es handelt sich um eine Schablone, die zum stillen Erz\u00e4hlen und zu verhaltenen Emotionen einl\u00e4dt und gleichzeitig eine gro\u00dfe Freiheit der k\u00fcnstlerischen Aneignung bietet.<\/p>","protected":false},"excerpt":{"rendered":"<p><strong>Schablone Manga-Charakter<\/strong>Die Farbe ist von modernen Mangas inspiriert. F\u00fcr Gem\u00e4lde, Fresken oder K\u00fcnstlerarbeiten. Hohe Qualit\u00e4t, in verschiedenen Gr\u00f6\u00dfen erh\u00e4ltlich.<\/p>","protected":false},"featured_media":26714,"comment_status":"open","ping_status":"closed","template":"","meta":{"bwfblock_default_font":"","_kad_blocks_custom_css":"","_kad_blocks_head_custom_js":"","_kad_blocks_body_custom_js":"","_kad_blocks_footer_custom_js":"","_kadence_starter_templates_imported_post":false,"_kad_post_transparent":"default","_kad_post_title":"","_kad_post_layout":"default","_kad_post_sidebar_id":"","_kad_post_content_style":"default","_kad_post_vertical_padding":"default","_kad_post_feature":"","_kad_post_feature_position":"","_kad_post_header":false,"_kad_post_footer":false,"_kad_post_classname":""},"product_brand":[1415],"product_cat":[1522,481,1434,1433,36,328],"product_tag":[611,1438,1441,822,529,1440,994,1439,1436,703,390,411,488,1524,1437,338],"class_list":{"0":"post-26744","1":"product","2":"type-product","3":"status-publish","4":"has-post-thumbnail","6":"product_brand-mes-pochoirs","7":"product_cat-manga-sutenshiru","8":"product_cat-collections","9":"product_cat-pochoirs-manga","10":"product_cat-pochoirs-manga-univers-japonais","11":"product_cat-pochoirs-portraits-visages","12":"product_cat-pochoirs-street-art","13":"product_tag-anime","14":"product_tag-art-japonais","15":"product_tag-asiatique","16":"product_tag-dessin","17":"product_tag-garcon","18":"product_tag-inspiration-asiatique","19":"product_tag-japon","20":"product_tag-japonais","21":"product_tag-manga","22":"product_tag-personnage","23":"product_tag-portrait","24":"product_tag-profil","25":"product_tag-regard","26":"product_tag-shonen","27":"product_tag-sutenshiru","28":"product_tag-visage","30":"first","31":"instock","32":"taxable","33":"shipping-taxable","34":"purchasable","35":"product-type-variable","36":"entry","37":"content-bg","38":"loop-entry"},"taxonomy_info":{"product_brand":[{"value":1415,"label":"Mes Pochoirs"}],"product_cat":[{"value":1522,"label":"Manga Sutenshiru"},{"value":481,"label":"Collections"},{"value":1434,"label":"Manga"},{"value":1433,"label":"Manga &amp; Univers Japonais"},{"value":36,"label":"Portraits &amp; Visages"},{"value":328,"label":"Street Art"}],"product_tag":[{"value":611,"label":"anim\u00e9"},{"value":1438,"label":"art japonais"},{"value":1441,"label":"asiatique"},{"value":822,"label":"dessin"},{"value":529,"label":"gar\u00e7on"},{"value":1440,"label":"inspiration asiatique"},{"value":994,"label":"japon"},{"value":1439,"label":"Japonais"},{"value":1436,"label":"manga"},{"value":703,"label":"personnage"},{"value":390,"label":"portrait"},{"value":411,"label":"profil"},{"value":488,"label":"regard"},{"value":1524,"label":"Sh\u014dnen"},{"value":1437,"label":"sutenshiru"},{"value":338,"label":"visage"}]},"featured_image_src_large":["https:\/\/mes-pochoirs.com\/wp-content\/uploads\/2025\/06\/MGS004-pochoir-collection-manga-sutenshiru-copyright-mes-pochoirs-858x1030.jpg",858,1030,true],"author_info":[],"comment_info":0,"_links":{"self":[{"href":"https:\/\/mes-pochoirs.com\/de\/wp-json\/wp\/v2\/product\/26744","targetHints":{"allow":["GET"]}}],"collection":[{"href":"https:\/\/mes-pochoirs.com\/de\/wp-json\/wp\/v2\/product"}],"about":[{"href":"https:\/\/mes-pochoirs.com\/de\/wp-json\/wp\/v2\/types\/product"}],"replies":[{"embeddable":true,"href":"https:\/\/mes-pochoirs.com\/de\/wp-json\/wp\/v2\/comments?post=26744"}],"wp:featuredmedia":[{"embeddable":true,"href":"https:\/\/mes-pochoirs.com\/de\/wp-json\/wp\/v2\/media\/26714"}],"wp:attachment":[{"href":"https:\/\/mes-pochoirs.com\/de\/wp-json\/wp\/v2\/media?parent=26744"}],"wp:term":[{"taxonomy":"product_brand","embeddable":true,"href":"https:\/\/mes-pochoirs.com\/de\/wp-json\/wp\/v2\/product_brand?post=26744"},{"taxonomy":"product_cat","embeddable":true,"href":"https:\/\/mes-pochoirs.com\/de\/wp-json\/wp\/v2\/product_cat?post=26744"},{"taxonomy":"product_tag","embeddable":true,"href":"https:\/\/mes-pochoirs.com\/de\/wp-json\/wp\/v2\/product_tag?post=26744"}],"curies":[{"name":"wp","href":"https:\/\/api.w.org\/{rel}","templated":true}]}}