{"id":26759,"date":"2025-06-25T10:24:54","date_gmt":"2025-06-25T08:24:54","guid":{"rendered":"https:\/\/mes-pochoirs.com\/?post_type=product&#038;p=26759"},"modified":"2026-03-13T18:54:31","modified_gmt":"2026-03-13T17:54:31","slug":"japanische-schablone-im-kimono-mgs005","status":"publish","type":"product","link":"https:\/\/mes-pochoirs.com\/de\/produit\/pochoir-japonaise-en-kimono-mgs005","title":{"rendered":"Manga-Schablone - Japanerin im Kimono - MGS005"},"content":{"rendered":"<h2>Schablone Japanerin im Kimono<\/h2>\n<p><strong>Schablone Japanerin im Kimono<\/strong> - Dieses raffinierte Modell zeigt eine junge Frau im Kimono, die um drei Viertel gedreht ist und eine anmutige und zugleich selbstbewusste Haltung einnimmt. Ihr leicht zur\u00fcckgenommener, aber intensiv pr\u00e4senter Blick strahlt einen Ausdruck von Ruhe, Zur\u00fcckhaltung und stillem Vertrauen aus. Ihre traditionelle, mit Blumen geschm\u00fcckte Frisur verst\u00e4rkt die zarte \u00c4sthetik und die zutiefst japanische Inspiration des Motivs.<\/p>\n<p>Die pr\u00e4zise und ausgewogene Zeichnung hebt die Bewegung des Stoffes, die Feinheit des Gesichts und den dekorativen Reichtum der Kleidung hervor. Jedes Detail des Kimonos, von den Linien des Kragens bis zu den Blumenmustern, erinnert an eine Tradition, die in einem zeitgen\u00f6ssischen grafischen Geist neu interpretiert wird. Diese weibliche Figur scheint aus einer anderen Zeit zu stammen, tr\u00e4gt aber gleichzeitig eine entschieden moderne Energie in sich, als w\u00e4re sie in einem poetischen Moment zwischen zwei Welten eingefroren.<\/p>\n<p>Diese Schablone richtet sich an K\u00fcnstler, die auf der Suche nach einem starken, symbolischen und harmonischen Bild sind. Sie eignet sich sowohl f\u00fcr ein Wandgem\u00e4lde als auch f\u00fcr eine Leinwand, einen Textiltr\u00e4ger oder ein k\u00fcnstlerisches Notizbuch. Ihre suggestive Kraft liegt in dem subtilen Gleichgewicht zwischen Tradition und Moderne, zwischen stiller Pr\u00e4senz und innerer St\u00e4rke.<\/p>\n<p>Inspiriert von den Codes des Manga, aber angereichert mit einer eher klassischen Sensibilit\u00e4t, ist dieser <strong>Schablone Japanerin in Kimono<\/strong> kann eine M\u00e4rchenfigur, eine symbolische Figur oder einfach eine Ikone der japanischen Eleganz verk\u00f6rpern. Sie l\u00e4dt zur Kontemplation und zum grafischen Ausdruck ein und l\u00e4sst dabei viel Interpretationsspielraum. Ein ideales St\u00fcck f\u00fcr alle, die in ihre Kreationen einen Hauch von Anmut, Gelassenheit und zeitgen\u00f6ssischer asiatischer visueller Kultur einflie\u00dfen lassen m\u00f6chten.<\/p>","protected":false},"excerpt":{"rendered":"<p><strong>Schablone Japanerin im Kimono<\/strong>Weibliches Profil in Kimono. Perfekt f\u00fcr Fresken, Leinw\u00e4nde oder Dekorationen. Hohe Qualit\u00e4t, mehrere Gr\u00f6\u00dfen zur Auswahl.<\/p>","protected":false},"featured_media":26715,"comment_status":"open","ping_status":"closed","template":"","meta":{"bwfblock_default_font":"","_kad_blocks_custom_css":"","_kad_blocks_head_custom_js":"","_kad_blocks_body_custom_js":"","_kad_blocks_footer_custom_js":"","_kadence_starter_templates_imported_post":false,"_kad_post_transparent":"default","_kad_post_title":"","_kad_post_layout":"default","_kad_post_sidebar_id":"","_kad_post_content_style":"default","_kad_post_vertical_padding":"default","_kad_post_feature":"","_kad_post_feature_position":"","_kad_post_header":false,"_kad_post_footer":false,"_kad_post_classname":""},"product_brand":[1415],"product_cat":[1522,481,1434,1433,328],"product_tag":[1438,1441,528,1443,1440,994,1439,1523,1436,703,1442,1437,955],"class_list":{"0":"post-26759","1":"product","2":"type-product","3":"status-publish","4":"has-post-thumbnail","6":"product_brand-mes-pochoirs","7":"product_cat-manga-sutenshiru","8":"product_cat-collections","9":"product_cat-pochoirs-manga","10":"product_cat-pochoirs-manga-univers-japonais","11":"product_cat-pochoirs-street-art","12":"product_tag-art-japonais","13":"product_tag-asiatique","14":"product_tag-fille","15":"product_tag-geisha","16":"product_tag-inspiration-asiatique","17":"product_tag-japon","18":"product_tag-japonais","19":"product_tag-kimono","20":"product_tag-manga","21":"product_tag-personnage","22":"product_tag-shojo","23":"product_tag-sutenshiru","24":"product_tag-tradition","26":"first","27":"instock","28":"taxable","29":"shipping-taxable","30":"purchasable","31":"product-type-variable","32":"entry","33":"content-bg","34":"loop-entry"},"taxonomy_info":{"product_brand":[{"value":1415,"label":"Mes Pochoirs"}],"product_cat":[{"value":1522,"label":"Manga Sutenshiru"},{"value":481,"label":"Collections"},{"value":1434,"label":"Manga"},{"value":1433,"label":"Manga &amp; Univers Japonais"},{"value":328,"label":"Street Art"}],"product_tag":[{"value":1438,"label":"art japonais"},{"value":1441,"label":"asiatique"},{"value":528,"label":"fille"},{"value":1443,"label":"geisha"},{"value":1440,"label":"inspiration asiatique"},{"value":994,"label":"japon"},{"value":1439,"label":"Japonais"},{"value":1523,"label":"Kimono"},{"value":1436,"label":"manga"},{"value":703,"label":"personnage"},{"value":1442,"label":"sh\u014djo \""},{"value":1437,"label":"sutenshiru"},{"value":955,"label":"tradition"}]},"featured_image_src_large":["https:\/\/mes-pochoirs.com\/wp-content\/uploads\/2025\/06\/MGS005-pochoir-collection-manga-sutenshiru-copyright-mes-pochoirs-858x1030.jpg",858,1030,true],"author_info":[],"comment_info":6,"_links":{"self":[{"href":"https:\/\/mes-pochoirs.com\/de\/wp-json\/wp\/v2\/product\/26759","targetHints":{"allow":["GET"]}}],"collection":[{"href":"https:\/\/mes-pochoirs.com\/de\/wp-json\/wp\/v2\/product"}],"about":[{"href":"https:\/\/mes-pochoirs.com\/de\/wp-json\/wp\/v2\/types\/product"}],"replies":[{"embeddable":true,"href":"https:\/\/mes-pochoirs.com\/de\/wp-json\/wp\/v2\/comments?post=26759"}],"wp:featuredmedia":[{"embeddable":true,"href":"https:\/\/mes-pochoirs.com\/de\/wp-json\/wp\/v2\/media\/26715"}],"wp:attachment":[{"href":"https:\/\/mes-pochoirs.com\/de\/wp-json\/wp\/v2\/media?parent=26759"}],"wp:term":[{"taxonomy":"product_brand","embeddable":true,"href":"https:\/\/mes-pochoirs.com\/de\/wp-json\/wp\/v2\/product_brand?post=26759"},{"taxonomy":"product_cat","embeddable":true,"href":"https:\/\/mes-pochoirs.com\/de\/wp-json\/wp\/v2\/product_cat?post=26759"},{"taxonomy":"product_tag","embeddable":true,"href":"https:\/\/mes-pochoirs.com\/de\/wp-json\/wp\/v2\/product_tag?post=26759"}],"curies":[{"name":"wp","href":"https:\/\/api.w.org\/{rel}","templated":true}]}}