{"id":26794,"date":"2025-06-25T11:35:23","date_gmt":"2025-06-25T09:35:23","guid":{"rendered":"https:\/\/mes-pochoirs.com\/?post_type=product&#038;p=26794"},"modified":"2025-10-31T12:38:58","modified_gmt":"2025-10-31T11:38:58","slug":"schablone-manga-kind-gebet-mgs007","status":"publish","type":"product","link":"https:\/\/mes-pochoirs.com\/de\/produit\/pochoir-manga-enfant-priere-mgs007","title":{"rendered":"Manga-Schablone - Betendes Kind - MGS007"},"content":{"rendered":"<h2>Manga Schablone Kind Gebet<\/h2>\n<p><strong>Manga Schablone Kind Gebet<\/strong>\u00a0- Dieses eindrucksvolle Modell zeigt ein kleines Kind mit geschlossenen Augen und vor dem Gesicht gefalteten H\u00e4nden in einer betenden oder and\u00e4chtigen Haltung. Das Kind ist mit einer Kapuze mit Ohren dargestellt, was die Unschuld und Z\u00e4rtlichkeit der Figur verst\u00e4rkt und ihr gleichzeitig eine einzigartige und einpr\u00e4gsame Silhouette verleiht.<\/p>\n<p>Diese Schablone zeichnet sich durch die emotionale Intensit\u00e4t ihrer Inszenierung aus. Es f\u00e4ngt einen Moment der inneren Stille ein, einen schwebenden Moment zwischen Zerbrechlichkeit und St\u00e4rke. Das Gesicht ist ruhig, konzentriert, fast losgel\u00f6st von allem, was es umgibt. Diese scheinbare Ruhe vermischt sich mit einer spirituellen oder meditativen Ausdrucksform und bietet je nach dem Werk, in das sie eingebettet ist, eine Vielzahl von Lesarten.<\/p>\n<p>Die Linien des Motivs sind klar, deutlich und ausgewogen. Sie erm\u00f6glichen eine kraftvolle visuelle Interpretation, unabh\u00e4ngig vom verwendeten Medium: Leinwand, Wand, M\u00f6bel, Textilien oder grafische Illustrationen. Es ist ein Bild, das sofort die Aufmerksamkeit auf sich zieht, sowohl wegen seines ber\u00fchrenden Themas als auch wegen der Qualit\u00e4t seiner Komposition.<\/p>\n<p>Diese <strong>Schablone Manga Kind Gebet<\/strong> eignet sich hervorragend f\u00fcr K\u00fcnstler, die eine menschliche, sanfte oder nachdenkliche Note in ihre Arbeit einflie\u00dfen lassen m\u00f6chten. Es passt sowohl zu einer poetischen, engagierten oder symbolischen Welt als auch zu einer eher urbanen oder zeitgen\u00f6ssischen \u00c4sthetik. Das Aussehen des Kindes erinnert sowohl an die Manga-Kultur als auch an Stra\u00dfenwandkunst und introspektive Malerei. Dieses stille, fast heilige Motiv ist eine Einladung zur Kontemplation. Es ber\u00fchrt durch seine Einfachheit ebenso wie durch seine Tiefe. Eine Schablone, die all jene anspricht, die versuchen, rohe Emotionen auszudr\u00fccken, ohne Worte, nur durch die Kraft einer eingefrorenen Geste.<\/p>","protected":false},"excerpt":{"rendered":"<p><strong data-start=\"1174\" data-end=\"1205\">Manga Schablone Kind Gebet<\/strong>Diese Farbe ist perfekt f\u00fcr ein weiches und ausdrucksstarkes Werk. Hohe Qualit\u00e4t, in verschiedenen Gr\u00f6\u00dfen erh\u00e4ltlich, wiederverwendbar, k\u00fcnstlerischer Stil.<\/p>","protected":false},"featured_media":26717,"comment_status":"open","ping_status":"closed","template":"","meta":{"bwfblock_default_font":"","_kad_blocks_custom_css":"","_kad_blocks_head_custom_js":"","_kad_blocks_body_custom_js":"","_kad_blocks_footer_custom_js":"","_kadence_starter_templates_imported_post":false,"_kad_post_transparent":"default","_kad_post_title":"","_kad_post_layout":"default","_kad_post_sidebar_id":"","_kad_post_content_style":"default","_kad_post_vertical_padding":"default","_kad_post_feature":"","_kad_post_feature_position":"","_kad_post_header":false,"_kad_post_footer":false,"_kad_post_classname":""},"product_brand":[1415],"product_cat":[1522,481,1434,1433,328],"product_tag":[611,1438,1441,822,825,1440,994,1439,1436,703,1416,1437],"class_list":{"0":"post-26794","1":"product","2":"type-product","3":"status-publish","4":"has-post-thumbnail","6":"product_brand-mes-pochoirs","7":"product_cat-manga-sutenshiru","8":"product_cat-collections","9":"product_cat-pochoirs-manga","10":"product_cat-pochoirs-manga-univers-japonais","11":"product_cat-pochoirs-street-art","12":"product_tag-anime","13":"product_tag-art-japonais","14":"product_tag-asiatique","15":"product_tag-dessin","16":"product_tag-enfant","17":"product_tag-inspiration-asiatique","18":"product_tag-japon","19":"product_tag-japonais","20":"product_tag-manga","21":"product_tag-personnage","22":"product_tag-priere","23":"product_tag-sutenshiru","25":"first","26":"instock","27":"taxable","28":"shipping-taxable","29":"purchasable","30":"product-type-variable","31":"entry","32":"content-bg","33":"loop-entry"},"taxonomy_info":{"product_brand":[{"value":1415,"label":"Mes Pochoirs"}],"product_cat":[{"value":1522,"label":"Manga Sutenshiru"},{"value":481,"label":"Collections"},{"value":1434,"label":"Manga"},{"value":1433,"label":"Manga &amp; Univers Japonais"},{"value":328,"label":"Street Art"}],"product_tag":[{"value":611,"label":"anim\u00e9"},{"value":1438,"label":"art japonais"},{"value":1441,"label":"asiatique"},{"value":822,"label":"dessin"},{"value":825,"label":"enfant"},{"value":1440,"label":"inspiration asiatique"},{"value":994,"label":"japon"},{"value":1439,"label":"Japonais"},{"value":1436,"label":"manga"},{"value":703,"label":"personnage"},{"value":1416,"label":"pri\u00e8re"},{"value":1437,"label":"sutenshiru"}]},"featured_image_src_large":["https:\/\/mes-pochoirs.com\/wp-content\/uploads\/2025\/06\/MGS007-pochoir-collection-manga-sutenshiru-copyright-mes-pochoirs-858x1030.jpg",858,1030,true],"author_info":[],"comment_info":0,"_links":{"self":[{"href":"https:\/\/mes-pochoirs.com\/de\/wp-json\/wp\/v2\/product\/26794","targetHints":{"allow":["GET"]}}],"collection":[{"href":"https:\/\/mes-pochoirs.com\/de\/wp-json\/wp\/v2\/product"}],"about":[{"href":"https:\/\/mes-pochoirs.com\/de\/wp-json\/wp\/v2\/types\/product"}],"replies":[{"embeddable":true,"href":"https:\/\/mes-pochoirs.com\/de\/wp-json\/wp\/v2\/comments?post=26794"}],"wp:featuredmedia":[{"embeddable":true,"href":"https:\/\/mes-pochoirs.com\/de\/wp-json\/wp\/v2\/media\/26717"}],"wp:attachment":[{"href":"https:\/\/mes-pochoirs.com\/de\/wp-json\/wp\/v2\/media?parent=26794"}],"wp:term":[{"taxonomy":"product_brand","embeddable":true,"href":"https:\/\/mes-pochoirs.com\/de\/wp-json\/wp\/v2\/product_brand?post=26794"},{"taxonomy":"product_cat","embeddable":true,"href":"https:\/\/mes-pochoirs.com\/de\/wp-json\/wp\/v2\/product_cat?post=26794"},{"taxonomy":"product_tag","embeddable":true,"href":"https:\/\/mes-pochoirs.com\/de\/wp-json\/wp\/v2\/product_tag?post=26794"}],"curies":[{"name":"wp","href":"https:\/\/api.w.org\/{rel}","templated":true}]}}